{"id":677,"date":"2023-06-16T14:17:28","date_gmt":"2023-06-16T12:17:28","guid":{"rendered":"https:\/\/relaxmurau.at\/?page_id=677"},"modified":"2023-06-16T15:49:51","modified_gmt":"2023-06-16T13:49:51","slug":"impressum","status":"publish","type":"page","link":"https:\/\/relaxmurau.at\/en\/impresszum\/","title":{"rendered":"Imprint and Terms of Service"},"content":{"rendered":"<div data-elementor-type=\"wp-page\" data-elementor-id=\"677\" class=\"elementor elementor-677\" data-elementor-post-type=\"page\">\n\t\t\t\t<div class=\"elementor-element elementor-element-433d3c9 e-con-full e-flex e-con e-parent\" data-id=\"433d3c9\" data-element_type=\"container\" data-e-type=\"container\">\n\t\t\t\t<div class=\"elementor-element elementor-element-8052f85 elementor-widget elementor-widget-heading\" data-id=\"8052f85\" data-element_type=\"widget\" data-e-type=\"widget\" data-widget_type=\"heading.default\">\n\t\t\t\t<div class=\"elementor-widget-container\">\n\t\t\t\t\t<h1 class=\"elementor-heading-title elementor-size-default\">Imprint and Terms of Service<\/h1>\t\t\t\t<\/div>\n\t\t\t\t<\/div>\n\t\t<div class=\"elementor-element elementor-element-1dda75b e-flex e-con-boxed e-con e-parent\" data-id=\"1dda75b\" data-element_type=\"container\" data-e-type=\"container\">\n\t\t\t\t\t<div class=\"e-con-inner\">\n\t\t\t\t<div class=\"elementor-element elementor-element-abcb4fc elementor-widget elementor-widget-text-editor\" data-id=\"abcb4fc\" data-element_type=\"widget\" data-e-type=\"widget\" data-widget_type=\"text-editor.default\">\n\t\t\t\t<div class=\"elementor-widget-container\">\n\t\t\t\t\t\t\t\t\t<h5>Hotel Relax Resort HRK Management GmbH.<\/h5><p>Kreischberg 2 8861 St. Georgen am Kreischberg<br \/>Tel.: +43 3537 25 002<br \/>E-mail: reservierung@relaxmurau.at<\/p><p>Commercial register number: FN 566648g<br \/>Commercial Register Court: Landesgericht Leoben<br \/>UID: ATU77398978<br \/>Supervisory Authority: District Authority Murau<\/p>\t\t\t\t\t\t\t\t<\/div>\n\t\t\t\t<\/div>\n\t\t\t\t<div class=\"elementor-element elementor-element-098cc01 elementor-widget elementor-widget-heading\" data-id=\"098cc01\" data-element_type=\"widget\" data-e-type=\"widget\" data-widget_type=\"heading.default\">\n\t\t\t\t<div class=\"elementor-widget-container\">\n\t\t\t\t\t<div class=\"elementor-heading-title elementor-size-default\">Errors and misprints reserved.\nWe assume no legal warranty for incorrect information.<\/div>\t\t\t\t<\/div>\n\t\t\t\t<\/div>\n\t\t\t\t<div class=\"elementor-element elementor-element-c074dae elementor-widget-divider--view-line elementor-widget elementor-widget-divider\" data-id=\"c074dae\" data-element_type=\"widget\" data-e-type=\"widget\" data-widget_type=\"divider.default\">\n\t\t\t\t<div class=\"elementor-widget-container\">\n\t\t\t\t\t\t\t<div class=\"elementor-divider\">\n\t\t\t<span class=\"elementor-divider-separator\">\n\t\t\t\t\t\t<\/span>\n\t\t<\/div>\n\t\t\t\t\t\t<\/div>\n\t\t\t\t<\/div>\n\t\t\t\t<div class=\"elementor-element elementor-element-10d3e58 elementor-widget elementor-widget-text-editor\" data-id=\"10d3e58\" data-element_type=\"widget\" data-e-type=\"widget\" data-widget_type=\"text-editor.default\">\n\t\t\t\t<div class=\"elementor-widget-container\">\n\t\t\t\t\t\t\t\t\t<p>- <a href=\"https:\/\/www.wko.at\/branchen\/tourismus-freizeitwirtschaft\/hotellerie\/AGBH_ungarisch.pdf\" target=\"_blank\" rel=\"noopener\">The general terms and conditions of the hotel industry (ABGH) 2006 apply.\nAllgemeinen Gesch\u00e4ftsbedingungen der Hotellerie,  ABGH 2006<\/a> .<\/p><h5>Limitation of liability for internal content<\/h5><p>The content of our website has been compiled with meticulous care and to the best of our knowledge. However, we cannot assume any liability for the up-to-dateness, completeness or accuracy of any of the pages.<\/p><h5>Limitation of liability for external links<\/h5><p>Our website contains links to the websites of third parties (\u201eexternal links\u201c). As the content of these websites is not under our control, we cannot assume any liability for such external content. In all cases, the provider of information of the linked websites is liable for the content and accuracy of the information provided. At the point in time when the links were placed, no infringements of the law were recognizable to us. As soon as an infringement of the law becomes known to us, we will immediately remove the link in question.<\/p><h5>Copyright<\/h5><p>The content and works published on this website are governed by the copyright laws of Austria. Any duplication, processing, distribution or any form of utilization beyond the scope of copyright law shall require the prior written consent of the author or authors in question.<\/p>\t\t\t\t\t\t\t\t<\/div>\n\t\t\t\t<\/div>\n\t\t\t\t\t<\/div>\n\t\t\t\t<\/div>\n\t\t\t\t<\/div>\n\t\t\t\t<\/div>","protected":false},"excerpt":{"rendered":"<p>Hotel Relax Resort HRK Management GmbH. Kreischberg 2 8861 St. Georgen am KreischbergTel.: +43 3537 25 002E-mail: reservierung@relaxmurau.at C\u00e9gjegyz\u00e9ksz\u00e1m: FN 566648gC\u00e9gjegyz\u00e9k ki\u00e1ll\u00edtotta: Landesgericht LeobenUID: ATU77398978Fel\u00fcgyeleti Hat\u00f3s\u00e1g: Bezirkshauptmannschaft Murau Az esetleges hib\u00e1k\u00e9rt, el\u00edr\u00e1sok\u00e9rt felel\u0151ss\u00e9get nem v\u00e1llalunk. A sz\u00e1lloda- \u00e9s vend\u00e9gl\u00e1t\u00f3ipari \u00e1ltal\u00e1nos \u00fczleti felt\u00e9telek (ABGH) 2006 \u00e9rv\u00e9nyesek sz\u00e1llod\u00e1nkra. A honlapunkon felt\u00f6lt\u00f6tt tartalommal kapcsolatos felel\u0151ss\u00e9g v\u00e1llal\u00e1s: Honlapunk tartalm\u00e1t [&hellip;]<\/p>\n","protected":false},"author":4,"featured_media":0,"parent":0,"menu_order":0,"comment_status":"closed","ping_status":"closed","template":"","meta":{"footnotes":""},"class_list":["post-677","page","type-page","status-publish","hentry"],"yoast_head":"<!-- This site is optimized with the Yoast SEO plugin v27.4 - https:\/\/yoast.com\/product\/yoast-seo-wordpress\/ -->\n<title>Impresszum - Relax Resort Kreischberg<\/title>\n<meta name=\"robots\" content=\"index, follow, max-snippet:-1, max-image-preview:large, max-video-preview:-1\" \/>\n<link rel=\"canonical\" href=\"https:\/\/relaxmurau.at\/en\/impressum\/\" \/>\n<meta property=\"og:locale\" content=\"en_GB\" \/>\n<meta property=\"og:type\" content=\"article\" \/>\n<meta property=\"og:title\" content=\"Impresszum - Relax Resort Kreischberg\" \/>\n<meta property=\"og:description\" content=\"Hotel Relax Resort HRK Management GmbH. Kreischberg 2 8861 St. Georgen am KreischbergTel.: +43 3537 25 002E-mail: reservierung@relaxmurau.at C\u00e9gjegyz\u00e9ksz\u00e1m: FN 566648gC\u00e9gjegyz\u00e9k ki\u00e1ll\u00edtotta: Landesgericht LeobenUID: ATU77398978Fel\u00fcgyeleti Hat\u00f3s\u00e1g: Bezirkshauptmannschaft Murau Az esetleges hib\u00e1k\u00e9rt, el\u00edr\u00e1sok\u00e9rt felel\u0151ss\u00e9get nem v\u00e1llalunk. A sz\u00e1lloda- \u00e9s vend\u00e9gl\u00e1t\u00f3ipari \u00e1ltal\u00e1nos \u00fczleti felt\u00e9telek (ABGH) 2006 \u00e9rv\u00e9nyesek sz\u00e1llod\u00e1nkra. A honlapunkon felt\u00f6lt\u00f6tt tartalommal kapcsolatos felel\u0151ss\u00e9g v\u00e1llal\u00e1s: Honlapunk tartalm\u00e1t [&hellip;]\" \/>\n<meta property=\"og:url\" content=\"https:\/\/relaxmurau.at\/en\/impressum\/\" \/>\n<meta property=\"og:site_name\" content=\"Relax Resort Kreischberg\" \/>\n<meta property=\"article:modified_time\" content=\"2023-06-16T13:49:51+00:00\" \/>\n<meta name=\"twitter:card\" content=\"summary_large_image\" \/>\n<meta name=\"twitter:label1\" content=\"Estimated reading time\" \/>\n\t<meta name=\"twitter:data1\" content=\"1 minute\" \/>\n<script type=\"application\/ld+json\" class=\"yoast-schema-graph\">{\"@context\":\"https:\\\/\\\/schema.org\",\"@graph\":[{\"@type\":\"WebPage\",\"@id\":\"https:\\\/\\\/relaxmurau.at\\\/de\\\/impressum-und-agbs\\\/\",\"url\":\"https:\\\/\\\/relaxmurau.at\\\/de\\\/impressum-und-agbs\\\/\",\"name\":\"Impresszum - Relax Resort Kreischberg\",\"isPartOf\":{\"@id\":\"https:\\\/\\\/relaxmurau.at\\\/hu\\\/#website\"},\"datePublished\":\"2023-06-16T12:17:28+00:00\",\"dateModified\":\"2023-06-16T13:49:51+00:00\",\"breadcrumb\":{\"@id\":\"https:\\\/\\\/relaxmurau.at\\\/de\\\/impressum-und-agbs\\\/#breadcrumb\"},\"inLanguage\":\"en-GB\",\"potentialAction\":[{\"@type\":\"ReadAction\",\"target\":[\"https:\\\/\\\/relaxmurau.at\\\/de\\\/impressum-und-agbs\\\/\"]}]},{\"@type\":\"BreadcrumbList\",\"@id\":\"https:\\\/\\\/relaxmurau.at\\\/de\\\/impressum-und-agbs\\\/#breadcrumb\",\"itemListElement\":[{\"@type\":\"ListItem\",\"position\":1,\"name\":\"Kezd\u0151lap\",\"item\":\"https:\\\/\\\/relaxmurau.at\\\/\"},{\"@type\":\"ListItem\",\"position\":2,\"name\":\"Impresszum\"}]},{\"@type\":\"WebSite\",\"@id\":\"https:\\\/\\\/relaxmurau.at\\\/hu\\\/#website\",\"url\":\"https:\\\/\\\/relaxmurau.at\\\/hu\\\/\",\"name\":\"Relax Resort Kreischberg\",\"description\":\"Relax Resort Kreischberg\",\"publisher\":{\"@id\":\"https:\\\/\\\/relaxmurau.at\\\/hu\\\/#organization\"},\"potentialAction\":[{\"@type\":\"SearchAction\",\"target\":{\"@type\":\"EntryPoint\",\"urlTemplate\":\"https:\\\/\\\/relaxmurau.at\\\/hu\\\/?s={search_term_string}\"},\"query-input\":{\"@type\":\"PropertyValueSpecification\",\"valueRequired\":true,\"valueName\":\"search_term_string\"}}],\"inLanguage\":\"en-GB\"},{\"@type\":\"Organization\",\"@id\":\"https:\\\/\\\/relaxmurau.at\\\/hu\\\/#organization\",\"name\":\"Relax Resort Kreischberg\",\"url\":\"https:\\\/\\\/relaxmurau.at\\\/hu\\\/\",\"logo\":{\"@type\":\"ImageObject\",\"inLanguage\":\"en-GB\",\"@id\":\"https:\\\/\\\/relaxmurau.at\\\/hu\\\/#\\\/schema\\\/logo\\\/image\\\/\",\"url\":\"https:\\\/\\\/relaxmurau.at\\\/wp-content\\\/uploads\\\/2023\\\/06\\\/relaxmurau-logo-gold.png\",\"contentUrl\":\"https:\\\/\\\/relaxmurau.at\\\/wp-content\\\/uploads\\\/2023\\\/06\\\/relaxmurau-logo-gold.png\",\"width\":298,\"height\":83,\"caption\":\"Relax Resort Kreischberg\"},\"image\":{\"@id\":\"https:\\\/\\\/relaxmurau.at\\\/hu\\\/#\\\/schema\\\/logo\\\/image\\\/\"}}]}<\/script>\n<!-- \/ Yoast SEO plugin. -->","yoast_head_json":{"title":"Impresszum - Relax Resort Kreischberg","robots":{"index":"index","follow":"follow","max-snippet":"max-snippet:-1","max-image-preview":"max-image-preview:large","max-video-preview":"max-video-preview:-1"},"canonical":"https:\/\/relaxmurau.at\/en\/impressum\/","og_locale":"en_GB","og_type":"article","og_title":"Impresszum - Relax Resort Kreischberg","og_description":"Hotel Relax Resort HRK Management GmbH. Kreischberg 2 8861 St. Georgen am KreischbergTel.: +43 3537 25 002E-mail: reservierung@relaxmurau.at C\u00e9gjegyz\u00e9ksz\u00e1m: FN 566648gC\u00e9gjegyz\u00e9k ki\u00e1ll\u00edtotta: Landesgericht LeobenUID: ATU77398978Fel\u00fcgyeleti Hat\u00f3s\u00e1g: Bezirkshauptmannschaft Murau Az esetleges hib\u00e1k\u00e9rt, el\u00edr\u00e1sok\u00e9rt felel\u0151ss\u00e9get nem v\u00e1llalunk. A sz\u00e1lloda- \u00e9s vend\u00e9gl\u00e1t\u00f3ipari \u00e1ltal\u00e1nos \u00fczleti felt\u00e9telek (ABGH) 2006 \u00e9rv\u00e9nyesek sz\u00e1llod\u00e1nkra. A honlapunkon felt\u00f6lt\u00f6tt tartalommal kapcsolatos felel\u0151ss\u00e9g v\u00e1llal\u00e1s: Honlapunk tartalm\u00e1t [&hellip;]","og_url":"https:\/\/relaxmurau.at\/en\/impressum\/","og_site_name":"Relax Resort Kreischberg","article_modified_time":"2023-06-16T13:49:51+00:00","twitter_card":"summary_large_image","twitter_misc":{"Estimated reading time":"1 minute"},"schema":{"@context":"https:\/\/schema.org","@graph":[{"@type":"WebPage","@id":"https:\/\/relaxmurau.at\/de\/impressum-und-agbs\/","url":"https:\/\/relaxmurau.at\/de\/impressum-und-agbs\/","name":"Impresszum - Relax Resort Kreischberg","isPartOf":{"@id":"https:\/\/relaxmurau.at\/hu\/#website"},"datePublished":"2023-06-16T12:17:28+00:00","dateModified":"2023-06-16T13:49:51+00:00","breadcrumb":{"@id":"https:\/\/relaxmurau.at\/de\/impressum-und-agbs\/#breadcrumb"},"inLanguage":"en-GB","potentialAction":[{"@type":"ReadAction","target":["https:\/\/relaxmurau.at\/de\/impressum-und-agbs\/"]}]},{"@type":"BreadcrumbList","@id":"https:\/\/relaxmurau.at\/de\/impressum-und-agbs\/#breadcrumb","itemListElement":[{"@type":"ListItem","position":1,"name":"Kezd\u0151lap","item":"https:\/\/relaxmurau.at\/"},{"@type":"ListItem","position":2,"name":"Impresszum"}]},{"@type":"WebSite","@id":"https:\/\/relaxmurau.at\/hu\/#website","url":"https:\/\/relaxmurau.at\/hu\/","name":"Relax Resort Kreischberg","description":"Relax Resort Kreischberg","publisher":{"@id":"https:\/\/relaxmurau.at\/hu\/#organization"},"potentialAction":[{"@type":"SearchAction","target":{"@type":"EntryPoint","urlTemplate":"https:\/\/relaxmurau.at\/hu\/?s={search_term_string}"},"query-input":{"@type":"PropertyValueSpecification","valueRequired":true,"valueName":"search_term_string"}}],"inLanguage":"en-GB"},{"@type":"Organization","@id":"https:\/\/relaxmurau.at\/hu\/#organization","name":"Relax Resort Kreischberg","url":"https:\/\/relaxmurau.at\/hu\/","logo":{"@type":"ImageObject","inLanguage":"en-GB","@id":"https:\/\/relaxmurau.at\/hu\/#\/schema\/logo\/image\/","url":"https:\/\/relaxmurau.at\/wp-content\/uploads\/2023\/06\/relaxmurau-logo-gold.png","contentUrl":"https:\/\/relaxmurau.at\/wp-content\/uploads\/2023\/06\/relaxmurau-logo-gold.png","width":298,"height":83,"caption":"Relax Resort Kreischberg"},"image":{"@id":"https:\/\/relaxmurau.at\/hu\/#\/schema\/logo\/image\/"}}]}},"_links":{"self":[{"href":"https:\/\/relaxmurau.at\/en\/wp-json\/wp\/v2\/pages\/677","targetHints":{"allow":["GET"]}}],"collection":[{"href":"https:\/\/relaxmurau.at\/en\/wp-json\/wp\/v2\/pages"}],"about":[{"href":"https:\/\/relaxmurau.at\/en\/wp-json\/wp\/v2\/types\/page"}],"author":[{"embeddable":true,"href":"https:\/\/relaxmurau.at\/en\/wp-json\/wp\/v2\/users\/4"}],"replies":[{"embeddable":true,"href":"https:\/\/relaxmurau.at\/en\/wp-json\/wp\/v2\/comments?post=677"}],"version-history":[{"count":5,"href":"https:\/\/relaxmurau.at\/en\/wp-json\/wp\/v2\/pages\/677\/revisions"}],"predecessor-version":[{"id":717,"href":"https:\/\/relaxmurau.at\/en\/wp-json\/wp\/v2\/pages\/677\/revisions\/717"}],"wp:attachment":[{"href":"https:\/\/relaxmurau.at\/en\/wp-json\/wp\/v2\/media?parent=677"}],"curies":[{"name":"wp","href":"https:\/\/api.w.org\/{rel}","templated":true}]}}