{"id":563,"date":"2023-06-13T14:34:16","date_gmt":"2023-06-13T12:34:16","guid":{"rendered":"https:\/\/relaxmurau.at\/?page_id=563"},"modified":"2023-10-12T10:52:58","modified_gmt":"2023-10-12T08:52:58","slug":"location-and-directions","status":"publish","type":"page","link":"https:\/\/relaxmurau.at\/en\/megkozelithetoseg\/","title":{"rendered":"Location and directions"},"content":{"rendered":"<div data-elementor-type=\"wp-page\" data-elementor-id=\"563\" class=\"elementor elementor-563\" data-elementor-post-type=\"page\">\n\t\t\t\t<div class=\"elementor-element elementor-element-7d4e885 e-con-full e-flex e-con e-parent\" data-id=\"7d4e885\" data-element_type=\"container\" data-e-type=\"container\">\n\t\t\t\t<div class=\"elementor-element elementor-element-d13278f elementor-widget elementor-widget-heading\" data-id=\"d13278f\" data-element_type=\"widget\" data-e-type=\"widget\" data-widget_type=\"heading.default\">\n\t\t\t\t<div class=\"elementor-widget-container\">\n\t\t\t\t\t<h1 class=\"elementor-heading-title elementor-size-default\">Location and directions<\/h1>\t\t\t\t<\/div>\n\t\t\t\t<\/div>\n\t\t\t\t<div class=\"elementor-element elementor-element-bca694b elementor-widget-divider--view-line elementor-widget elementor-widget-divider\" data-id=\"bca694b\" data-element_type=\"widget\" data-e-type=\"widget\" data-widget_type=\"divider.default\">\n\t\t\t\t<div class=\"elementor-widget-container\">\n\t\t\t\t\t\t\t<div class=\"elementor-divider\">\n\t\t\t<span class=\"elementor-divider-separator\">\n\t\t\t\t\t\t<\/span>\n\t\t<\/div>\n\t\t\t\t\t\t<\/div>\n\t\t\t\t<\/div>\n\t\t\t\t<\/div>\n\t\t<div class=\"elementor-element elementor-element-e070cde e-flex e-con-boxed e-con e-parent\" data-id=\"e070cde\" data-element_type=\"container\" data-e-type=\"container\">\n\t\t\t\t\t<div class=\"e-con-inner\">\n\t\t\t\t<div class=\"elementor-element elementor-element-0d6205b elementor-widget elementor-widget-heading\" data-id=\"0d6205b\" data-element_type=\"widget\" data-e-type=\"widget\" data-widget_type=\"heading.default\">\n\t\t\t\t<div class=\"elementor-widget-container\">\n\t\t\t\t\t<h2 class=\"elementor-heading-title elementor-size-default\">Location of the Hotel:<\/h2>\t\t\t\t<\/div>\n\t\t\t\t<\/div>\n\t\t\t\t<div class=\"elementor-element elementor-element-93c1c6c elementor-widget elementor-widget-text-editor\" data-id=\"93c1c6c\" data-element_type=\"widget\" data-e-type=\"widget\" data-widget_type=\"text-editor.default\">\n\t\t\t\t<div class=\"elementor-widget-container\">\n\t\t\t\t\t\t\t\t\t<p>Our Hotel Relax Resort Kreischberg is located in Styria\/Austria, in the region Murau-Kreischberg, directly at the bottom of Kreischberg, just 200 m away from the valley station of the gondola.<br \/>GPS coordinates:  47.0984301, 14.0874716<\/p>\t\t\t\t\t\t\t\t<\/div>\n\t\t\t\t<\/div>\n\t\t\t\t<div class=\"elementor-element elementor-element-8acb6af elementor-widget elementor-widget-html\" data-id=\"8acb6af\" data-element_type=\"widget\" data-e-type=\"widget\" data-widget_type=\"html.default\">\n\t\t\t\t<div class=\"elementor-widget-container\">\n\t\t\t\t\t<iframe src=\"https:\/\/www.google.com\/maps\/embed?pb=!1m18!1m12!1m3!1d425132.49523483706!2d13.775916909685394!3d47.15000769849337!2m3!1f0!2f0!3f0!3m2!1i1024!2i768!4f13.1!3m3!1m2!1s0x4770f90fb6d27bf7%3A0x708ac44e2a2b2714!2sHotel%20Relax%20Resort!5e0!3m2!1sen!2shu!4v1686660709688!5m2!1sen!2shu\" width=\"600\" height=\"450\" style=\"border:0;\" allowfullscreen=\"\" loading=\"lazy\" referrerpolicy=\"no-referrer-when-downgrade\"><\/iframe>\t\t\t\t<\/div>\n\t\t\t\t<\/div>\n\t\t\t\t<div class=\"elementor-element elementor-element-39fd62f elementor-widget elementor-widget-heading\" data-id=\"39fd62f\" data-element_type=\"widget\" data-e-type=\"widget\" data-widget_type=\"heading.default\">\n\t\t\t\t<div class=\"elementor-widget-container\">\n\t\t\t\t\t<h2 class=\"elementor-heading-title elementor-size-default\">By Car:<\/h2>\t\t\t\t<\/div>\n\t\t\t\t<\/div>\n\t\t\t\t<div class=\"elementor-element elementor-element-1692442 elementor-widget elementor-widget-text-editor\" data-id=\"1692442\" data-element_type=\"widget\" data-e-type=\"widget\" data-widget_type=\"text-editor.default\">\n\t\t\t\t<div class=\"elementor-widget-container\">\n\t\t\t\t\t\t\t\t\t<h5>From West Austria, Germany and the Switzerland:<\/h5><p>Drive over Salzburg, the Tauernautobahn to St. Michael im Lungau(Maut), Junction to Tamsweg, to Murau- St. Georgen\/St. Lorenzen<\/p><h5>From Vienna:<\/h5><p>Wien, Semmering, Bruck\/Mur, Judenburg, Scheifling, Murau, to Murau still 7 km till St. Georgen\/St. Lorenzen<\/p><h5>From Graz:<\/h5><p>Direction of St. Michael, A9, Mautstelle, to A1 Ring, Judenburg, Scheifling, Murau, to Murau still 7 km till St. Georgen\/St. Lorenzen<\/p><h5>From Linz:<\/h5><p>Phyrnautobahn, Departure St. Michael in the Direction to Klagenfurt, Judenburg, Scheifling, Murau<\/p><h5>\u206f-<\/h5><p>\u206f-<\/p>\t\t\t\t\t\t\t\t<\/div>\n\t\t\t\t<\/div>\n\t\t\t\t<div class=\"elementor-element elementor-element-32e98dd elementor-widget elementor-widget-heading\" data-id=\"32e98dd\" data-element_type=\"widget\" data-e-type=\"widget\" data-widget_type=\"heading.default\">\n\t\t\t\t<div class=\"elementor-widget-container\">\n\t\t\t\t\t<h2 class=\"elementor-heading-title elementor-size-default\">By train:<\/h2>\t\t\t\t<\/div>\n\t\t\t\t<\/div>\n\t\t\t\t<div class=\"elementor-element elementor-element-f8d3822 elementor-widget elementor-widget-text-editor\" data-id=\"f8d3822\" data-element_type=\"widget\" data-e-type=\"widget\" data-widget_type=\"text-editor.default\">\n\t\t\t\t<div class=\"elementor-widget-container\">\n\t\t\t\t\t\t\t\t\t<p>Over the stations Unzmarkt and St. Michael\/Lungau reachable.\nTimetables and details can be found on the \u00d6BB website: \u00d6BB Timetable<\/p><p>On request we are happy to offer a free shuttle service to and from the\u00a0<span class=\"m_5532585268331781229SpellE\">St.<\/span> Lorenzen ob Murau train station.<\/p>\t\t\t\t\t\t\t\t<\/div>\n\t\t\t\t<\/div>\n\t\t\t\t<div class=\"elementor-element elementor-element-81ebcae elementor-widget elementor-widget-heading\" data-id=\"81ebcae\" data-element_type=\"widget\" data-e-type=\"widget\" data-widget_type=\"heading.default\">\n\t\t\t\t<div class=\"elementor-widget-container\">\n\t\t\t\t\t<h2 class=\"elementor-heading-title elementor-size-default\">By Plane:<\/h2>\t\t\t\t<\/div>\n\t\t\t\t<\/div>\n\t\t\t\t<div class=\"elementor-element elementor-element-53c4ed2 elementor-widget elementor-widget-text-editor\" data-id=\"53c4ed2\" data-element_type=\"widget\" data-e-type=\"widget\" data-widget_type=\"text-editor.default\">\n\t\t\t\t<div class=\"elementor-widget-container\">\n\t\t\t\t\t\t\t\t\t<p>Distance to the nearest airports:<\/p><ul><li>Salzburg 155 km<\/li><li>Wien-Schwechat 268 km<\/li><li>Graz 146 km<\/li><li>Klagenfurt 96 km<\/li><\/ul><p><br \/>For a fee, we offer our guests an airport-train station transfer from and to the Hotel Relax Resort Kreischberg.<\/p>\t\t\t\t\t\t\t\t<\/div>\n\t\t\t\t<\/div>\n\t\t\t\t\t<\/div>\n\t\t\t\t<\/div>\n\t\t\t\t<\/div>","protected":false},"excerpt":{"rendered":"<p>A sz\u00e1lloda fekv\u00e9se A Hotel Relax Resort Kreischberg St\u00e1jerorsz\u00e1gban \/ Ausztri\u00e1ban, a Murau-Kreischberg r\u00e9gi\u00f3ban tal\u00e1lhat\u00f3, k\u00f6zvetlen\u00fcl a Kreischberg l\u00e1b\u00e1n\u00e1l, mind\u00f6ssze 200 m\u00e9terre a s\u00edlift v\u00f6lgy\u00e1llom\u00e1s\u00e1t\u00f3l.GPS Koordin\u00e1t\u00e1k: 47.0984301, 14.0874716 Megk\u00f6zel\u00edt\u00e9s aut\u00f3val Nyugat-Ausztria, N\u00e9metorsz\u00e1g \u00e9s Sv\u00e1jc ir\u00e1ny\u00e1b\u00f3l: Salzburgon \u00e1t a Tauern-aut\u00f3p\u00e1ly\u00e1n St. Michael-i le\u00e1gaz\u00e1sig, lefordulni Tamsweg fel\u00e9, Murau ir\u00e1ny\u00e1ba, St. Georgen Budapestr\u0151l: Az M1 aut\u00f3p\u00e1ly\u00e1n kereszt\u00fcl B\u00e9cs, [&hellip;]<\/p>\n","protected":false},"author":4,"featured_media":0,"parent":0,"menu_order":0,"comment_status":"closed","ping_status":"closed","template":"","meta":{"footnotes":""},"class_list":["post-563","page","type-page","status-publish","hentry"],"yoast_head":"<!-- This site is optimized with the Yoast SEO plugin v27.4 - https:\/\/yoast.com\/product\/yoast-seo-wordpress\/ -->\n<title>Megk\u00f6zel\u00edthet\u0151s\u00e9g - Relax Resort Kreischberg<\/title>\n<meta name=\"robots\" content=\"index, follow, max-snippet:-1, max-image-preview:large, max-video-preview:-1\" \/>\n<link rel=\"canonical\" href=\"https:\/\/relaxmurau.at\/en\/location-and-directions\/\" \/>\n<meta property=\"og:locale\" content=\"en_GB\" \/>\n<meta property=\"og:type\" content=\"article\" \/>\n<meta property=\"og:title\" content=\"Megk\u00f6zel\u00edthet\u0151s\u00e9g - Relax Resort Kreischberg\" \/>\n<meta property=\"og:description\" content=\"A sz\u00e1lloda fekv\u00e9se A Hotel Relax Resort Kreischberg St\u00e1jerorsz\u00e1gban \/ Ausztri\u00e1ban, a Murau-Kreischberg r\u00e9gi\u00f3ban tal\u00e1lhat\u00f3, k\u00f6zvetlen\u00fcl a Kreischberg l\u00e1b\u00e1n\u00e1l, mind\u00f6ssze 200 m\u00e9terre a s\u00edlift v\u00f6lgy\u00e1llom\u00e1s\u00e1t\u00f3l.GPS Koordin\u00e1t\u00e1k: 47.0984301, 14.0874716 Megk\u00f6zel\u00edt\u00e9s aut\u00f3val Nyugat-Ausztria, N\u00e9metorsz\u00e1g \u00e9s Sv\u00e1jc ir\u00e1ny\u00e1b\u00f3l: Salzburgon \u00e1t a Tauern-aut\u00f3p\u00e1ly\u00e1n St. Michael-i le\u00e1gaz\u00e1sig, lefordulni Tamsweg fel\u00e9, Murau ir\u00e1ny\u00e1ba, St. Georgen Budapestr\u0151l: Az M1 aut\u00f3p\u00e1ly\u00e1n kereszt\u00fcl B\u00e9cs, [&hellip;]\" \/>\n<meta property=\"og:url\" content=\"https:\/\/relaxmurau.at\/en\/location-and-directions\/\" \/>\n<meta property=\"og:site_name\" content=\"Relax Resort Kreischberg\" \/>\n<meta property=\"article:modified_time\" content=\"2023-10-12T08:52:58+00:00\" \/>\n<meta name=\"twitter:card\" content=\"summary_large_image\" \/>\n<meta name=\"twitter:label1\" content=\"Estimated reading time\" \/>\n\t<meta name=\"twitter:data1\" content=\"1 minute\" \/>\n<script type=\"application\/ld+json\" class=\"yoast-schema-graph\">{\"@context\":\"https:\\\/\\\/schema.org\",\"@graph\":[{\"@type\":\"WebPage\",\"@id\":\"https:\\\/\\\/relaxmurau.at\\\/en\\\/location-and-directions\\\/\",\"url\":\"https:\\\/\\\/relaxmurau.at\\\/en\\\/location-and-directions\\\/\",\"name\":\"Megk\u00f6zel\u00edthet\u0151s\u00e9g - Relax Resort Kreischberg\",\"isPartOf\":{\"@id\":\"https:\\\/\\\/relaxmurau.at\\\/hu\\\/#website\"},\"datePublished\":\"2023-06-13T12:34:16+00:00\",\"dateModified\":\"2023-10-12T08:52:58+00:00\",\"breadcrumb\":{\"@id\":\"https:\\\/\\\/relaxmurau.at\\\/en\\\/location-and-directions\\\/#breadcrumb\"},\"inLanguage\":\"en-GB\",\"potentialAction\":[{\"@type\":\"ReadAction\",\"target\":[\"https:\\\/\\\/relaxmurau.at\\\/en\\\/location-and-directions\\\/\"]}]},{\"@type\":\"BreadcrumbList\",\"@id\":\"https:\\\/\\\/relaxmurau.at\\\/en\\\/location-and-directions\\\/#breadcrumb\",\"itemListElement\":[{\"@type\":\"ListItem\",\"position\":1,\"name\":\"Kezd\u0151lap\",\"item\":\"https:\\\/\\\/relaxmurau.at\\\/\"},{\"@type\":\"ListItem\",\"position\":2,\"name\":\"Megk\u00f6zel\u00edthet\u0151s\u00e9g\"}]},{\"@type\":\"WebSite\",\"@id\":\"https:\\\/\\\/relaxmurau.at\\\/hu\\\/#website\",\"url\":\"https:\\\/\\\/relaxmurau.at\\\/hu\\\/\",\"name\":\"Relax Resort Kreischberg\",\"description\":\"Relax Resort Kreischberg\",\"publisher\":{\"@id\":\"https:\\\/\\\/relaxmurau.at\\\/hu\\\/#organization\"},\"potentialAction\":[{\"@type\":\"SearchAction\",\"target\":{\"@type\":\"EntryPoint\",\"urlTemplate\":\"https:\\\/\\\/relaxmurau.at\\\/hu\\\/?s={search_term_string}\"},\"query-input\":{\"@type\":\"PropertyValueSpecification\",\"valueRequired\":true,\"valueName\":\"search_term_string\"}}],\"inLanguage\":\"en-GB\"},{\"@type\":\"Organization\",\"@id\":\"https:\\\/\\\/relaxmurau.at\\\/hu\\\/#organization\",\"name\":\"Relax Resort Kreischberg\",\"url\":\"https:\\\/\\\/relaxmurau.at\\\/hu\\\/\",\"logo\":{\"@type\":\"ImageObject\",\"inLanguage\":\"en-GB\",\"@id\":\"https:\\\/\\\/relaxmurau.at\\\/hu\\\/#\\\/schema\\\/logo\\\/image\\\/\",\"url\":\"https:\\\/\\\/relaxmurau.at\\\/wp-content\\\/uploads\\\/2023\\\/06\\\/relaxmurau-logo-gold.png\",\"contentUrl\":\"https:\\\/\\\/relaxmurau.at\\\/wp-content\\\/uploads\\\/2023\\\/06\\\/relaxmurau-logo-gold.png\",\"width\":298,\"height\":83,\"caption\":\"Relax Resort Kreischberg\"},\"image\":{\"@id\":\"https:\\\/\\\/relaxmurau.at\\\/hu\\\/#\\\/schema\\\/logo\\\/image\\\/\"}}]}<\/script>\n<!-- \/ Yoast SEO plugin. -->","yoast_head_json":{"title":"Megk\u00f6zel\u00edthet\u0151s\u00e9g - Relax Resort Kreischberg","robots":{"index":"index","follow":"follow","max-snippet":"max-snippet:-1","max-image-preview":"max-image-preview:large","max-video-preview":"max-video-preview:-1"},"canonical":"https:\/\/relaxmurau.at\/en\/location-and-directions\/","og_locale":"en_GB","og_type":"article","og_title":"Megk\u00f6zel\u00edthet\u0151s\u00e9g - Relax Resort Kreischberg","og_description":"A sz\u00e1lloda fekv\u00e9se A Hotel Relax Resort Kreischberg St\u00e1jerorsz\u00e1gban \/ Ausztri\u00e1ban, a Murau-Kreischberg r\u00e9gi\u00f3ban tal\u00e1lhat\u00f3, k\u00f6zvetlen\u00fcl a Kreischberg l\u00e1b\u00e1n\u00e1l, mind\u00f6ssze 200 m\u00e9terre a s\u00edlift v\u00f6lgy\u00e1llom\u00e1s\u00e1t\u00f3l.GPS Koordin\u00e1t\u00e1k: 47.0984301, 14.0874716 Megk\u00f6zel\u00edt\u00e9s aut\u00f3val Nyugat-Ausztria, N\u00e9metorsz\u00e1g \u00e9s Sv\u00e1jc ir\u00e1ny\u00e1b\u00f3l: Salzburgon \u00e1t a Tauern-aut\u00f3p\u00e1ly\u00e1n St. Michael-i le\u00e1gaz\u00e1sig, lefordulni Tamsweg fel\u00e9, Murau ir\u00e1ny\u00e1ba, St. Georgen Budapestr\u0151l: Az M1 aut\u00f3p\u00e1ly\u00e1n kereszt\u00fcl B\u00e9cs, [&hellip;]","og_url":"https:\/\/relaxmurau.at\/en\/location-and-directions\/","og_site_name":"Relax Resort Kreischberg","article_modified_time":"2023-10-12T08:52:58+00:00","twitter_card":"summary_large_image","twitter_misc":{"Estimated reading time":"1 minute"},"schema":{"@context":"https:\/\/schema.org","@graph":[{"@type":"WebPage","@id":"https:\/\/relaxmurau.at\/en\/location-and-directions\/","url":"https:\/\/relaxmurau.at\/en\/location-and-directions\/","name":"Megk\u00f6zel\u00edthet\u0151s\u00e9g - Relax Resort Kreischberg","isPartOf":{"@id":"https:\/\/relaxmurau.at\/hu\/#website"},"datePublished":"2023-06-13T12:34:16+00:00","dateModified":"2023-10-12T08:52:58+00:00","breadcrumb":{"@id":"https:\/\/relaxmurau.at\/en\/location-and-directions\/#breadcrumb"},"inLanguage":"en-GB","potentialAction":[{"@type":"ReadAction","target":["https:\/\/relaxmurau.at\/en\/location-and-directions\/"]}]},{"@type":"BreadcrumbList","@id":"https:\/\/relaxmurau.at\/en\/location-and-directions\/#breadcrumb","itemListElement":[{"@type":"ListItem","position":1,"name":"Kezd\u0151lap","item":"https:\/\/relaxmurau.at\/"},{"@type":"ListItem","position":2,"name":"Megk\u00f6zel\u00edthet\u0151s\u00e9g"}]},{"@type":"WebSite","@id":"https:\/\/relaxmurau.at\/hu\/#website","url":"https:\/\/relaxmurau.at\/hu\/","name":"Relax Resort Kreischberg","description":"Relax Resort Kreischberg","publisher":{"@id":"https:\/\/relaxmurau.at\/hu\/#organization"},"potentialAction":[{"@type":"SearchAction","target":{"@type":"EntryPoint","urlTemplate":"https:\/\/relaxmurau.at\/hu\/?s={search_term_string}"},"query-input":{"@type":"PropertyValueSpecification","valueRequired":true,"valueName":"search_term_string"}}],"inLanguage":"en-GB"},{"@type":"Organization","@id":"https:\/\/relaxmurau.at\/hu\/#organization","name":"Relax Resort Kreischberg","url":"https:\/\/relaxmurau.at\/hu\/","logo":{"@type":"ImageObject","inLanguage":"en-GB","@id":"https:\/\/relaxmurau.at\/hu\/#\/schema\/logo\/image\/","url":"https:\/\/relaxmurau.at\/wp-content\/uploads\/2023\/06\/relaxmurau-logo-gold.png","contentUrl":"https:\/\/relaxmurau.at\/wp-content\/uploads\/2023\/06\/relaxmurau-logo-gold.png","width":298,"height":83,"caption":"Relax Resort Kreischberg"},"image":{"@id":"https:\/\/relaxmurau.at\/hu\/#\/schema\/logo\/image\/"}}]}},"_links":{"self":[{"href":"https:\/\/relaxmurau.at\/en\/wp-json\/wp\/v2\/pages\/563","targetHints":{"allow":["GET"]}}],"collection":[{"href":"https:\/\/relaxmurau.at\/en\/wp-json\/wp\/v2\/pages"}],"about":[{"href":"https:\/\/relaxmurau.at\/en\/wp-json\/wp\/v2\/types\/page"}],"author":[{"embeddable":true,"href":"https:\/\/relaxmurau.at\/en\/wp-json\/wp\/v2\/users\/4"}],"replies":[{"embeddable":true,"href":"https:\/\/relaxmurau.at\/en\/wp-json\/wp\/v2\/comments?post=563"}],"version-history":[{"count":5,"href":"https:\/\/relaxmurau.at\/en\/wp-json\/wp\/v2\/pages\/563\/revisions"}],"predecessor-version":[{"id":2390,"href":"https:\/\/relaxmurau.at\/en\/wp-json\/wp\/v2\/pages\/563\/revisions\/2390"}],"wp:attachment":[{"href":"https:\/\/relaxmurau.at\/en\/wp-json\/wp\/v2\/media?parent=563"}],"curies":[{"name":"wp","href":"https:\/\/api.w.org\/{rel}","templated":true}]}}