{"id":2754,"date":"2024-02-05T12:40:16","date_gmt":"2024-02-05T11:40:16","guid":{"rendered":"https:\/\/relaxmurau.at\/?page_id=2754"},"modified":"2026-03-11T11:32:49","modified_gmt":"2026-03-11T10:32:49","slug":"sielj-napsutesben","status":"publish","type":"page","link":"https:\/\/relaxmurau.at\/en\/ajanlataink\/sielj-napsutesben\/","title":{"rendered":"Ski in the sunshine"},"content":{"rendered":"<div data-elementor-type=\"wp-page\" data-elementor-id=\"2754\" class=\"elementor elementor-2754\" data-elementor-post-type=\"page\">\n\t\t\t\t<div class=\"elementor-element elementor-element-504ed5a e-con-full e-flex e-con e-parent\" data-id=\"504ed5a\" data-element_type=\"container\" data-e-type=\"container\">\n\t\t<div class=\"elementor-element elementor-element-f474094 e-con-full e-flex e-con e-child\" data-id=\"f474094\" data-element_type=\"container\" data-e-type=\"container\" data-settings=\"{&quot;background_background&quot;:&quot;classic&quot;}\">\n\t\t\t\t<div class=\"elementor-element elementor-element-2148251 elementor-widget elementor-widget-image\" data-id=\"2148251\" data-element_type=\"widget\" data-e-type=\"widget\" data-widget_type=\"image.default\">\n\t\t\t\t<div class=\"elementor-widget-container\">\n\t\t\t\t\t\t\t\t\t\t\t\t\t\t\t<img loading=\"lazy\" decoding=\"async\" width=\"800\" height=\"800\" src=\"https:\/\/relaxmurau.at\/wp-content\/uploads\/2024\/02\/sieljnapsutesben-1024x1024.jpg\" class=\"attachment-large size-large wp-image-2762\" alt=\"\" srcset=\"https:\/\/relaxmurau.at\/wp-content\/uploads\/2024\/02\/sieljnapsutesben-1024x1024.jpg 1024w, https:\/\/relaxmurau.at\/wp-content\/uploads\/2024\/02\/sieljnapsutesben-300x300.jpg 300w, https:\/\/relaxmurau.at\/wp-content\/uploads\/2024\/02\/sieljnapsutesben-150x150.jpg 150w, https:\/\/relaxmurau.at\/wp-content\/uploads\/2024\/02\/sieljnapsutesben-768x768.jpg 768w, https:\/\/relaxmurau.at\/wp-content\/uploads\/2024\/02\/sieljnapsutesben-12x12.jpg 12w, https:\/\/relaxmurau.at\/wp-content\/uploads\/2024\/02\/sieljnapsutesben.jpg 1200w\" sizes=\"auto, (max-width: 800px) 100vw, 800px\" \/>\t\t\t\t\t\t\t\t\t\t\t\t\t\t\t<\/div>\n\t\t\t\t<\/div>\n\t\t\t\t<\/div>\n\t\t<div class=\"elementor-element elementor-element-45cb386 e-con-full e-flex e-con e-child\" data-id=\"45cb386\" data-element_type=\"container\" data-e-type=\"container\">\n\t\t\t\t<div class=\"elementor-element elementor-element-3766e4a elementor-widget elementor-widget-heading\" data-id=\"3766e4a\" data-element_type=\"widget\" data-e-type=\"widget\" data-widget_type=\"heading.default\">\n\t\t\t\t<div class=\"elementor-widget-container\">\n\t\t\t\t\t<h2 class=\"elementor-heading-title elementor-size-default\">Ski in the sunshine<\/h2>\t\t\t\t<\/div>\n\t\t\t\t<\/div>\n\t\t\t\t<div class=\"elementor-element elementor-element-cbd20f7 elementor-widget elementor-widget-text-editor\" data-id=\"cbd20f7\" data-element_type=\"widget\" data-e-type=\"widget\" data-widget_type=\"text-editor.default\">\n\t\t\t\t<div class=\"elementor-widget-container\">\n\t\t\t\t\t\t\t\t\t<p><b>10% discount<\/b><\/p><p><strong>Minimum 3 nights<\/strong><\/p><p><strong>Valid: 1 March 2026 \u2013 6 April 2026<\/strong><\/p><p>The package contains the following serives:<\/p><ul><li>Accomodation in the selected room type<\/li><li>Buffet breakfast<\/li><li>Half board dinner with wide selection<\/li><\/ul>\t\t\t\t\t\t\t\t<\/div>\n\t\t\t\t<\/div>\n\t\t\t\t<div class=\"elementor-element elementor-element-d3a49a5 elementor-widget elementor-widget-accordion\" data-id=\"d3a49a5\" data-element_type=\"widget\" data-e-type=\"widget\" data-widget_type=\"accordion.default\">\n\t\t\t\t<div class=\"elementor-widget-container\">\n\t\t\t\t\t\t\t<div class=\"elementor-accordion\">\n\t\t\t\t\t\t\t<div class=\"elementor-accordion-item\">\n\t\t\t\t\t<div id=\"elementor-tab-title-2211\" class=\"elementor-tab-title\" data-tab=\"1\" role=\"button\" aria-controls=\"elementor-tab-content-2211\" aria-expanded=\"false\">\n\t\t\t\t\t\t\t\t\t\t\t\t\t<span class=\"elementor-accordion-icon elementor-accordion-icon-left\" aria-hidden=\"true\">\n\t\t\t\t\t\t\t\t\t\t\t\t\t\t\t<span class=\"elementor-accordion-icon-closed\"><i class=\"fas fa-plus\"><\/i><\/span>\n\t\t\t\t\t\t\t\t<span class=\"elementor-accordion-icon-opened\"><i class=\"fas fa-minus\"><\/i><\/span>\n\t\t\t\t\t\t\t\t\t\t\t\t\t\t<\/span>\n\t\t\t\t\t\t\t\t\t\t\t\t<a class=\"elementor-accordion-title\" tabindex=\"0\">Package extra:<\/a>\n\t\t\t\t\t<\/div>\n\t\t\t\t\t<div id=\"elementor-tab-content-2211\" class=\"elementor-tab-content elementor-clearfix\" data-tab=\"1\" role=\"region\" aria-labelledby=\"elementor-tab-title-2211\"><ul><li>10% discount at SULI ski rental<\/li><li>* SULI ski rental's opening hours adapt to the needs\/arrivals of our guests<\/li><li>As part of the MAYER Ski School, ski lessons can be booked between 6:00 PM and 7:00 PM in the RELAX lobby, where a ski instructor is also personally available.<\/li><li><strong>The ski pass can be ordered online through the reception.<\/strong><\/li><li>42 km ski slope right next to the hotel*<\/li><li>Unlimited use of the panoramic wellness oasis<\/li><li>Free lockable, heated ski locker. With a deposit of 20 EUR.<\/li><li>Use of bathrobe and towels<\/li><li>Free parking<\/li><li>Free WI-FI<\/li><li>VAT included<\/li><\/ul><\/div>\n\t\t\t\t<\/div>\n\t\t\t\t\t\t\t\t<\/div>\n\t\t\t\t\t\t<\/div>\n\t\t\t\t<\/div>\n\t\t<div class=\"elementor-element elementor-element-c3fba7b e-con-full e-flex e-con e-child\" data-id=\"c3fba7b\" data-element_type=\"container\" data-e-type=\"container\">\n\t\t\t\t<div class=\"elementor-element elementor-element-b96bda8 elementor-align-center elementor-widget elementor-widget-button\" data-id=\"b96bda8\" data-element_type=\"widget\" data-e-type=\"widget\" data-widget_type=\"button.default\">\n\t\t\t\t<div class=\"elementor-widget-container\">\n\t\t\t\t\t\t\t\t\t<div class=\"elementor-button-wrapper\">\n\t\t\t\t\t<a class=\"elementor-button elementor-button-link elementor-size-sm\" href=\"https:\/\/relaxmurau.at\/en\/foglalas\/\">\n\t\t\t\t\t\t<span class=\"elementor-button-content-wrapper\">\n\t\t\t\t\t\t\t\t\t<span class=\"elementor-button-text\">book a room<\/span>\n\t\t\t\t\t<\/span>\n\t\t\t\t\t<\/a>\n\t\t\t\t<\/div>\n\t\t\t\t\t\t\t\t<\/div>\n\t\t\t\t<\/div>\n\t\t\t\t<div class=\"elementor-element elementor-element-93cb8d6 elementor-align-left elementor-widget elementor-widget-button\" data-id=\"93cb8d6\" data-element_type=\"widget\" data-e-type=\"widget\" data-widget_type=\"button.default\">\n\t\t\t\t<div class=\"elementor-widget-container\">\n\t\t\t\t\t\t\t\t\t<div class=\"elementor-button-wrapper\">\n\t\t\t\t\t<a class=\"elementor-button elementor-button-link elementor-size-sm\" href=\"#elementor-action%3Aaction%3Dpopup%3Aopen%26settings%3DeyJpZCI6IjMwNyIsInRvZ2dsZSI6ZmFsc2V9\">\n\t\t\t\t\t\t<span class=\"elementor-button-content-wrapper\">\n\t\t\t\t\t\t<span class=\"elementor-button-icon\">\n\t\t\t\t<svg xmlns=\"http:\/\/www.w3.org\/2000\/svg\" width=\"16\" height=\"16\" viewbox=\"0 0 16 16\" fill=\"none\"><circle cx=\"8\" cy=\"8\" r=\"6.5\" stroke=\"black\" stroke-opacity=\"0.54\"><\/circle><path d=\"M7 4.93204C7 4.64725 7.09061 4.42071 7.27184 4.25243C7.46602 4.08414 7.71197 4 8.00971 4C8.30744 4 8.54693 4.08414 8.72816 4.25243C8.90939 4.42071 9 4.64725 9 4.93204C9 5.20388 8.90939 5.42395 8.72816 5.59223C8.54693 5.76052 8.30744 5.84466 8.00971 5.84466C7.71197 5.84466 7.46602 5.76052 7.27184 5.59223C7.09061 5.42395 7 5.20388 7 4.93204ZM8.68932 7V12H7.31068V7H8.68932Z\" fill=\"black\" fill-opacity=\"0.54\"><\/path><\/svg>\t\t\t<\/span>\n\t\t\t\t\t\t\t\t\t<span class=\"elementor-button-text\">booking conditions<\/span>\n\t\t\t\t\t<\/span>\n\t\t\t\t\t<\/a>\n\t\t\t\t<\/div>\n\t\t\t\t\t\t\t\t<\/div>\n\t\t\t\t<\/div>\n\t\t\t\t<\/div>\n\t\t\t\t<\/div>\n\t\t\t\t<\/div>\n\t\t\t\t<\/div>","protected":false},"excerpt":{"rendered":"<p>10% kedvezm\u00e9ny Minimum 3 \u00e9jszaka \u00c9rv\u00e9nyes: 2026.03.01-04.06. Kedvezm\u00e9nyes aj\u00e1nlatunk az al\u00e1bbi szolg\u00e1ltat\u00e1sokat tartalmazza: Sz\u00e1ll\u00e1s, a kiv\u00e1lasztott szobat\u00edpusban B\u0151s\u00e9ges b\u00fcf\u00e9reggeli F\u00e9lpanzi\u00f3s vacsora sz\u00e9les v\u00e1laszt\u00e9kkal Csomag extra: 10% kedvezm\u00e9ny a SULI s\u00edk\u00f6lcs\u00f6nz\u0151ben * A SULI s\u00edk\u00f6lcs\u00f6nz\u0151 nyitvatart\u00e1sa alkalmazkodik vend\u00e9geink ig\u00e9nyeihez\/ \u00e9rkez\u00e9s\u00e9hez A MAYER S\u00ediskola keret\u00e9ben 18:00 \u00e9s 19:00 \u00f3ra k\u00f6z\u00f6tt a RELAX lobbyban van lehet\u0151s\u00e9g s\u00ed\u00f3r\u00e1k foglal\u00e1s\u00e1ra, [&hellip;]<\/p>\n","protected":false},"author":4,"featured_media":2762,"parent":274,"menu_order":0,"comment_status":"closed","ping_status":"closed","template":"","meta":{"footnotes":""},"class_list":["post-2754","page","type-page","status-publish","has-post-thumbnail","hentry"],"yoast_head":"<!-- This site is optimized with the Yoast SEO plugin v27.4 - https:\/\/yoast.com\/product\/yoast-seo-wordpress\/ -->\n<title>S\u00edelj naps\u00fct\u00e9sben! - Relax Resort Kreischberg<\/title>\n<meta name=\"description\" content=\"S\u00edelj naps\u00fct\u00e9sben!10% kedvezm\u00e9nyMinimum 3 \u00e9jszaka\u00c9rv\u00e9nyes: 2026.03.01-04.06.Kedvezm\u00e9nyes aj\u00e1nlatunk az al\u00e1bbi szolg\u00e1ltat\u00e1sokat tartalmazza:Sz\u00e1ll\u00e1s, a kiv\u00e1lasztott szobat\u00edpusbanB\u0151s\u00e9ges b\u00fcf\u00e9reggeliF\u00e9lpanzi\u00f3s vacsora sz\u00e9les v\u00e1laszt\u00e9kkalCsomag extra:10% kedvezm\u00e9ny a SULI s\u00edk\u00f6lcs\u00f6nz\u0151ben* A SULI s\u00edk\u00f6lcs\u00f6nz\u0151 nyitvatart\u00e1sa alkalmazkodik vend\u00e9geink ig\u00e9nyeihez\/ \u00e9rkez\u00e9s\u00e9hezA MAYER S\u00ediskola keret\u00e9ben 18:00 \u00e9s 19:00 \u00f3ra k\u00f6z\u00f6tt a RELAX lobbyban van lehet\u0151s\u00e9g s\u00ed\u00f3r\u00e1k foglal\u00e1s\u00e1ra, ahol s\u00edoktat\u00f3 szem\u00e9lyesen is rendelkez\u00e9sre \u00e1ll.A s\u00edb\u00e9rlet online megvehet\u0151 vagy megrendelhet\u0151 a recepci\u00f3n kereszt\u00fcl42 km hossz\u00fa s\u00edp\u00e1lya a sz\u00e1lloda k\u00f6zvetlen k\u00f6zel\u00e9ben*Wellness korl\u00e1tlan haszn\u00e1lataIngyenes z\u00e1rhat\u00f3, f\u0171t\u00f6tt s\u00edt\u00e1rol\u00f3 szekr\u00e9ny (20 EUR deposit ellen\u00e9ben)F\u00fcrd\u0151k\u00f6peny \u00e9s t\u00f6r\u00f6lk\u00f6z\u0151 bek\u00e9sz\u00edt\u00e9s a szob\u00e1baIngyenes parkol\u00e1sIngyenes Wi-Fi haszn\u00e1lat\u00c1ltal\u00e1nos forgalmi ad\u00f3\" \/>\n<meta name=\"robots\" content=\"index, follow, max-snippet:-1, max-image-preview:large, max-video-preview:-1\" \/>\n<link rel=\"canonical\" href=\"https:\/\/relaxmurau.at\/en\/offers\/sielj-napsutesben\/\" \/>\n<meta property=\"og:locale\" content=\"en_GB\" \/>\n<meta property=\"og:type\" content=\"article\" \/>\n<meta property=\"og:title\" content=\"S\u00edelj naps\u00fct\u00e9sben! - Relax Resort Kreischberg\" \/>\n<meta property=\"og:description\" content=\"S\u00edelj naps\u00fct\u00e9sben!10% kedvezm\u00e9nyMinimum 3 \u00e9jszaka\u00c9rv\u00e9nyes: 2026.03.01-04.06.Kedvezm\u00e9nyes aj\u00e1nlatunk az al\u00e1bbi szolg\u00e1ltat\u00e1sokat tartalmazza:Sz\u00e1ll\u00e1s, a kiv\u00e1lasztott szobat\u00edpusbanB\u0151s\u00e9ges b\u00fcf\u00e9reggeliF\u00e9lpanzi\u00f3s vacsora sz\u00e9les v\u00e1laszt\u00e9kkalCsomag extra:10% kedvezm\u00e9ny a SULI s\u00edk\u00f6lcs\u00f6nz\u0151ben* A SULI s\u00edk\u00f6lcs\u00f6nz\u0151 nyitvatart\u00e1sa alkalmazkodik vend\u00e9geink ig\u00e9nyeihez\/ \u00e9rkez\u00e9s\u00e9hezA MAYER S\u00ediskola keret\u00e9ben 18:00 \u00e9s 19:00 \u00f3ra k\u00f6z\u00f6tt a RELAX lobbyban van lehet\u0151s\u00e9g s\u00ed\u00f3r\u00e1k foglal\u00e1s\u00e1ra, ahol s\u00edoktat\u00f3 szem\u00e9lyesen is rendelkez\u00e9sre \u00e1ll.A s\u00edb\u00e9rlet online megvehet\u0151 vagy megrendelhet\u0151 a recepci\u00f3n kereszt\u00fcl42 km hossz\u00fa s\u00edp\u00e1lya a sz\u00e1lloda k\u00f6zvetlen k\u00f6zel\u00e9ben*Wellness korl\u00e1tlan haszn\u00e1lataIngyenes z\u00e1rhat\u00f3, f\u0171t\u00f6tt s\u00edt\u00e1rol\u00f3 szekr\u00e9ny (20 EUR deposit ellen\u00e9ben)F\u00fcrd\u0151k\u00f6peny \u00e9s t\u00f6r\u00f6lk\u00f6z\u0151 bek\u00e9sz\u00edt\u00e9s a szob\u00e1baIngyenes parkol\u00e1sIngyenes Wi-Fi haszn\u00e1lat\u00c1ltal\u00e1nos forgalmi ad\u00f3\" \/>\n<meta property=\"og:url\" content=\"https:\/\/relaxmurau.at\/en\/offers\/sielj-napsutesben\/\" \/>\n<meta property=\"og:site_name\" content=\"Relax Resort Kreischberg\" \/>\n<meta property=\"article:modified_time\" content=\"2026-03-11T10:32:49+00:00\" \/>\n<meta property=\"og:image\" content=\"https:\/\/relaxmurau.at\/wp-content\/uploads\/2024\/02\/sieljnapsutesben.jpg\" \/>\n\t<meta property=\"og:image:width\" content=\"1200\" \/>\n\t<meta property=\"og:image:height\" content=\"1200\" \/>\n\t<meta property=\"og:image:type\" content=\"image\/jpeg\" \/>\n<meta name=\"twitter:card\" content=\"summary_large_image\" \/>\n<meta name=\"twitter:label1\" content=\"Estimated reading time\" \/>\n\t<meta name=\"twitter:data1\" content=\"1 minute\" \/>\n<script type=\"application\/ld+json\" class=\"yoast-schema-graph\">{\"@context\":\"https:\\\/\\\/schema.org\",\"@graph\":[{\"@type\":\"WebPage\",\"@id\":\"https:\\\/\\\/relaxmurau.at\\\/ajanlataink\\\/sielj-napsutesben\\\/\",\"url\":\"https:\\\/\\\/relaxmurau.at\\\/ajanlataink\\\/sielj-napsutesben\\\/\",\"name\":\"S\u00edelj naps\u00fct\u00e9sben! - Relax Resort Kreischberg\",\"isPartOf\":{\"@id\":\"https:\\\/\\\/relaxmurau.at\\\/hu\\\/#website\"},\"primaryImageOfPage\":{\"@id\":\"https:\\\/\\\/relaxmurau.at\\\/ajanlataink\\\/sielj-napsutesben\\\/#primaryimage\"},\"image\":{\"@id\":\"https:\\\/\\\/relaxmurau.at\\\/ajanlataink\\\/sielj-napsutesben\\\/#primaryimage\"},\"thumbnailUrl\":\"https:\\\/\\\/relaxmurau.at\\\/wp-content\\\/uploads\\\/2024\\\/02\\\/sieljnapsutesben.jpg\",\"datePublished\":\"2024-02-05T11:40:16+00:00\",\"dateModified\":\"2026-03-11T10:32:49+00:00\",\"description\":\"S\u00edelj naps\u00fct\u00e9sben!10% kedvezm\u00e9nyMinimum 3 \u00e9jszaka\u00c9rv\u00e9nyes: 2026.03.01-04.06.Kedvezm\u00e9nyes aj\u00e1nlatunk az al\u00e1bbi szolg\u00e1ltat\u00e1sokat tartalmazza:Sz\u00e1ll\u00e1s, a kiv\u00e1lasztott szobat\u00edpusbanB\u0151s\u00e9ges b\u00fcf\u00e9reggeliF\u00e9lpanzi\u00f3s vacsora sz\u00e9les v\u00e1laszt\u00e9kkalCsomag extra:10% kedvezm\u00e9ny a SULI s\u00edk\u00f6lcs\u00f6nz\u0151ben* A SULI s\u00edk\u00f6lcs\u00f6nz\u0151 nyitvatart\u00e1sa alkalmazkodik vend\u00e9geink ig\u00e9nyeihez\\\/ \u00e9rkez\u00e9s\u00e9hezA MAYER S\u00ediskola keret\u00e9ben 18:00 \u00e9s 19:00 \u00f3ra k\u00f6z\u00f6tt a RELAX lobbyban van lehet\u0151s\u00e9g s\u00ed\u00f3r\u00e1k foglal\u00e1s\u00e1ra, ahol s\u00edoktat\u00f3 szem\u00e9lyesen is rendelkez\u00e9sre \u00e1ll.A s\u00edb\u00e9rlet online megvehet\u0151 vagy megrendelhet\u0151 a recepci\u00f3n kereszt\u00fcl42 km hossz\u00fa s\u00edp\u00e1lya a sz\u00e1lloda k\u00f6zvetlen k\u00f6zel\u00e9ben*Wellness korl\u00e1tlan haszn\u00e1lataIngyenes z\u00e1rhat\u00f3, f\u0171t\u00f6tt s\u00edt\u00e1rol\u00f3 szekr\u00e9ny (20 EUR deposit ellen\u00e9ben)F\u00fcrd\u0151k\u00f6peny \u00e9s t\u00f6r\u00f6lk\u00f6z\u0151 bek\u00e9sz\u00edt\u00e9s a szob\u00e1baIngyenes parkol\u00e1sIngyenes Wi-Fi haszn\u00e1lat\u00c1ltal\u00e1nos forgalmi ad\u00f3\",\"breadcrumb\":{\"@id\":\"https:\\\/\\\/relaxmurau.at\\\/ajanlataink\\\/sielj-napsutesben\\\/#breadcrumb\"},\"inLanguage\":\"en-GB\",\"potentialAction\":[{\"@type\":\"ReadAction\",\"target\":[\"https:\\\/\\\/relaxmurau.at\\\/ajanlataink\\\/sielj-napsutesben\\\/\"]}]},{\"@type\":\"ImageObject\",\"inLanguage\":\"en-GB\",\"@id\":\"https:\\\/\\\/relaxmurau.at\\\/ajanlataink\\\/sielj-napsutesben\\\/#primaryimage\",\"url\":\"https:\\\/\\\/relaxmurau.at\\\/wp-content\\\/uploads\\\/2024\\\/02\\\/sieljnapsutesben.jpg\",\"contentUrl\":\"https:\\\/\\\/relaxmurau.at\\\/wp-content\\\/uploads\\\/2024\\\/02\\\/sieljnapsutesben.jpg\",\"width\":1200,\"height\":1200},{\"@type\":\"BreadcrumbList\",\"@id\":\"https:\\\/\\\/relaxmurau.at\\\/ajanlataink\\\/sielj-napsutesben\\\/#breadcrumb\",\"itemListElement\":[{\"@type\":\"ListItem\",\"position\":1,\"name\":\"Kezd\u0151lap\",\"item\":\"https:\\\/\\\/relaxmurau.at\\\/\"},{\"@type\":\"ListItem\",\"position\":2,\"name\":\"Aj\u00e1nlataink\",\"item\":\"https:\\\/\\\/relaxmurau.at\\\/ajanlataink\\\/\"},{\"@type\":\"ListItem\",\"position\":3,\"name\":\"S\u00edelj naps\u00fct\u00e9sben!\"}]},{\"@type\":\"WebSite\",\"@id\":\"https:\\\/\\\/relaxmurau.at\\\/hu\\\/#website\",\"url\":\"https:\\\/\\\/relaxmurau.at\\\/hu\\\/\",\"name\":\"Relax Resort Kreischberg\",\"description\":\"Relax Resort Kreischberg\",\"publisher\":{\"@id\":\"https:\\\/\\\/relaxmurau.at\\\/hu\\\/#organization\"},\"potentialAction\":[{\"@type\":\"SearchAction\",\"target\":{\"@type\":\"EntryPoint\",\"urlTemplate\":\"https:\\\/\\\/relaxmurau.at\\\/hu\\\/?s={search_term_string}\"},\"query-input\":{\"@type\":\"PropertyValueSpecification\",\"valueRequired\":true,\"valueName\":\"search_term_string\"}}],\"inLanguage\":\"en-GB\"},{\"@type\":\"Organization\",\"@id\":\"https:\\\/\\\/relaxmurau.at\\\/hu\\\/#organization\",\"name\":\"Relax Resort Kreischberg\",\"url\":\"https:\\\/\\\/relaxmurau.at\\\/hu\\\/\",\"logo\":{\"@type\":\"ImageObject\",\"inLanguage\":\"en-GB\",\"@id\":\"https:\\\/\\\/relaxmurau.at\\\/hu\\\/#\\\/schema\\\/logo\\\/image\\\/\",\"url\":\"https:\\\/\\\/relaxmurau.at\\\/wp-content\\\/uploads\\\/2023\\\/06\\\/relaxmurau-logo-gold.png\",\"contentUrl\":\"https:\\\/\\\/relaxmurau.at\\\/wp-content\\\/uploads\\\/2023\\\/06\\\/relaxmurau-logo-gold.png\",\"width\":298,\"height\":83,\"caption\":\"Relax Resort Kreischberg\"},\"image\":{\"@id\":\"https:\\\/\\\/relaxmurau.at\\\/hu\\\/#\\\/schema\\\/logo\\\/image\\\/\"}}]}<\/script>\n<!-- \/ Yoast SEO plugin. -->","yoast_head_json":{"title":"S\u00edelj naps\u00fct\u00e9sben! - Relax Resort Kreischberg","description":"S\u00edelj naps\u00fct\u00e9sben!10% kedvezm\u00e9nyMinimum 3 \u00e9jszaka\u00c9rv\u00e9nyes: 2026.03.01-04.06.Kedvezm\u00e9nyes aj\u00e1nlatunk az al\u00e1bbi szolg\u00e1ltat\u00e1sokat tartalmazza:Sz\u00e1ll\u00e1s, a kiv\u00e1lasztott szobat\u00edpusbanB\u0151s\u00e9ges b\u00fcf\u00e9reggeliF\u00e9lpanzi\u00f3s vacsora sz\u00e9les v\u00e1laszt\u00e9kkalCsomag extra:10% kedvezm\u00e9ny a SULI s\u00edk\u00f6lcs\u00f6nz\u0151ben* A SULI s\u00edk\u00f6lcs\u00f6nz\u0151 nyitvatart\u00e1sa alkalmazkodik vend\u00e9geink ig\u00e9nyeihez\/ \u00e9rkez\u00e9s\u00e9hezA MAYER S\u00ediskola keret\u00e9ben 18:00 \u00e9s 19:00 \u00f3ra k\u00f6z\u00f6tt a RELAX lobbyban van lehet\u0151s\u00e9g s\u00ed\u00f3r\u00e1k foglal\u00e1s\u00e1ra, ahol s\u00edoktat\u00f3 szem\u00e9lyesen is rendelkez\u00e9sre \u00e1ll.A s\u00edb\u00e9rlet online megvehet\u0151 vagy megrendelhet\u0151 a recepci\u00f3n kereszt\u00fcl42 km hossz\u00fa s\u00edp\u00e1lya a sz\u00e1lloda k\u00f6zvetlen k\u00f6zel\u00e9ben*Wellness korl\u00e1tlan haszn\u00e1lataIngyenes z\u00e1rhat\u00f3, f\u0171t\u00f6tt s\u00edt\u00e1rol\u00f3 szekr\u00e9ny (20 EUR deposit ellen\u00e9ben)F\u00fcrd\u0151k\u00f6peny \u00e9s t\u00f6r\u00f6lk\u00f6z\u0151 bek\u00e9sz\u00edt\u00e9s a szob\u00e1baIngyenes parkol\u00e1sIngyenes Wi-Fi haszn\u00e1lat\u00c1ltal\u00e1nos forgalmi ad\u00f3","robots":{"index":"index","follow":"follow","max-snippet":"max-snippet:-1","max-image-preview":"max-image-preview:large","max-video-preview":"max-video-preview:-1"},"canonical":"https:\/\/relaxmurau.at\/en\/offers\/sielj-napsutesben\/","og_locale":"en_GB","og_type":"article","og_title":"S\u00edelj naps\u00fct\u00e9sben! - Relax Resort Kreischberg","og_description":"S\u00edelj naps\u00fct\u00e9sben!10% kedvezm\u00e9nyMinimum 3 \u00e9jszaka\u00c9rv\u00e9nyes: 2026.03.01-04.06.Kedvezm\u00e9nyes aj\u00e1nlatunk az al\u00e1bbi szolg\u00e1ltat\u00e1sokat tartalmazza:Sz\u00e1ll\u00e1s, a kiv\u00e1lasztott szobat\u00edpusbanB\u0151s\u00e9ges b\u00fcf\u00e9reggeliF\u00e9lpanzi\u00f3s vacsora sz\u00e9les v\u00e1laszt\u00e9kkalCsomag extra:10% kedvezm\u00e9ny a SULI s\u00edk\u00f6lcs\u00f6nz\u0151ben* A SULI s\u00edk\u00f6lcs\u00f6nz\u0151 nyitvatart\u00e1sa alkalmazkodik vend\u00e9geink ig\u00e9nyeihez\/ \u00e9rkez\u00e9s\u00e9hezA MAYER S\u00ediskola keret\u00e9ben 18:00 \u00e9s 19:00 \u00f3ra k\u00f6z\u00f6tt a RELAX lobbyban van lehet\u0151s\u00e9g s\u00ed\u00f3r\u00e1k foglal\u00e1s\u00e1ra, ahol s\u00edoktat\u00f3 szem\u00e9lyesen is rendelkez\u00e9sre \u00e1ll.A s\u00edb\u00e9rlet online megvehet\u0151 vagy megrendelhet\u0151 a recepci\u00f3n kereszt\u00fcl42 km hossz\u00fa s\u00edp\u00e1lya a sz\u00e1lloda k\u00f6zvetlen k\u00f6zel\u00e9ben*Wellness korl\u00e1tlan haszn\u00e1lataIngyenes z\u00e1rhat\u00f3, f\u0171t\u00f6tt s\u00edt\u00e1rol\u00f3 szekr\u00e9ny (20 EUR deposit ellen\u00e9ben)F\u00fcrd\u0151k\u00f6peny \u00e9s t\u00f6r\u00f6lk\u00f6z\u0151 bek\u00e9sz\u00edt\u00e9s a szob\u00e1baIngyenes parkol\u00e1sIngyenes Wi-Fi haszn\u00e1lat\u00c1ltal\u00e1nos forgalmi ad\u00f3","og_url":"https:\/\/relaxmurau.at\/en\/offers\/sielj-napsutesben\/","og_site_name":"Relax Resort Kreischberg","article_modified_time":"2026-03-11T10:32:49+00:00","og_image":[{"width":1200,"height":1200,"url":"https:\/\/relaxmurau.at\/wp-content\/uploads\/2024\/02\/sieljnapsutesben.jpg","type":"image\/jpeg"}],"twitter_card":"summary_large_image","twitter_misc":{"Estimated reading time":"1 minute"},"schema":{"@context":"https:\/\/schema.org","@graph":[{"@type":"WebPage","@id":"https:\/\/relaxmurau.at\/ajanlataink\/sielj-napsutesben\/","url":"https:\/\/relaxmurau.at\/ajanlataink\/sielj-napsutesben\/","name":"S\u00edelj naps\u00fct\u00e9sben! - Relax Resort Kreischberg","isPartOf":{"@id":"https:\/\/relaxmurau.at\/hu\/#website"},"primaryImageOfPage":{"@id":"https:\/\/relaxmurau.at\/ajanlataink\/sielj-napsutesben\/#primaryimage"},"image":{"@id":"https:\/\/relaxmurau.at\/ajanlataink\/sielj-napsutesben\/#primaryimage"},"thumbnailUrl":"https:\/\/relaxmurau.at\/wp-content\/uploads\/2024\/02\/sieljnapsutesben.jpg","datePublished":"2024-02-05T11:40:16+00:00","dateModified":"2026-03-11T10:32:49+00:00","description":"S\u00edelj naps\u00fct\u00e9sben!10% kedvezm\u00e9nyMinimum 3 \u00e9jszaka\u00c9rv\u00e9nyes: 2026.03.01-04.06.Kedvezm\u00e9nyes aj\u00e1nlatunk az al\u00e1bbi szolg\u00e1ltat\u00e1sokat tartalmazza:Sz\u00e1ll\u00e1s, a kiv\u00e1lasztott szobat\u00edpusbanB\u0151s\u00e9ges b\u00fcf\u00e9reggeliF\u00e9lpanzi\u00f3s vacsora sz\u00e9les v\u00e1laszt\u00e9kkalCsomag extra:10% kedvezm\u00e9ny a SULI s\u00edk\u00f6lcs\u00f6nz\u0151ben* A SULI s\u00edk\u00f6lcs\u00f6nz\u0151 nyitvatart\u00e1sa alkalmazkodik vend\u00e9geink ig\u00e9nyeihez\/ \u00e9rkez\u00e9s\u00e9hezA MAYER S\u00ediskola keret\u00e9ben 18:00 \u00e9s 19:00 \u00f3ra k\u00f6z\u00f6tt a RELAX lobbyban van lehet\u0151s\u00e9g s\u00ed\u00f3r\u00e1k foglal\u00e1s\u00e1ra, ahol s\u00edoktat\u00f3 szem\u00e9lyesen is rendelkez\u00e9sre \u00e1ll.A s\u00edb\u00e9rlet online megvehet\u0151 vagy megrendelhet\u0151 a recepci\u00f3n kereszt\u00fcl42 km hossz\u00fa s\u00edp\u00e1lya a sz\u00e1lloda k\u00f6zvetlen k\u00f6zel\u00e9ben*Wellness korl\u00e1tlan haszn\u00e1lataIngyenes z\u00e1rhat\u00f3, f\u0171t\u00f6tt s\u00edt\u00e1rol\u00f3 szekr\u00e9ny (20 EUR deposit ellen\u00e9ben)F\u00fcrd\u0151k\u00f6peny \u00e9s t\u00f6r\u00f6lk\u00f6z\u0151 bek\u00e9sz\u00edt\u00e9s a szob\u00e1baIngyenes parkol\u00e1sIngyenes Wi-Fi haszn\u00e1lat\u00c1ltal\u00e1nos forgalmi ad\u00f3","breadcrumb":{"@id":"https:\/\/relaxmurau.at\/ajanlataink\/sielj-napsutesben\/#breadcrumb"},"inLanguage":"en-GB","potentialAction":[{"@type":"ReadAction","target":["https:\/\/relaxmurau.at\/ajanlataink\/sielj-napsutesben\/"]}]},{"@type":"ImageObject","inLanguage":"en-GB","@id":"https:\/\/relaxmurau.at\/ajanlataink\/sielj-napsutesben\/#primaryimage","url":"https:\/\/relaxmurau.at\/wp-content\/uploads\/2024\/02\/sieljnapsutesben.jpg","contentUrl":"https:\/\/relaxmurau.at\/wp-content\/uploads\/2024\/02\/sieljnapsutesben.jpg","width":1200,"height":1200},{"@type":"BreadcrumbList","@id":"https:\/\/relaxmurau.at\/ajanlataink\/sielj-napsutesben\/#breadcrumb","itemListElement":[{"@type":"ListItem","position":1,"name":"Kezd\u0151lap","item":"https:\/\/relaxmurau.at\/"},{"@type":"ListItem","position":2,"name":"Aj\u00e1nlataink","item":"https:\/\/relaxmurau.at\/ajanlataink\/"},{"@type":"ListItem","position":3,"name":"S\u00edelj naps\u00fct\u00e9sben!"}]},{"@type":"WebSite","@id":"https:\/\/relaxmurau.at\/hu\/#website","url":"https:\/\/relaxmurau.at\/hu\/","name":"Relax Resort Kreischberg","description":"Relax Resort Kreischberg","publisher":{"@id":"https:\/\/relaxmurau.at\/hu\/#organization"},"potentialAction":[{"@type":"SearchAction","target":{"@type":"EntryPoint","urlTemplate":"https:\/\/relaxmurau.at\/hu\/?s={search_term_string}"},"query-input":{"@type":"PropertyValueSpecification","valueRequired":true,"valueName":"search_term_string"}}],"inLanguage":"en-GB"},{"@type":"Organization","@id":"https:\/\/relaxmurau.at\/hu\/#organization","name":"Relax Resort Kreischberg","url":"https:\/\/relaxmurau.at\/hu\/","logo":{"@type":"ImageObject","inLanguage":"en-GB","@id":"https:\/\/relaxmurau.at\/hu\/#\/schema\/logo\/image\/","url":"https:\/\/relaxmurau.at\/wp-content\/uploads\/2023\/06\/relaxmurau-logo-gold.png","contentUrl":"https:\/\/relaxmurau.at\/wp-content\/uploads\/2023\/06\/relaxmurau-logo-gold.png","width":298,"height":83,"caption":"Relax Resort Kreischberg"},"image":{"@id":"https:\/\/relaxmurau.at\/hu\/#\/schema\/logo\/image\/"}}]}},"_links":{"self":[{"href":"https:\/\/relaxmurau.at\/en\/wp-json\/wp\/v2\/pages\/2754","targetHints":{"allow":["GET"]}}],"collection":[{"href":"https:\/\/relaxmurau.at\/en\/wp-json\/wp\/v2\/pages"}],"about":[{"href":"https:\/\/relaxmurau.at\/en\/wp-json\/wp\/v2\/types\/page"}],"author":[{"embeddable":true,"href":"https:\/\/relaxmurau.at\/en\/wp-json\/wp\/v2\/users\/4"}],"replies":[{"embeddable":true,"href":"https:\/\/relaxmurau.at\/en\/wp-json\/wp\/v2\/comments?post=2754"}],"version-history":[{"count":20,"href":"https:\/\/relaxmurau.at\/en\/wp-json\/wp\/v2\/pages\/2754\/revisions"}],"predecessor-version":[{"id":3740,"href":"https:\/\/relaxmurau.at\/en\/wp-json\/wp\/v2\/pages\/2754\/revisions\/3740"}],"up":[{"embeddable":true,"href":"https:\/\/relaxmurau.at\/en\/wp-json\/wp\/v2\/pages\/274"}],"wp:featuredmedia":[{"embeddable":true,"href":"https:\/\/relaxmurau.at\/en\/wp-json\/wp\/v2\/media\/2762"}],"wp:attachment":[{"href":"https:\/\/relaxmurau.at\/en\/wp-json\/wp\/v2\/media?parent=2754"}],"curies":[{"name":"wp","href":"https:\/\/api.w.org\/{rel}","templated":true}]}}