{"id":2404,"date":"2023-10-30T17:24:34","date_gmt":"2023-10-30T16:24:34","guid":{"rendered":"https:\/\/relaxmurau.at\/?page_id=2404"},"modified":"2023-10-30T18:03:07","modified_gmt":"2023-10-30T17:03:07","slug":"snow-cowered-winter-vacation-2","status":"publish","type":"page","link":"https:\/\/relaxmurau.at\/en\/ajanlataink\/remisztoen-jo-ajanlat\/","title":{"rendered":"R\u00e9miszt\u0151en j\u00f3 aj\u00e1nlat!"},"content":{"rendered":"<div data-elementor-type=\"wp-page\" data-elementor-id=\"2404\" class=\"elementor elementor-2404\" data-elementor-post-type=\"page\">\n\t\t\t\t<div class=\"elementor-element elementor-element-24a4abf e-con-full e-flex e-con e-parent\" data-id=\"24a4abf\" data-element_type=\"container\" data-e-type=\"container\">\n\t\t<div class=\"elementor-element elementor-element-0baca78 e-con-full e-flex e-con e-parent\" data-id=\"0baca78\" data-element_type=\"container\" data-e-type=\"container\" data-settings=\"{&quot;background_background&quot;:&quot;classic&quot;}\">\n\t\t\t\t<div class=\"elementor-element elementor-element-671a8c9 elementor-widget elementor-widget-image\" data-id=\"671a8c9\" data-element_type=\"widget\" data-e-type=\"widget\" data-widget_type=\"image.default\">\n\t\t\t\t<div class=\"elementor-widget-container\">\n\t\t\t\t\t\t\t\t\t\t\t\t\t\t\t<img loading=\"lazy\" decoding=\"async\" width=\"683\" height=\"628\" src=\"https:\/\/relaxmurau.at\/wp-content\/uploads\/2023\/10\/remiszto_ajanlat2.jpg\" class=\"attachment-large size-large wp-image-2411\" alt=\"\" srcset=\"https:\/\/relaxmurau.at\/wp-content\/uploads\/2023\/10\/remiszto_ajanlat2.jpg 683w, https:\/\/relaxmurau.at\/wp-content\/uploads\/2023\/10\/remiszto_ajanlat2-300x276.jpg 300w, https:\/\/relaxmurau.at\/wp-content\/uploads\/2023\/10\/remiszto_ajanlat2-13x12.jpg 13w\" sizes=\"auto, (max-width: 683px) 100vw, 683px\" \/>\t\t\t\t\t\t\t\t\t\t\t\t\t\t\t<\/div>\n\t\t\t\t<\/div>\n\t\t\t\t<\/div>\n\t\t<div class=\"elementor-element elementor-element-31be0cb e-con-full e-flex e-con e-parent\" data-id=\"31be0cb\" data-element_type=\"container\" data-e-type=\"container\">\n\t\t\t\t<div class=\"elementor-element elementor-element-e018716 elementor-widget elementor-widget-heading\" data-id=\"e018716\" data-element_type=\"widget\" data-e-type=\"widget\" data-widget_type=\"heading.default\">\n\t\t\t\t<div class=\"elementor-widget-container\">\n\t\t\t\t\t<h2 class=\"elementor-heading-title elementor-size-default\">R\u00e9miszt\u0151en j\u00f3 aj\u00e1nlat!<\/h2>\t\t\t\t<\/div>\n\t\t\t\t<\/div>\n\t\t\t\t<div class=\"elementor-element elementor-element-2f905ff elementor-widget elementor-widget-text-editor\" data-id=\"2f905ff\" data-element_type=\"widget\" data-e-type=\"widget\" data-widget_type=\"text-editor.default\">\n\t\t\t\t<div class=\"elementor-widget-container\">\n\t\t\t\t\t\t\t\t\t<p><strong>Limit\u00e1lt <span class=\"m_-3089010635817135642SpellE\">halloweeni<\/span>\u00a0kedvezm\u00e9ny<\/strong><\/p><p><strong>\u00c9rv\u00e9nyes: 2023.12.07 \u2013 2023.12. 23-ig \u00e9s 2024. 03.02 &#8211;\u00a0 03.31-ig<br \/><\/strong><\/p><p>The package contains the following serives:<\/p><ul><li>Accomodation in the selected room type<\/li><li>Buffet breakfast<\/li><li>Half board dinner with wide selection<\/li><\/ul>\t\t\t\t\t\t\t\t<\/div>\n\t\t\t\t<\/div>\n\t\t\t\t<div class=\"elementor-element elementor-element-2928c5c elementor-widget elementor-widget-accordion\" data-id=\"2928c5c\" data-element_type=\"widget\" data-e-type=\"widget\" data-widget_type=\"accordion.default\">\n\t\t\t\t<div class=\"elementor-widget-container\">\n\t\t\t\t\t\t\t<div class=\"elementor-accordion\">\n\t\t\t\t\t\t\t<div class=\"elementor-accordion-item\">\n\t\t\t\t\t<div id=\"elementor-tab-title-4311\" class=\"elementor-tab-title\" data-tab=\"1\" role=\"button\" aria-controls=\"elementor-tab-content-4311\" aria-expanded=\"false\">\n\t\t\t\t\t\t\t\t\t\t\t\t\t<span class=\"elementor-accordion-icon elementor-accordion-icon-left\" aria-hidden=\"true\">\n\t\t\t\t\t\t\t\t\t\t\t\t\t\t\t<span class=\"elementor-accordion-icon-closed\"><i class=\"fas fa-plus\"><\/i><\/span>\n\t\t\t\t\t\t\t\t<span class=\"elementor-accordion-icon-opened\"><i class=\"fas fa-minus\"><\/i><\/span>\n\t\t\t\t\t\t\t\t\t\t\t\t\t\t<\/span>\n\t\t\t\t\t\t\t\t\t\t\t\t<a class=\"elementor-accordion-title\" tabindex=\"0\">Package extra:<\/a>\n\t\t\t\t\t<\/div>\n\t\t\t\t\t<div id=\"elementor-tab-content-4311\" class=\"elementor-tab-content elementor-clearfix\" data-tab=\"1\" role=\"region\" aria-labelledby=\"elementor-tab-title-4311\"><ul><li><strong><i>1 \u00fcveg <span class=\"m_-3089010635817135642SpellE\">pezsg\u0151bek\u00e9sz\u00edt\u00e9s<\/span>\u00a0a szob<\/i><i>\u00e1<\/i><i>ba<\/i><\/strong><\/li><li>42 km ski slope right next to the hotel*<\/li><li>Unlimited use of the panoramic wellness oasis<\/li><li>Use of bathrobe and towels<\/li><li>Free parking<\/li><li>Free <span class=\"m_-3275301939071427769SpellE\">Wi<\/span>Fi<\/li><li>VAT included<\/li><\/ul><p><i>*The ski slope can be used for an additional fee, the ski pass can be purchased on the slope.<\/i><\/p><\/div>\n\t\t\t\t<\/div>\n\t\t\t\t\t\t\t\t<\/div>\n\t\t\t\t\t\t<\/div>\n\t\t\t\t<\/div>\n\t\t<div class=\"elementor-element elementor-element-25565e4 e-con-full e-flex e-con e-parent\" data-id=\"25565e4\" data-element_type=\"container\" data-e-type=\"container\">\n\t\t\t\t<div class=\"elementor-element elementor-element-07eb6ed elementor-align-center elementor-widget elementor-widget-button\" data-id=\"07eb6ed\" data-element_type=\"widget\" data-e-type=\"widget\" data-widget_type=\"button.default\">\n\t\t\t\t<div class=\"elementor-widget-container\">\n\t\t\t\t\t\t\t\t\t<div class=\"elementor-button-wrapper\">\n\t\t\t\t\t<a class=\"elementor-button elementor-button-link elementor-size-sm\" href=\"https:\/\/relaxmurau.at\/en\/foglalas\/\">\n\t\t\t\t\t\t<span class=\"elementor-button-content-wrapper\">\n\t\t\t\t\t\t\t\t\t<span class=\"elementor-button-text\">book a room<\/span>\n\t\t\t\t\t<\/span>\n\t\t\t\t\t<\/a>\n\t\t\t\t<\/div>\n\t\t\t\t\t\t\t\t<\/div>\n\t\t\t\t<\/div>\n\t\t\t\t<div class=\"elementor-element elementor-element-9fc5438 elementor-align-left elementor-widget elementor-widget-button\" data-id=\"9fc5438\" data-element_type=\"widget\" data-e-type=\"widget\" data-widget_type=\"button.default\">\n\t\t\t\t<div class=\"elementor-widget-container\">\n\t\t\t\t\t\t\t\t\t<div class=\"elementor-button-wrapper\">\n\t\t\t\t\t<a class=\"elementor-button elementor-button-link elementor-size-sm\" href=\"#elementor-action%3Aaction%3Dpopup%3Aopen%26settings%3DeyJpZCI6IjMwNyIsInRvZ2dsZSI6ZmFsc2V9\">\n\t\t\t\t\t\t<span class=\"elementor-button-content-wrapper\">\n\t\t\t\t\t\t<span class=\"elementor-button-icon\">\n\t\t\t\t<svg xmlns=\"http:\/\/www.w3.org\/2000\/svg\" width=\"16\" height=\"16\" viewbox=\"0 0 16 16\" fill=\"none\"><circle cx=\"8\" cy=\"8\" r=\"6.5\" stroke=\"black\" stroke-opacity=\"0.54\"><\/circle><path d=\"M7 4.93204C7 4.64725 7.09061 4.42071 7.27184 4.25243C7.46602 4.08414 7.71197 4 8.00971 4C8.30744 4 8.54693 4.08414 8.72816 4.25243C8.90939 4.42071 9 4.64725 9 4.93204C9 5.20388 8.90939 5.42395 8.72816 5.59223C8.54693 5.76052 8.30744 5.84466 8.00971 5.84466C7.71197 5.84466 7.46602 5.76052 7.27184 5.59223C7.09061 5.42395 7 5.20388 7 4.93204ZM8.68932 7V12H7.31068V7H8.68932Z\" fill=\"black\" fill-opacity=\"0.54\"><\/path><\/svg>\t\t\t<\/span>\n\t\t\t\t\t\t\t\t\t<span class=\"elementor-button-text\">booking conditions<\/span>\n\t\t\t\t\t<\/span>\n\t\t\t\t\t<\/a>\n\t\t\t\t<\/div>\n\t\t\t\t\t\t\t\t<\/div>\n\t\t\t\t<\/div>\n\t\t\t\t<\/div>\n\t\t\t\t<\/div>\n\t\t\t\t<\/div>\n\t\t\t\t<\/div>","protected":false},"excerpt":{"rendered":"<p>Limit\u00e1lt halloweeni\u00a0kedvezm\u00e9ny \u00c9rv\u00e9nyes: 2023.12.07 \u2013 2023.12. 23-ig \u00e9s 2024. 03.02 &#8211;\u00a0 03.31-ig Kedvezm\u00e9nyes aj\u00e1nlatunk az al\u00e1bbi szolg\u00e1ltat\u00e1sokat tartalmazza: Sz\u00e1ll\u00e1s, a kiv\u00e1lasztott szobat\u00edpusban B\u0151s\u00e9ges b\u00fcf\u00e9reggeli F\u00e9lpanzi\u00f3s vacsora sz\u00e9les v\u00e1laszt\u00e9kkal Csomag extra: 1 \u00fcveg pezsg\u0151bek\u00e9sz\u00edt\u00e9s\u00a0a szob\u00e1ba 42 km hossz\u00fa s\u00edp\u00e1lya a sz\u00e1lloda k\u00f6zvetlen k\u00f6zel\u00e9ben* Wellness korl\u00e1tlan haszn\u00e1lata F\u00fcrd\u0151k\u00f6peny \u00e9s t\u00f6r\u00f6lk\u00f6z\u0151 bek\u00e9sz\u00edt\u00e9s a szob\u00e1ba Ingyenes parkol\u00e1s Ingyenes Wi-Fi [&hellip;]<\/p>\n","protected":false},"author":4,"featured_media":2411,"parent":274,"menu_order":0,"comment_status":"closed","ping_status":"closed","template":"","meta":{"footnotes":""},"class_list":["post-2404","page","type-page","status-publish","has-post-thumbnail","hentry"],"yoast_head":"<!-- This site is optimized with the Yoast SEO plugin v27.4 - https:\/\/yoast.com\/product\/yoast-seo-wordpress\/ -->\n<title>R\u00e9miszt\u0151en j\u00f3 aj\u00e1nlat! - Relax Resort Kreischberg<\/title>\n<meta name=\"robots\" content=\"index, follow, max-snippet:-1, max-image-preview:large, max-video-preview:-1\" \/>\n<link rel=\"canonical\" href=\"https:\/\/relaxmurau.at\/en\/offers\/snow-cowered-winter-vacation-2\/\" \/>\n<meta property=\"og:locale\" content=\"en_GB\" \/>\n<meta property=\"og:type\" content=\"article\" \/>\n<meta property=\"og:title\" content=\"R\u00e9miszt\u0151en j\u00f3 aj\u00e1nlat! - Relax Resort Kreischberg\" \/>\n<meta property=\"og:description\" content=\"Limit\u00e1lt halloweeni\u00a0kedvezm\u00e9ny \u00c9rv\u00e9nyes: 2023.12.07 \u2013 2023.12. 23-ig \u00e9s 2024. 03.02 &#8211;\u00a0 03.31-ig Kedvezm\u00e9nyes aj\u00e1nlatunk az al\u00e1bbi szolg\u00e1ltat\u00e1sokat tartalmazza: Sz\u00e1ll\u00e1s, a kiv\u00e1lasztott szobat\u00edpusban B\u0151s\u00e9ges b\u00fcf\u00e9reggeli F\u00e9lpanzi\u00f3s vacsora sz\u00e9les v\u00e1laszt\u00e9kkal Csomag extra: 1 \u00fcveg pezsg\u0151bek\u00e9sz\u00edt\u00e9s\u00a0a szob\u00e1ba 42 km hossz\u00fa s\u00edp\u00e1lya a sz\u00e1lloda k\u00f6zvetlen k\u00f6zel\u00e9ben* Wellness korl\u00e1tlan haszn\u00e1lata F\u00fcrd\u0151k\u00f6peny \u00e9s t\u00f6r\u00f6lk\u00f6z\u0151 bek\u00e9sz\u00edt\u00e9s a szob\u00e1ba Ingyenes parkol\u00e1s Ingyenes Wi-Fi [&hellip;]\" \/>\n<meta property=\"og:url\" content=\"https:\/\/relaxmurau.at\/en\/offers\/snow-cowered-winter-vacation-2\/\" \/>\n<meta property=\"og:site_name\" content=\"Relax Resort Kreischberg\" \/>\n<meta property=\"article:modified_time\" content=\"2023-10-30T17:03:07+00:00\" \/>\n<meta property=\"og:image\" content=\"https:\/\/relaxmurau.at\/wp-content\/uploads\/2023\/10\/remiszto_ajanlat2.jpg\" \/>\n\t<meta property=\"og:image:width\" content=\"683\" \/>\n\t<meta property=\"og:image:height\" content=\"628\" \/>\n\t<meta property=\"og:image:type\" content=\"image\/jpeg\" \/>\n<meta name=\"twitter:card\" content=\"summary_large_image\" \/>\n<meta name=\"twitter:label1\" content=\"Estimated reading time\" \/>\n\t<meta name=\"twitter:data1\" content=\"1 minute\" \/>\n<script type=\"application\/ld+json\" class=\"yoast-schema-graph\">{\"@context\":\"https:\\\/\\\/schema.org\",\"@graph\":[{\"@type\":\"WebPage\",\"@id\":\"https:\\\/\\\/relaxmurau.at\\\/ajanlataink\\\/remisztoen-jo-ajanlat\\\/\",\"url\":\"https:\\\/\\\/relaxmurau.at\\\/ajanlataink\\\/remisztoen-jo-ajanlat\\\/\",\"name\":\"R\u00e9miszt\u0151en j\u00f3 aj\u00e1nlat! - Relax Resort Kreischberg\",\"isPartOf\":{\"@id\":\"https:\\\/\\\/relaxmurau.at\\\/hu\\\/#website\"},\"primaryImageOfPage\":{\"@id\":\"https:\\\/\\\/relaxmurau.at\\\/ajanlataink\\\/remisztoen-jo-ajanlat\\\/#primaryimage\"},\"image\":{\"@id\":\"https:\\\/\\\/relaxmurau.at\\\/ajanlataink\\\/remisztoen-jo-ajanlat\\\/#primaryimage\"},\"thumbnailUrl\":\"https:\\\/\\\/relaxmurau.at\\\/wp-content\\\/uploads\\\/2023\\\/10\\\/remiszto_ajanlat2.jpg\",\"datePublished\":\"2023-10-30T16:24:34+00:00\",\"dateModified\":\"2023-10-30T17:03:07+00:00\",\"breadcrumb\":{\"@id\":\"https:\\\/\\\/relaxmurau.at\\\/ajanlataink\\\/remisztoen-jo-ajanlat\\\/#breadcrumb\"},\"inLanguage\":\"en-GB\",\"potentialAction\":[{\"@type\":\"ReadAction\",\"target\":[\"https:\\\/\\\/relaxmurau.at\\\/ajanlataink\\\/remisztoen-jo-ajanlat\\\/\"]}]},{\"@type\":\"ImageObject\",\"inLanguage\":\"en-GB\",\"@id\":\"https:\\\/\\\/relaxmurau.at\\\/ajanlataink\\\/remisztoen-jo-ajanlat\\\/#primaryimage\",\"url\":\"https:\\\/\\\/relaxmurau.at\\\/wp-content\\\/uploads\\\/2023\\\/10\\\/remiszto_ajanlat2.jpg\",\"contentUrl\":\"https:\\\/\\\/relaxmurau.at\\\/wp-content\\\/uploads\\\/2023\\\/10\\\/remiszto_ajanlat2.jpg\",\"width\":683,\"height\":628},{\"@type\":\"BreadcrumbList\",\"@id\":\"https:\\\/\\\/relaxmurau.at\\\/ajanlataink\\\/remisztoen-jo-ajanlat\\\/#breadcrumb\",\"itemListElement\":[{\"@type\":\"ListItem\",\"position\":1,\"name\":\"Kezd\u0151lap\",\"item\":\"https:\\\/\\\/relaxmurau.at\\\/\"},{\"@type\":\"ListItem\",\"position\":2,\"name\":\"Aj\u00e1nlataink\",\"item\":\"https:\\\/\\\/relaxmurau.at\\\/ajanlataink\\\/\"},{\"@type\":\"ListItem\",\"position\":3,\"name\":\"R\u00e9miszt\u0151en j\u00f3 aj\u00e1nlat!\"}]},{\"@type\":\"WebSite\",\"@id\":\"https:\\\/\\\/relaxmurau.at\\\/hu\\\/#website\",\"url\":\"https:\\\/\\\/relaxmurau.at\\\/hu\\\/\",\"name\":\"Relax Resort Kreischberg\",\"description\":\"Relax Resort Kreischberg\",\"publisher\":{\"@id\":\"https:\\\/\\\/relaxmurau.at\\\/hu\\\/#organization\"},\"potentialAction\":[{\"@type\":\"SearchAction\",\"target\":{\"@type\":\"EntryPoint\",\"urlTemplate\":\"https:\\\/\\\/relaxmurau.at\\\/hu\\\/?s={search_term_string}\"},\"query-input\":{\"@type\":\"PropertyValueSpecification\",\"valueRequired\":true,\"valueName\":\"search_term_string\"}}],\"inLanguage\":\"en-GB\"},{\"@type\":\"Organization\",\"@id\":\"https:\\\/\\\/relaxmurau.at\\\/hu\\\/#organization\",\"name\":\"Relax Resort Kreischberg\",\"url\":\"https:\\\/\\\/relaxmurau.at\\\/hu\\\/\",\"logo\":{\"@type\":\"ImageObject\",\"inLanguage\":\"en-GB\",\"@id\":\"https:\\\/\\\/relaxmurau.at\\\/hu\\\/#\\\/schema\\\/logo\\\/image\\\/\",\"url\":\"https:\\\/\\\/relaxmurau.at\\\/wp-content\\\/uploads\\\/2023\\\/06\\\/relaxmurau-logo-gold.png\",\"contentUrl\":\"https:\\\/\\\/relaxmurau.at\\\/wp-content\\\/uploads\\\/2023\\\/06\\\/relaxmurau-logo-gold.png\",\"width\":298,\"height\":83,\"caption\":\"Relax Resort Kreischberg\"},\"image\":{\"@id\":\"https:\\\/\\\/relaxmurau.at\\\/hu\\\/#\\\/schema\\\/logo\\\/image\\\/\"}}]}<\/script>\n<!-- \/ Yoast SEO plugin. -->","yoast_head_json":{"title":"R\u00e9miszt\u0151en j\u00f3 aj\u00e1nlat! - Relax Resort Kreischberg","robots":{"index":"index","follow":"follow","max-snippet":"max-snippet:-1","max-image-preview":"max-image-preview:large","max-video-preview":"max-video-preview:-1"},"canonical":"https:\/\/relaxmurau.at\/en\/offers\/snow-cowered-winter-vacation-2\/","og_locale":"en_GB","og_type":"article","og_title":"R\u00e9miszt\u0151en j\u00f3 aj\u00e1nlat! - Relax Resort Kreischberg","og_description":"Limit\u00e1lt halloweeni\u00a0kedvezm\u00e9ny \u00c9rv\u00e9nyes: 2023.12.07 \u2013 2023.12. 23-ig \u00e9s 2024. 03.02 &#8211;\u00a0 03.31-ig Kedvezm\u00e9nyes aj\u00e1nlatunk az al\u00e1bbi szolg\u00e1ltat\u00e1sokat tartalmazza: Sz\u00e1ll\u00e1s, a kiv\u00e1lasztott szobat\u00edpusban B\u0151s\u00e9ges b\u00fcf\u00e9reggeli F\u00e9lpanzi\u00f3s vacsora sz\u00e9les v\u00e1laszt\u00e9kkal Csomag extra: 1 \u00fcveg pezsg\u0151bek\u00e9sz\u00edt\u00e9s\u00a0a szob\u00e1ba 42 km hossz\u00fa s\u00edp\u00e1lya a sz\u00e1lloda k\u00f6zvetlen k\u00f6zel\u00e9ben* Wellness korl\u00e1tlan haszn\u00e1lata F\u00fcrd\u0151k\u00f6peny \u00e9s t\u00f6r\u00f6lk\u00f6z\u0151 bek\u00e9sz\u00edt\u00e9s a szob\u00e1ba Ingyenes parkol\u00e1s Ingyenes Wi-Fi [&hellip;]","og_url":"https:\/\/relaxmurau.at\/en\/offers\/snow-cowered-winter-vacation-2\/","og_site_name":"Relax Resort Kreischberg","article_modified_time":"2023-10-30T17:03:07+00:00","og_image":[{"width":683,"height":628,"url":"https:\/\/relaxmurau.at\/wp-content\/uploads\/2023\/10\/remiszto_ajanlat2.jpg","type":"image\/jpeg"}],"twitter_card":"summary_large_image","twitter_misc":{"Estimated reading time":"1 minute"},"schema":{"@context":"https:\/\/schema.org","@graph":[{"@type":"WebPage","@id":"https:\/\/relaxmurau.at\/ajanlataink\/remisztoen-jo-ajanlat\/","url":"https:\/\/relaxmurau.at\/ajanlataink\/remisztoen-jo-ajanlat\/","name":"R\u00e9miszt\u0151en j\u00f3 aj\u00e1nlat! - Relax Resort Kreischberg","isPartOf":{"@id":"https:\/\/relaxmurau.at\/hu\/#website"},"primaryImageOfPage":{"@id":"https:\/\/relaxmurau.at\/ajanlataink\/remisztoen-jo-ajanlat\/#primaryimage"},"image":{"@id":"https:\/\/relaxmurau.at\/ajanlataink\/remisztoen-jo-ajanlat\/#primaryimage"},"thumbnailUrl":"https:\/\/relaxmurau.at\/wp-content\/uploads\/2023\/10\/remiszto_ajanlat2.jpg","datePublished":"2023-10-30T16:24:34+00:00","dateModified":"2023-10-30T17:03:07+00:00","breadcrumb":{"@id":"https:\/\/relaxmurau.at\/ajanlataink\/remisztoen-jo-ajanlat\/#breadcrumb"},"inLanguage":"en-GB","potentialAction":[{"@type":"ReadAction","target":["https:\/\/relaxmurau.at\/ajanlataink\/remisztoen-jo-ajanlat\/"]}]},{"@type":"ImageObject","inLanguage":"en-GB","@id":"https:\/\/relaxmurau.at\/ajanlataink\/remisztoen-jo-ajanlat\/#primaryimage","url":"https:\/\/relaxmurau.at\/wp-content\/uploads\/2023\/10\/remiszto_ajanlat2.jpg","contentUrl":"https:\/\/relaxmurau.at\/wp-content\/uploads\/2023\/10\/remiszto_ajanlat2.jpg","width":683,"height":628},{"@type":"BreadcrumbList","@id":"https:\/\/relaxmurau.at\/ajanlataink\/remisztoen-jo-ajanlat\/#breadcrumb","itemListElement":[{"@type":"ListItem","position":1,"name":"Kezd\u0151lap","item":"https:\/\/relaxmurau.at\/"},{"@type":"ListItem","position":2,"name":"Aj\u00e1nlataink","item":"https:\/\/relaxmurau.at\/ajanlataink\/"},{"@type":"ListItem","position":3,"name":"R\u00e9miszt\u0151en j\u00f3 aj\u00e1nlat!"}]},{"@type":"WebSite","@id":"https:\/\/relaxmurau.at\/hu\/#website","url":"https:\/\/relaxmurau.at\/hu\/","name":"Relax Resort Kreischberg","description":"Relax Resort Kreischberg","publisher":{"@id":"https:\/\/relaxmurau.at\/hu\/#organization"},"potentialAction":[{"@type":"SearchAction","target":{"@type":"EntryPoint","urlTemplate":"https:\/\/relaxmurau.at\/hu\/?s={search_term_string}"},"query-input":{"@type":"PropertyValueSpecification","valueRequired":true,"valueName":"search_term_string"}}],"inLanguage":"en-GB"},{"@type":"Organization","@id":"https:\/\/relaxmurau.at\/hu\/#organization","name":"Relax Resort Kreischberg","url":"https:\/\/relaxmurau.at\/hu\/","logo":{"@type":"ImageObject","inLanguage":"en-GB","@id":"https:\/\/relaxmurau.at\/hu\/#\/schema\/logo\/image\/","url":"https:\/\/relaxmurau.at\/wp-content\/uploads\/2023\/06\/relaxmurau-logo-gold.png","contentUrl":"https:\/\/relaxmurau.at\/wp-content\/uploads\/2023\/06\/relaxmurau-logo-gold.png","width":298,"height":83,"caption":"Relax Resort Kreischberg"},"image":{"@id":"https:\/\/relaxmurau.at\/hu\/#\/schema\/logo\/image\/"}}]}},"_links":{"self":[{"href":"https:\/\/relaxmurau.at\/en\/wp-json\/wp\/v2\/pages\/2404","targetHints":{"allow":["GET"]}}],"collection":[{"href":"https:\/\/relaxmurau.at\/en\/wp-json\/wp\/v2\/pages"}],"about":[{"href":"https:\/\/relaxmurau.at\/en\/wp-json\/wp\/v2\/types\/page"}],"author":[{"embeddable":true,"href":"https:\/\/relaxmurau.at\/en\/wp-json\/wp\/v2\/users\/4"}],"replies":[{"embeddable":true,"href":"https:\/\/relaxmurau.at\/en\/wp-json\/wp\/v2\/comments?post=2404"}],"version-history":[{"count":5,"href":"https:\/\/relaxmurau.at\/en\/wp-json\/wp\/v2\/pages\/2404\/revisions"}],"predecessor-version":[{"id":2425,"href":"https:\/\/relaxmurau.at\/en\/wp-json\/wp\/v2\/pages\/2404\/revisions\/2425"}],"up":[{"embeddable":true,"href":"https:\/\/relaxmurau.at\/en\/wp-json\/wp\/v2\/pages\/274"}],"wp:featuredmedia":[{"embeddable":true,"href":"https:\/\/relaxmurau.at\/en\/wp-json\/wp\/v2\/media\/2411"}],"wp:attachment":[{"href":"https:\/\/relaxmurau.at\/en\/wp-json\/wp\/v2\/media?parent=2404"}],"curies":[{"name":"wp","href":"https:\/\/api.w.org\/{rel}","templated":true}]}}