{"id":2113,"date":"2023-08-30T14:40:12","date_gmt":"2023-08-30T12:40:12","guid":{"rendered":"https:\/\/relaxmurau.at\/?page_id=2113"},"modified":"2025-06-05T11:22:41","modified_gmt":"2025-06-05T09:22:41","slug":"giftvoucher","status":"publish","type":"page","link":"https:\/\/relaxmurau.at\/en\/ajandekutalvany\/","title":{"rendered":"GIFT VOUCHER"},"content":{"rendered":"<div data-elementor-type=\"wp-page\" data-elementor-id=\"2113\" class=\"elementor elementor-2113\" data-elementor-post-type=\"page\">\n\t\t\t\t<div class=\"elementor-element elementor-element-63afeec e-con-full e-flex e-con e-parent\" data-id=\"63afeec\" data-element_type=\"container\" data-e-type=\"container\">\n\t\t\t\t<div class=\"elementor-element elementor-element-05b075f elementor-widget elementor-widget-heading\" data-id=\"05b075f\" data-element_type=\"widget\" data-e-type=\"widget\" data-widget_type=\"heading.default\">\n\t\t\t\t<div class=\"elementor-widget-container\">\n\t\t\t\t\t<h1 class=\"elementor-heading-title elementor-size-default\">GIFT VOUCHER<\/h1>\t\t\t\t<\/div>\n\t\t\t\t<\/div>\n\t\t\t\t<\/div>\n\t\t<div class=\"elementor-element elementor-element-6f97e48 e-flex e-con-boxed e-con e-parent\" data-id=\"6f97e48\" data-element_type=\"container\" data-e-type=\"container\">\n\t\t\t\t\t<div class=\"e-con-inner\">\n\t\t\t\t<div class=\"elementor-element elementor-element-9d197fb elementor-widget elementor-widget-html\" data-id=\"9d197fb\" data-element_type=\"widget\" data-e-type=\"widget\" data-no-translation=\"\" data-widget_type=\"html.default\">\n\t\t\t\t<div class=\"elementor-widget-container\">\n\t\t\t\t\t<style>.elementor-element-9d197fb{display:none !important}<\/style>\t\t\t\t<\/div>\n\t\t\t\t<\/div>\n\t\t\t\t<div class=\"elementor-element elementor-element-a9ef66b elementor-widget elementor-widget-html\" data-id=\"a9ef66b\" data-element_type=\"widget\" data-e-type=\"widget\" data-no-translation=\"\" data-widget_type=\"html.default\">\n\t\t\t\t<div class=\"elementor-widget-container\">\n\t\t\t\t\t<style>.elementor-element-a9ef66b{display:none !important}<\/style>\t\t\t\t<\/div>\n\t\t\t\t<\/div>\n\t\t\t\t<div class=\"elementor-element elementor-element-ef2fd3b elementor-widget elementor-widget-html\" data-id=\"ef2fd3b\" data-element_type=\"widget\" data-e-type=\"widget\" data-no-translation=\"\" data-widget_type=\"html.default\">\n\t\t\t\t<div class=\"elementor-widget-container\">\n\t\t\t\t\t<script src=\"https:\/\/nethotelbooking.net\/embed.RESnWEB.js?id=TBHDW\"><\/script>\t\t\t\t<\/div>\n\t\t\t\t<\/div>\n\t\t\t\t\t<\/div>\n\t\t\t\t<\/div>\n\t\t\t\t<\/div>","protected":false},"excerpt":{"rendered":"","protected":false},"author":4,"featured_media":0,"parent":0,"menu_order":0,"comment_status":"closed","ping_status":"closed","template":"","meta":{"footnotes":""},"class_list":["post-2113","page","type-page","status-publish","hentry"],"yoast_head":"<!-- This site is optimized with the Yoast SEO plugin v27.4 - https:\/\/yoast.com\/product\/yoast-seo-wordpress\/ -->\n<title>Aj\u00e1nd\u00e9kutalv\u00e1ny - Relax Resort Kreischberg<\/title>\n<meta name=\"robots\" content=\"index, follow, max-snippet:-1, max-image-preview:large, max-video-preview:-1\" \/>\n<link rel=\"canonical\" href=\"https:\/\/relaxmurau.at\/en\/giftvoucher\/\" \/>\n<meta property=\"og:locale\" content=\"en_GB\" \/>\n<meta property=\"og:type\" content=\"article\" \/>\n<meta property=\"og:title\" content=\"Aj\u00e1nd\u00e9kutalv\u00e1ny - Relax Resort Kreischberg\" \/>\n<meta property=\"og:url\" content=\"https:\/\/relaxmurau.at\/en\/giftvoucher\/\" \/>\n<meta property=\"og:site_name\" content=\"Relax Resort Kreischberg\" \/>\n<meta property=\"article:modified_time\" content=\"2025-06-05T09:22:41+00:00\" \/>\n<meta name=\"twitter:card\" content=\"summary_large_image\" \/>\n<script type=\"application\/ld+json\" class=\"yoast-schema-graph\">{\"@context\":\"https:\\\/\\\/schema.org\",\"@graph\":[{\"@type\":\"WebPage\",\"@id\":\"https:\\\/\\\/relaxmurau.at\\\/en\\\/giftvoucher\\\/\",\"url\":\"https:\\\/\\\/relaxmurau.at\\\/en\\\/giftvoucher\\\/\",\"name\":\"Aj\u00e1nd\u00e9kutalv\u00e1ny - Relax Resort Kreischberg\",\"isPartOf\":{\"@id\":\"https:\\\/\\\/relaxmurau.at\\\/hu\\\/#website\"},\"datePublished\":\"2023-08-30T12:40:12+00:00\",\"dateModified\":\"2025-06-05T09:22:41+00:00\",\"breadcrumb\":{\"@id\":\"https:\\\/\\\/relaxmurau.at\\\/en\\\/giftvoucher\\\/#breadcrumb\"},\"inLanguage\":\"en-GB\",\"potentialAction\":[{\"@type\":\"ReadAction\",\"target\":[\"https:\\\/\\\/relaxmurau.at\\\/en\\\/giftvoucher\\\/\"]}]},{\"@type\":\"BreadcrumbList\",\"@id\":\"https:\\\/\\\/relaxmurau.at\\\/en\\\/giftvoucher\\\/#breadcrumb\",\"itemListElement\":[{\"@type\":\"ListItem\",\"position\":1,\"name\":\"Kezd\u0151lap\",\"item\":\"https:\\\/\\\/relaxmurau.at\\\/\"},{\"@type\":\"ListItem\",\"position\":2,\"name\":\"Aj\u00e1nd\u00e9kutalv\u00e1ny\"}]},{\"@type\":\"WebSite\",\"@id\":\"https:\\\/\\\/relaxmurau.at\\\/hu\\\/#website\",\"url\":\"https:\\\/\\\/relaxmurau.at\\\/hu\\\/\",\"name\":\"Relax Resort Kreischberg\",\"description\":\"Relax Resort Kreischberg\",\"publisher\":{\"@id\":\"https:\\\/\\\/relaxmurau.at\\\/hu\\\/#organization\"},\"potentialAction\":[{\"@type\":\"SearchAction\",\"target\":{\"@type\":\"EntryPoint\",\"urlTemplate\":\"https:\\\/\\\/relaxmurau.at\\\/hu\\\/?s={search_term_string}\"},\"query-input\":{\"@type\":\"PropertyValueSpecification\",\"valueRequired\":true,\"valueName\":\"search_term_string\"}}],\"inLanguage\":\"en-GB\"},{\"@type\":\"Organization\",\"@id\":\"https:\\\/\\\/relaxmurau.at\\\/hu\\\/#organization\",\"name\":\"Relax Resort Kreischberg\",\"url\":\"https:\\\/\\\/relaxmurau.at\\\/hu\\\/\",\"logo\":{\"@type\":\"ImageObject\",\"inLanguage\":\"en-GB\",\"@id\":\"https:\\\/\\\/relaxmurau.at\\\/hu\\\/#\\\/schema\\\/logo\\\/image\\\/\",\"url\":\"https:\\\/\\\/relaxmurau.at\\\/wp-content\\\/uploads\\\/2023\\\/06\\\/relaxmurau-logo-gold.png\",\"contentUrl\":\"https:\\\/\\\/relaxmurau.at\\\/wp-content\\\/uploads\\\/2023\\\/06\\\/relaxmurau-logo-gold.png\",\"width\":298,\"height\":83,\"caption\":\"Relax Resort Kreischberg\"},\"image\":{\"@id\":\"https:\\\/\\\/relaxmurau.at\\\/hu\\\/#\\\/schema\\\/logo\\\/image\\\/\"}}]}<\/script>\n<!-- \/ Yoast SEO plugin. -->","yoast_head_json":{"title":"Aj\u00e1nd\u00e9kutalv\u00e1ny - Relax Resort Kreischberg","robots":{"index":"index","follow":"follow","max-snippet":"max-snippet:-1","max-image-preview":"max-image-preview:large","max-video-preview":"max-video-preview:-1"},"canonical":"https:\/\/relaxmurau.at\/en\/giftvoucher\/","og_locale":"en_GB","og_type":"article","og_title":"Aj\u00e1nd\u00e9kutalv\u00e1ny - Relax Resort Kreischberg","og_url":"https:\/\/relaxmurau.at\/en\/giftvoucher\/","og_site_name":"Relax Resort Kreischberg","article_modified_time":"2025-06-05T09:22:41+00:00","twitter_card":"summary_large_image","schema":{"@context":"https:\/\/schema.org","@graph":[{"@type":"WebPage","@id":"https:\/\/relaxmurau.at\/en\/giftvoucher\/","url":"https:\/\/relaxmurau.at\/en\/giftvoucher\/","name":"Aj\u00e1nd\u00e9kutalv\u00e1ny - Relax Resort Kreischberg","isPartOf":{"@id":"https:\/\/relaxmurau.at\/hu\/#website"},"datePublished":"2023-08-30T12:40:12+00:00","dateModified":"2025-06-05T09:22:41+00:00","breadcrumb":{"@id":"https:\/\/relaxmurau.at\/en\/giftvoucher\/#breadcrumb"},"inLanguage":"en-GB","potentialAction":[{"@type":"ReadAction","target":["https:\/\/relaxmurau.at\/en\/giftvoucher\/"]}]},{"@type":"BreadcrumbList","@id":"https:\/\/relaxmurau.at\/en\/giftvoucher\/#breadcrumb","itemListElement":[{"@type":"ListItem","position":1,"name":"Kezd\u0151lap","item":"https:\/\/relaxmurau.at\/"},{"@type":"ListItem","position":2,"name":"Aj\u00e1nd\u00e9kutalv\u00e1ny"}]},{"@type":"WebSite","@id":"https:\/\/relaxmurau.at\/hu\/#website","url":"https:\/\/relaxmurau.at\/hu\/","name":"Relax Resort Kreischberg","description":"Relax Resort Kreischberg","publisher":{"@id":"https:\/\/relaxmurau.at\/hu\/#organization"},"potentialAction":[{"@type":"SearchAction","target":{"@type":"EntryPoint","urlTemplate":"https:\/\/relaxmurau.at\/hu\/?s={search_term_string}"},"query-input":{"@type":"PropertyValueSpecification","valueRequired":true,"valueName":"search_term_string"}}],"inLanguage":"en-GB"},{"@type":"Organization","@id":"https:\/\/relaxmurau.at\/hu\/#organization","name":"Relax Resort Kreischberg","url":"https:\/\/relaxmurau.at\/hu\/","logo":{"@type":"ImageObject","inLanguage":"en-GB","@id":"https:\/\/relaxmurau.at\/hu\/#\/schema\/logo\/image\/","url":"https:\/\/relaxmurau.at\/wp-content\/uploads\/2023\/06\/relaxmurau-logo-gold.png","contentUrl":"https:\/\/relaxmurau.at\/wp-content\/uploads\/2023\/06\/relaxmurau-logo-gold.png","width":298,"height":83,"caption":"Relax Resort Kreischberg"},"image":{"@id":"https:\/\/relaxmurau.at\/hu\/#\/schema\/logo\/image\/"}}]}},"_links":{"self":[{"href":"https:\/\/relaxmurau.at\/en\/wp-json\/wp\/v2\/pages\/2113","targetHints":{"allow":["GET"]}}],"collection":[{"href":"https:\/\/relaxmurau.at\/en\/wp-json\/wp\/v2\/pages"}],"about":[{"href":"https:\/\/relaxmurau.at\/en\/wp-json\/wp\/v2\/types\/page"}],"author":[{"embeddable":true,"href":"https:\/\/relaxmurau.at\/en\/wp-json\/wp\/v2\/users\/4"}],"replies":[{"embeddable":true,"href":"https:\/\/relaxmurau.at\/en\/wp-json\/wp\/v2\/comments?post=2113"}],"version-history":[{"count":4,"href":"https:\/\/relaxmurau.at\/en\/wp-json\/wp\/v2\/pages\/2113\/revisions"}],"predecessor-version":[{"id":2117,"href":"https:\/\/relaxmurau.at\/en\/wp-json\/wp\/v2\/pages\/2113\/revisions\/2117"}],"wp:attachment":[{"href":"https:\/\/relaxmurau.at\/en\/wp-json\/wp\/v2\/media?parent=2113"}],"curies":[{"name":"wp","href":"https:\/\/api.w.org\/{rel}","templated":true}]}}