{"id":1372,"date":"2023-07-11T14:48:53","date_gmt":"2023-07-11T12:48:53","guid":{"rendered":"https:\/\/relaxmurau.at\/?page_id=1372"},"modified":"2023-07-11T14:50:03","modified_gmt":"2023-07-11T12:50:03","slug":"news","status":"publish","type":"page","link":"https:\/\/relaxmurau.at\/en\/news\/","title":{"rendered":"News"},"content":{"rendered":"\t\t<div data-elementor-type=\"wp-page\" data-elementor-id=\"1372\" class=\"elementor elementor-1372\" data-elementor-post-type=\"page\">\n\t\t\t\t<div class=\"elementor-element elementor-element-3f856b1 e-flex e-con-boxed e-con e-parent\" data-id=\"3f856b1\" data-element_type=\"container\" data-e-type=\"container\">\n\t\t\t\t\t<div class=\"e-con-inner\">\n\t\t\t\t<div class=\"elementor-element elementor-element-f08e8f4 elementor-widget elementor-widget-heading\" data-id=\"f08e8f4\" data-element_type=\"widget\" data-e-type=\"widget\" data-widget_type=\"heading.default\">\n\t\t\t\t<div class=\"elementor-widget-container\">\n\t\t\t\t\t<h4 class=\"elementor-heading-title elementor-size-default\">H\u00edrek<\/h4>\t\t\t\t<\/div>\n\t\t\t\t<\/div>\n\t\t\t\t<div class=\"elementor-element elementor-element-e18f665 elementor-grid-1 elementor-grid-tablet-1 elementor-widget__width-initial elementor-grid-mobile-1 elementor-widget elementor-widget-loop-grid\" data-id=\"e18f665\" data-element_type=\"widget\" data-e-type=\"widget\" data-settings=\"{&quot;template_id&quot;:&quot;247&quot;,&quot;columns&quot;:1,&quot;columns_tablet&quot;:1,&quot;pagination_type&quot;:&quot;load_more_infinite_scroll&quot;,&quot;row_gap&quot;:{&quot;unit&quot;:&quot;px&quot;,&quot;size&quot;:48,&quot;sizes&quot;:[]},&quot;_skin&quot;:&quot;post&quot;,&quot;columns_mobile&quot;:&quot;1&quot;,&quot;edit_handle_selector&quot;:&quot;[data-elementor-type=\\&quot;loop-item\\&quot;]&quot;,&quot;load_more_spinner&quot;:{&quot;value&quot;:&quot;fas fa-spinner&quot;,&quot;library&quot;:&quot;fa-solid&quot;},&quot;row_gap_laptop&quot;:{&quot;unit&quot;:&quot;px&quot;,&quot;size&quot;:&quot;&quot;,&quot;sizes&quot;:[]},&quot;row_gap_tablet_extra&quot;:{&quot;unit&quot;:&quot;px&quot;,&quot;size&quot;:&quot;&quot;,&quot;sizes&quot;:[]},&quot;row_gap_tablet&quot;:{&quot;unit&quot;:&quot;px&quot;,&quot;size&quot;:&quot;&quot;,&quot;sizes&quot;:[]},&quot;row_gap_mobile&quot;:{&quot;unit&quot;:&quot;px&quot;,&quot;size&quot;:&quot;&quot;,&quot;sizes&quot;:[]}}\" data-widget_type=\"loop-grid.post\">\n\t\t\t\t<div class=\"elementor-widget-container\">\n\t\t\t\t\t\t\t<div class=\"elementor-loop-container elementor-grid\" role=\"list\">\n\t\t<style id=\"loop-247\">.elementor-247 .elementor-element.elementor-element-d6eab88{--display:flex;--flex-direction:column;--container-widget-width:calc( ( 1 - var( --container-widget-flex-grow ) ) * 100% );--container-widget-height:initial;--container-widget-flex-grow:0;--container-widget-align-self:initial;--flex-wrap-mobile:wrap;--justify-content:flex-start;--align-items:center;--margin-top:0px;--margin-bottom:0px;--margin-left:0px;--margin-right:0px;--padding-top:0px;--padding-bottom:0px;--padding-left:0px;--padding-right:0px;}.elementor-247 .elementor-element.elementor-element-cbbea85 .elementor-icon-list-items:not(.elementor-inline-items) .elementor-icon-list-item:not(:last-child){padding-bottom:calc(0px\/2);}.elementor-247 .elementor-element.elementor-element-cbbea85 .elementor-icon-list-items:not(.elementor-inline-items) .elementor-icon-list-item:not(:first-child){margin-top:calc(0px\/2);}.elementor-247 .elementor-element.elementor-element-cbbea85 .elementor-icon-list-items.elementor-inline-items .elementor-icon-list-item{margin-right:calc(0px\/2);margin-left:calc(0px\/2);}.elementor-247 .elementor-element.elementor-element-cbbea85 .elementor-icon-list-items.elementor-inline-items{margin-right:calc(-0px\/2);margin-left:calc(-0px\/2);}body.rtl .elementor-247 .elementor-element.elementor-element-cbbea85 .elementor-icon-list-items.elementor-inline-items .elementor-icon-list-item:after{left:calc(-0px\/2);}body:not(.rtl) .elementor-247 .elementor-element.elementor-element-cbbea85 .elementor-icon-list-items.elementor-inline-items .elementor-icon-list-item:after{right:calc(-0px\/2);}.elementor-247 .elementor-element.elementor-element-cbbea85 .elementor-icon-list-icon i{color:var( --e-global-color-2c10722 );font-size:16px;}.elementor-247 .elementor-element.elementor-element-cbbea85 .elementor-icon-list-icon svg{fill:var( --e-global-color-2c10722 );--e-icon-list-icon-size:16px;}.elementor-247 .elementor-element.elementor-element-cbbea85 .elementor-icon-list-icon{width:16px;}body:not(.rtl) .elementor-247 .elementor-element.elementor-element-cbbea85 .elementor-icon-list-text{padding-left:0px;}body.rtl .elementor-247 .elementor-element.elementor-element-cbbea85 .elementor-icon-list-text{padding-right:0px;}.elementor-247 .elementor-element.elementor-element-cbbea85 .elementor-icon-list-text, .elementor-247 .elementor-element.elementor-element-cbbea85 .elementor-icon-list-text a{color:var( --e-global-color-text );}.elementor-247 .elementor-element.elementor-element-cbbea85 .elementor-icon-list-item{font-family:var( --e-global-typography-8a1187d-font-family ), Sans-serif;font-size:var( --e-global-typography-8a1187d-font-size );font-weight:var( --e-global-typography-8a1187d-font-weight );line-height:var( --e-global-typography-8a1187d-line-height );letter-spacing:var( --e-global-typography-8a1187d-letter-spacing );word-spacing:var( --e-global-typography-8a1187d-word-spacing );}.elementor-247 .elementor-element.elementor-element-f2813a9{text-align:center;}.elementor-247 .elementor-element.elementor-element-f2813a9 .elementor-heading-title{font-family:var( --e-global-typography-f8531b8-font-family ), Sans-serif;font-size:var( --e-global-typography-f8531b8-font-size );font-weight:var( --e-global-typography-f8531b8-font-weight );line-height:var( --e-global-typography-f8531b8-line-height );letter-spacing:var( --e-global-typography-f8531b8-letter-spacing );word-spacing:var( --e-global-typography-f8531b8-word-spacing );color:var( --e-global-color-text );}.elementor-247 .elementor-element.elementor-element-16a6397 .elementor-button{fill:var( --e-global-color-secondary );color:var( --e-global-color-secondary );background-color:var( --e-global-color-754738c );}.elementor-247 .elementor-element.elementor-element-16a6397 .elementor-button:hover, .elementor-247 .elementor-element.elementor-element-16a6397 .elementor-button:focus{color:var( --e-global-color-d31972c );}.elementor-247 .elementor-element.elementor-element-16a6397 .elementor-button:hover svg, .elementor-247 .elementor-element.elementor-element-16a6397 .elementor-button:focus svg{fill:var( --e-global-color-d31972c );}.elementor-247 .elementor-element.elementor-element-16a6397 > .elementor-widget-container{margin:0px 0px 0px 0px;padding:0px 0px 0px 0px;}.elementor-247 .elementor-element.elementor-element-4f4c0a0{--divider-border-style:solid;--divider-color:var( --e-global-color-010ce6d );--divider-border-width:1px;}.elementor-247 .elementor-element.elementor-element-4f4c0a0 .elementor-divider-separator{width:33%;margin:0 auto;margin-center:0;}.elementor-247 .elementor-element.elementor-element-4f4c0a0 .elementor-divider{text-align:center;padding-block-start:0px;padding-block-end:0px;}@media(max-width:1680px){.elementor-247 .elementor-element.elementor-element-cbbea85 .elementor-icon-list-item{font-size:var( --e-global-typography-8a1187d-font-size );line-height:var( --e-global-typography-8a1187d-line-height );letter-spacing:var( --e-global-typography-8a1187d-letter-spacing );word-spacing:var( --e-global-typography-8a1187d-word-spacing );}.elementor-247 .elementor-element.elementor-element-f2813a9 .elementor-heading-title{font-size:var( --e-global-typography-f8531b8-font-size );line-height:var( --e-global-typography-f8531b8-line-height );letter-spacing:var( --e-global-typography-f8531b8-letter-spacing );word-spacing:var( --e-global-typography-f8531b8-word-spacing );}}@media(max-width:1080px){.elementor-247 .elementor-element.elementor-element-cbbea85 .elementor-icon-list-item{font-size:var( --e-global-typography-8a1187d-font-size );line-height:var( --e-global-typography-8a1187d-line-height );letter-spacing:var( --e-global-typography-8a1187d-letter-spacing );word-spacing:var( --e-global-typography-8a1187d-word-spacing );}.elementor-247 .elementor-element.elementor-element-f2813a9 .elementor-heading-title{font-size:var( --e-global-typography-f8531b8-font-size );line-height:var( --e-global-typography-f8531b8-line-height );letter-spacing:var( --e-global-typography-f8531b8-letter-spacing );word-spacing:var( --e-global-typography-f8531b8-word-spacing );}}@media(max-width:767px){.elementor-247 .elementor-element.elementor-element-cbbea85 .elementor-icon-list-item{font-size:var( --e-global-typography-8a1187d-font-size );line-height:var( --e-global-typography-8a1187d-line-height );letter-spacing:var( --e-global-typography-8a1187d-letter-spacing );word-spacing:var( --e-global-typography-8a1187d-word-spacing );}.elementor-247 .elementor-element.elementor-element-f2813a9 .elementor-heading-title{font-size:var( --e-global-typography-f8531b8-font-size );line-height:var( --e-global-typography-f8531b8-line-height );letter-spacing:var( --e-global-typography-f8531b8-letter-spacing );word-spacing:var( --e-global-typography-f8531b8-word-spacing );}}<\/style>\t\t<div data-elementor-type=\"loop-item\" data-elementor-id=\"247\" class=\"elementor elementor-247 e-loop-item e-loop-item-2789 post-2789 post type-post status-publish format-standard has-post-thumbnail hentry category-uncategorized\" data-elementor-post-type=\"elementor_library\" data-custom-edit-handle=\"1\">\n\t\t\t<div class=\"elementor-element elementor-element-d6eab88 e-flex e-con-boxed e-con e-parent\" data-id=\"d6eab88\" data-element_type=\"container\" data-e-type=\"container\">\n\t\t\t\t\t<div class=\"e-con-inner\">\n\t\t\t\t<div class=\"elementor-element elementor-element-cbbea85 elementor-align-center elementor-widget elementor-widget-post-info\" data-id=\"cbbea85\" data-element_type=\"widget\" data-e-type=\"widget\" data-widget_type=\"post-info.default\">\n\t\t\t\t<div class=\"elementor-widget-container\">\n\t\t\t\t\t\t\t<ul class=\"elementor-inline-items elementor-icon-list-items elementor-post-info\">\n\t\t\t\t\t\t\t\t<li class=\"elementor-icon-list-item elementor-repeater-item-2f73453 elementor-inline-item\" itemprop=\"datePublished\">\n\t\t\t\t\t\t\t\t\t\t\t\t\t<span class=\"elementor-icon-list-text elementor-post-info__item elementor-post-info__item--type-date\">\n\t\t\t\t\t\t\t\t\t\t<time>2024. February 6.<\/time>\t\t\t\t\t<\/span>\n\t\t\t\t\t\t\t\t<\/li>\n\t\t\t\t<\/ul>\n\t\t\t\t\t\t<\/div>\n\t\t\t\t<\/div>\n\t\t\t\t<div class=\"elementor-element elementor-element-f2813a9 elementor-widget elementor-widget-theme-post-title elementor-page-title elementor-widget-heading\" data-id=\"f2813a9\" data-element_type=\"widget\" data-e-type=\"widget\" data-widget_type=\"theme-post-title.default\">\n\t\t\t\t<div class=\"elementor-widget-container\">\n\t\t\t\t\t<h3 class=\"elementor-heading-title elementor-size-default\">&#8222;Az osztr\u00e1kok j\u00f3l\u00e9t\u00e9t vesz\u00e9lyezteti a turisztikai munkaer\u0151hi\u00e1ny.&#8221;<\/h3>\t\t\t\t<\/div>\n\t\t\t\t<\/div>\n\t\t\t\t<div class=\"elementor-element elementor-element-16a6397 elementor-widget elementor-widget-button\" data-id=\"16a6397\" data-element_type=\"widget\" data-e-type=\"widget\" data-widget_type=\"button.default\">\n\t\t\t\t<div class=\"elementor-widget-container\">\n\t\t\t\t\t\t\t\t\t<div class=\"elementor-button-wrapper\">\n\t\t\t\t\t<a class=\"elementor-button elementor-button-link elementor-size-sm\" href=\"https:\/\/relaxmurau.at\/en\/az-osztrakok-joletet-veszelyezteti-a-turisztikai-munkaerohiany\/\">\n\t\t\t\t\t\t<span class=\"elementor-button-content-wrapper\">\n\t\t\t\t\t\t\t\t\t<span class=\"elementor-button-text\">b\u0151vebben<\/span>\n\t\t\t\t\t<\/span>\n\t\t\t\t\t<\/a>\n\t\t\t\t<\/div>\n\t\t\t\t\t\t\t\t<\/div>\n\t\t\t\t<\/div>\n\t\t\t\t<div class=\"elementor-element elementor-element-4f4c0a0 elementor-widget-divider--view-line elementor-widget elementor-widget-divider\" data-id=\"4f4c0a0\" data-element_type=\"widget\" data-e-type=\"widget\" data-widget_type=\"divider.default\">\n\t\t\t\t<div class=\"elementor-widget-container\">\n\t\t\t\t\t\t\t<div class=\"elementor-divider\">\n\t\t\t<span class=\"elementor-divider-separator\">\n\t\t\t\t\t\t<\/span>\n\t\t<\/div>\n\t\t\t\t\t\t<\/div>\n\t\t\t\t<\/div>\n\t\t\t\t\t<\/div>\n\t\t\t\t<\/div>\n\t\t\t\t<\/div>\n\t\t\t\t<div data-elementor-type=\"loop-item\" data-elementor-id=\"247\" class=\"elementor elementor-247 e-loop-item e-loop-item-244 post-244 post type-post status-publish format-standard has-post-thumbnail hentry category-uncategorized\" data-elementor-post-type=\"elementor_library\" data-custom-edit-handle=\"1\">\n\t\t\t<div class=\"elementor-element elementor-element-d6eab88 e-flex e-con-boxed e-con e-parent\" data-id=\"d6eab88\" data-element_type=\"container\" data-e-type=\"container\">\n\t\t\t\t\t<div class=\"e-con-inner\">\n\t\t\t\t<div class=\"elementor-element elementor-element-cbbea85 elementor-align-center elementor-widget elementor-widget-post-info\" data-id=\"cbbea85\" data-element_type=\"widget\" data-e-type=\"widget\" data-widget_type=\"post-info.default\">\n\t\t\t\t<div class=\"elementor-widget-container\">\n\t\t\t\t\t\t\t<ul class=\"elementor-inline-items elementor-icon-list-items elementor-post-info\">\n\t\t\t\t\t\t\t\t<li class=\"elementor-icon-list-item elementor-repeater-item-2f73453 elementor-inline-item\" itemprop=\"datePublished\">\n\t\t\t\t\t\t\t\t\t\t\t\t\t<span class=\"elementor-icon-list-text elementor-post-info__item elementor-post-info__item--type-date\">\n\t\t\t\t\t\t\t\t\t\t<time>2023. June 9.<\/time>\t\t\t\t\t<\/span>\n\t\t\t\t\t\t\t\t<\/li>\n\t\t\t\t<\/ul>\n\t\t\t\t\t\t<\/div>\n\t\t\t\t<\/div>\n\t\t\t\t<div class=\"elementor-element elementor-element-f2813a9 elementor-widget elementor-widget-theme-post-title elementor-page-title elementor-widget-heading\" data-id=\"f2813a9\" data-element_type=\"widget\" data-e-type=\"widget\" data-widget_type=\"theme-post-title.default\">\n\t\t\t\t<div class=\"elementor-widget-container\">\n\t\t\t\t\t<h3 class=\"elementor-heading-title elementor-size-default\">Hotel Relax Resort Kreischberg<\/h3>\t\t\t\t<\/div>\n\t\t\t\t<\/div>\n\t\t\t\t<div class=\"elementor-element elementor-element-16a6397 elementor-widget elementor-widget-button\" data-id=\"16a6397\" data-element_type=\"widget\" data-e-type=\"widget\" data-widget_type=\"button.default\">\n\t\t\t\t<div class=\"elementor-widget-container\">\n\t\t\t\t\t\t\t\t\t<div class=\"elementor-button-wrapper\">\n\t\t\t\t\t<a class=\"elementor-button elementor-button-link elementor-size-sm\" href=\"https:\/\/relaxmurau.at\/en\/hotel-relax-resort-kreischberg\/\">\n\t\t\t\t\t\t<span class=\"elementor-button-content-wrapper\">\n\t\t\t\t\t\t\t\t\t<span class=\"elementor-button-text\">b\u0151vebben<\/span>\n\t\t\t\t\t<\/span>\n\t\t\t\t\t<\/a>\n\t\t\t\t<\/div>\n\t\t\t\t\t\t\t\t<\/div>\n\t\t\t\t<\/div>\n\t\t\t\t<div class=\"elementor-element elementor-element-4f4c0a0 elementor-widget-divider--view-line elementor-widget elementor-widget-divider\" data-id=\"4f4c0a0\" data-element_type=\"widget\" data-e-type=\"widget\" data-widget_type=\"divider.default\">\n\t\t\t\t<div class=\"elementor-widget-container\">\n\t\t\t\t\t\t\t<div class=\"elementor-divider\">\n\t\t\t<span class=\"elementor-divider-separator\">\n\t\t\t\t\t\t<\/span>\n\t\t<\/div>\n\t\t\t\t\t\t<\/div>\n\t\t\t\t<\/div>\n\t\t\t\t\t<\/div>\n\t\t\t\t<\/div>\n\t\t\t\t<\/div>\n\t\t\t\t<\/div>\n\t\t\t\t\t<span class=\"e-load-more-spinner\">\n\t\t\t\t<i aria-hidden=\"true\" class=\"fas fa-spinner\"><\/i>\t\t\t<\/span>\n\t\t\n\t\t\t\t\t\t<\/div>\n\t\t\t\t<\/div>\n\t\t\t\t\t<\/div>\n\t\t\t\t<\/div>\n\t\t\t\t<\/div>\n\t\t","protected":false},"excerpt":{"rendered":"<p>News<\/p>","protected":false},"author":4,"featured_media":0,"parent":0,"menu_order":0,"comment_status":"closed","ping_status":"closed","template":"","meta":{"footnotes":""},"class_list":["post-1372","page","type-page","status-publish","hentry"],"yoast_head":"<!-- This site is optimized with the Yoast SEO plugin v27.4 - https:\/\/yoast.com\/product\/yoast-seo-wordpress\/ -->\n<title>Aktu\u00e1lis - Relax Resort Kreischberg<\/title>\n<meta name=\"robots\" content=\"index, follow, max-snippet:-1, max-image-preview:large, max-video-preview:-1\" \/>\n<link rel=\"canonical\" href=\"https:\/\/relaxmurau.at\/en\/news\/\" \/>\n<meta property=\"og:locale\" content=\"en_GB\" \/>\n<meta property=\"og:type\" content=\"article\" \/>\n<meta property=\"og:title\" content=\"Aktu\u00e1lis - Relax Resort Kreischberg\" \/>\n<meta property=\"og:description\" content=\"H\u00edrek\" \/>\n<meta property=\"og:url\" content=\"https:\/\/relaxmurau.at\/en\/news\/\" \/>\n<meta property=\"og:site_name\" content=\"Relax Resort Kreischberg\" \/>\n<meta property=\"article:modified_time\" content=\"2023-07-11T12:50:03+00:00\" \/>\n<meta name=\"twitter:card\" content=\"summary_large_image\" \/>\n<meta name=\"twitter:label1\" content=\"Estimated reading time\" \/>\n\t<meta name=\"twitter:data1\" content=\"1 minute\" \/>\n<script type=\"application\/ld+json\" class=\"yoast-schema-graph\">{\"@context\":\"https:\\\/\\\/schema.org\",\"@graph\":[{\"@type\":\"WebPage\",\"@id\":\"https:\\\/\\\/relaxmurau.at\\\/hu\\\/news\\\/\",\"url\":\"https:\\\/\\\/relaxmurau.at\\\/hu\\\/news\\\/\",\"name\":\"Aktu\u00e1lis - Relax Resort Kreischberg\",\"isPartOf\":{\"@id\":\"https:\\\/\\\/relaxmurau.at\\\/hu\\\/#website\"},\"datePublished\":\"2023-07-11T12:48:53+00:00\",\"dateModified\":\"2023-07-11T12:50:03+00:00\",\"breadcrumb\":{\"@id\":\"https:\\\/\\\/relaxmurau.at\\\/hu\\\/news\\\/#breadcrumb\"},\"inLanguage\":\"en-GB\",\"potentialAction\":[{\"@type\":\"ReadAction\",\"target\":[\"https:\\\/\\\/relaxmurau.at\\\/hu\\\/news\\\/\"]}]},{\"@type\":\"BreadcrumbList\",\"@id\":\"https:\\\/\\\/relaxmurau.at\\\/hu\\\/news\\\/#breadcrumb\",\"itemListElement\":[{\"@type\":\"ListItem\",\"position\":1,\"name\":\"Kezd\u0151lap\",\"item\":\"https:\\\/\\\/relaxmurau.at\\\/\"},{\"@type\":\"ListItem\",\"position\":2,\"name\":\"Aktu\u00e1lis\"}]},{\"@type\":\"WebSite\",\"@id\":\"https:\\\/\\\/relaxmurau.at\\\/hu\\\/#website\",\"url\":\"https:\\\/\\\/relaxmurau.at\\\/hu\\\/\",\"name\":\"Relax Resort Kreischberg\",\"description\":\"Relax Resort Kreischberg\",\"publisher\":{\"@id\":\"https:\\\/\\\/relaxmurau.at\\\/hu\\\/#organization\"},\"potentialAction\":[{\"@type\":\"SearchAction\",\"target\":{\"@type\":\"EntryPoint\",\"urlTemplate\":\"https:\\\/\\\/relaxmurau.at\\\/hu\\\/?s={search_term_string}\"},\"query-input\":{\"@type\":\"PropertyValueSpecification\",\"valueRequired\":true,\"valueName\":\"search_term_string\"}}],\"inLanguage\":\"en-GB\"},{\"@type\":\"Organization\",\"@id\":\"https:\\\/\\\/relaxmurau.at\\\/hu\\\/#organization\",\"name\":\"Relax Resort Kreischberg\",\"url\":\"https:\\\/\\\/relaxmurau.at\\\/hu\\\/\",\"logo\":{\"@type\":\"ImageObject\",\"inLanguage\":\"en-GB\",\"@id\":\"https:\\\/\\\/relaxmurau.at\\\/hu\\\/#\\\/schema\\\/logo\\\/image\\\/\",\"url\":\"https:\\\/\\\/relaxmurau.at\\\/wp-content\\\/uploads\\\/2023\\\/06\\\/relaxmurau-logo-gold.png\",\"contentUrl\":\"https:\\\/\\\/relaxmurau.at\\\/wp-content\\\/uploads\\\/2023\\\/06\\\/relaxmurau-logo-gold.png\",\"width\":298,\"height\":83,\"caption\":\"Relax Resort Kreischberg\"},\"image\":{\"@id\":\"https:\\\/\\\/relaxmurau.at\\\/hu\\\/#\\\/schema\\\/logo\\\/image\\\/\"}}]}<\/script>\n<!-- \/ Yoast SEO plugin. -->","yoast_head_json":{"title":"Aktu\u00e1lis - Relax Resort Kreischberg","robots":{"index":"index","follow":"follow","max-snippet":"max-snippet:-1","max-image-preview":"max-image-preview:large","max-video-preview":"max-video-preview:-1"},"canonical":"https:\/\/relaxmurau.at\/en\/news\/","og_locale":"en_GB","og_type":"article","og_title":"Aktu\u00e1lis - Relax Resort Kreischberg","og_description":"H\u00edrek","og_url":"https:\/\/relaxmurau.at\/en\/news\/","og_site_name":"Relax Resort Kreischberg","article_modified_time":"2023-07-11T12:50:03+00:00","twitter_card":"summary_large_image","twitter_misc":{"Estimated reading time":"1 minute"},"schema":{"@context":"https:\/\/schema.org","@graph":[{"@type":"WebPage","@id":"https:\/\/relaxmurau.at\/hu\/news\/","url":"https:\/\/relaxmurau.at\/hu\/news\/","name":"Aktu\u00e1lis - Relax Resort Kreischberg","isPartOf":{"@id":"https:\/\/relaxmurau.at\/hu\/#website"},"datePublished":"2023-07-11T12:48:53+00:00","dateModified":"2023-07-11T12:50:03+00:00","breadcrumb":{"@id":"https:\/\/relaxmurau.at\/hu\/news\/#breadcrumb"},"inLanguage":"en-GB","potentialAction":[{"@type":"ReadAction","target":["https:\/\/relaxmurau.at\/hu\/news\/"]}]},{"@type":"BreadcrumbList","@id":"https:\/\/relaxmurau.at\/hu\/news\/#breadcrumb","itemListElement":[{"@type":"ListItem","position":1,"name":"Kezd\u0151lap","item":"https:\/\/relaxmurau.at\/"},{"@type":"ListItem","position":2,"name":"Aktu\u00e1lis"}]},{"@type":"WebSite","@id":"https:\/\/relaxmurau.at\/hu\/#website","url":"https:\/\/relaxmurau.at\/hu\/","name":"Relax Resort Kreischberg","description":"Relax Resort Kreischberg","publisher":{"@id":"https:\/\/relaxmurau.at\/hu\/#organization"},"potentialAction":[{"@type":"SearchAction","target":{"@type":"EntryPoint","urlTemplate":"https:\/\/relaxmurau.at\/hu\/?s={search_term_string}"},"query-input":{"@type":"PropertyValueSpecification","valueRequired":true,"valueName":"search_term_string"}}],"inLanguage":"en-GB"},{"@type":"Organization","@id":"https:\/\/relaxmurau.at\/hu\/#organization","name":"Relax Resort Kreischberg","url":"https:\/\/relaxmurau.at\/hu\/","logo":{"@type":"ImageObject","inLanguage":"en-GB","@id":"https:\/\/relaxmurau.at\/hu\/#\/schema\/logo\/image\/","url":"https:\/\/relaxmurau.at\/wp-content\/uploads\/2023\/06\/relaxmurau-logo-gold.png","contentUrl":"https:\/\/relaxmurau.at\/wp-content\/uploads\/2023\/06\/relaxmurau-logo-gold.png","width":298,"height":83,"caption":"Relax Resort Kreischberg"},"image":{"@id":"https:\/\/relaxmurau.at\/hu\/#\/schema\/logo\/image\/"}}]}},"_links":{"self":[{"href":"https:\/\/relaxmurau.at\/en\/wp-json\/wp\/v2\/pages\/1372","targetHints":{"allow":["GET"]}}],"collection":[{"href":"https:\/\/relaxmurau.at\/en\/wp-json\/wp\/v2\/pages"}],"about":[{"href":"https:\/\/relaxmurau.at\/en\/wp-json\/wp\/v2\/types\/page"}],"author":[{"embeddable":true,"href":"https:\/\/relaxmurau.at\/en\/wp-json\/wp\/v2\/users\/4"}],"replies":[{"embeddable":true,"href":"https:\/\/relaxmurau.at\/en\/wp-json\/wp\/v2\/comments?post=1372"}],"version-history":[{"count":4,"href":"https:\/\/relaxmurau.at\/en\/wp-json\/wp\/v2\/pages\/1372\/revisions"}],"predecessor-version":[{"id":1376,"href":"https:\/\/relaxmurau.at\/en\/wp-json\/wp\/v2\/pages\/1372\/revisions\/1376"}],"wp:attachment":[{"href":"https:\/\/relaxmurau.at\/en\/wp-json\/wp\/v2\/media?parent=1372"}],"curies":[{"name":"wp","href":"https:\/\/api.w.org\/{rel}","templated":true}]}}