{"id":1252,"date":"2023-06-26T14:14:05","date_gmt":"2023-06-26T12:14:05","guid":{"rendered":"https:\/\/relaxmurau.at\/?page_id=1252"},"modified":"2023-08-16T11:27:16","modified_gmt":"2023-08-16T09:27:16","slug":"conference-package","status":"publish","type":"page","link":"https:\/\/relaxmurau.at\/en\/ajanlataink\/konferenciacsomag\/","title":{"rendered":"CONFERENCE PACKAGE"},"content":{"rendered":"<div data-elementor-type=\"wp-page\" data-elementor-id=\"1252\" class=\"elementor elementor-1252\" data-elementor-post-type=\"page\">\n\t\t\t\t<div class=\"elementor-element elementor-element-79257e8 e-con-full e-flex e-con e-parent\" data-id=\"79257e8\" data-element_type=\"container\" data-e-type=\"container\">\n\t\t<div class=\"elementor-element elementor-element-bb01786 e-con-full e-flex e-con e-parent\" data-id=\"bb01786\" data-element_type=\"container\" data-e-type=\"container\" data-settings=\"{&quot;background_background&quot;:&quot;classic&quot;}\">\n\t\t\t\t<div class=\"elementor-element elementor-element-41d8c18 elementor-widget elementor-widget-image\" data-id=\"41d8c18\" data-element_type=\"widget\" data-e-type=\"widget\" data-widget_type=\"image.default\">\n\t\t\t\t<div class=\"elementor-widget-container\">\n\t\t\t\t\t\t\t\t\t\t\t\t\t\t\t<img loading=\"lazy\" decoding=\"async\" width=\"800\" height=\"800\" src=\"https:\/\/relaxmurau.at\/wp-content\/uploads\/2023\/06\/relax_restaurant.jpg\" class=\"attachment-large size-large wp-image-236\" alt=\"\" srcset=\"https:\/\/relaxmurau.at\/wp-content\/uploads\/2023\/06\/relax_restaurant.jpg 1000w, https:\/\/relaxmurau.at\/wp-content\/uploads\/2023\/06\/relax_restaurant-300x300.jpg 300w, https:\/\/relaxmurau.at\/wp-content\/uploads\/2023\/06\/relax_restaurant-150x150.jpg 150w, https:\/\/relaxmurau.at\/wp-content\/uploads\/2023\/06\/relax_restaurant-768x768.jpg 768w\" sizes=\"auto, (max-width: 800px) 100vw, 800px\" \/>\t\t\t\t\t\t\t\t\t\t\t\t\t\t\t<\/div>\n\t\t\t\t<\/div>\n\t\t\t\t<\/div>\n\t\t<div class=\"elementor-element elementor-element-0958dc0 e-con-full e-flex e-con e-parent\" data-id=\"0958dc0\" data-element_type=\"container\" data-e-type=\"container\">\n\t\t\t\t<div class=\"elementor-element elementor-element-c869430 elementor-widget elementor-widget-heading\" data-id=\"c869430\" data-element_type=\"widget\" data-e-type=\"widget\" data-widget_type=\"heading.default\">\n\t\t\t\t<div class=\"elementor-widget-container\">\n\t\t\t\t\t<h2 class=\"elementor-heading-title elementor-size-default\">CONFERENCE PACKAGE<\/h2>\t\t\t\t<\/div>\n\t\t\t\t<\/div>\n\t\t\t\t<div class=\"elementor-element elementor-element-2f8945d elementor-widget elementor-widget-text-editor\" data-id=\"2f8945d\" data-element_type=\"widget\" data-e-type=\"widget\" data-widget_type=\"text-editor.default\">\n\t\t\t\t<div class=\"elementor-widget-container\">\n\t\t\t\t\t\t\t\t\t<p><strong>The ideal venue for any event!<\/strong><\/p><p>All-day event package offer:<\/p><ul><li>All-day room rental<\/li><li>Flipchart \/ Projector<\/li><li>Wi-Fi<\/li><li>2 coffee breaks with refreshments, fruit and snacks<\/li><li>2-course menu or buffet with 2 refreshments<\/li><li>Free parking<\/li><li>VAT included<\/li><\/ul>\t\t\t\t\t\t\t\t<\/div>\n\t\t\t\t<\/div>\n\t\t\t\t<div class=\"elementor-element elementor-element-e77c51f elementor-widget elementor-widget-heading\" data-id=\"e77c51f\" data-element_type=\"widget\" data-e-type=\"widget\" data-widget_type=\"heading.default\">\n\t\t\t\t<div class=\"elementor-widget-container\">\n\t\t\t\t\t<div class=\"elementor-heading-title elementor-size-default\">Request an offer at one of our contacts below :<\/div>\t\t\t\t<\/div>\n\t\t\t\t<\/div>\n\t\t\t\t<div class=\"elementor-element elementor-element-d50ea1d elementor-widget elementor-widget-jet-listing-dynamic-field\" data-id=\"d50ea1d\" data-element_type=\"widget\" data-e-type=\"widget\" data-widget_type=\"jet-listing-dynamic-field.default\">\n\t\t\t\t<div class=\"elementor-widget-container\">\n\t\t\t\t\t<div class=\"jet-listing jet-listing-dynamic-field display-inline\"><div class=\"jet-listing-dynamic-field__inline-wrap\"><div class=\"jet-listing-dynamic-field__content\" >Tel.: +43 66 41 07 8282<\/div><\/div><\/div>\t\t\t\t<\/div>\n\t\t\t\t<\/div>\n\t\t\t\t<div class=\"elementor-element elementor-element-48b80fa elementor-widget elementor-widget-jet-listing-dynamic-field\" data-id=\"48b80fa\" data-element_type=\"widget\" data-e-type=\"widget\" data-widget_type=\"jet-listing-dynamic-field.default\">\n\t\t\t\t<div class=\"elementor-widget-container\">\n\t\t\t\t\t<div class=\"jet-listing jet-listing-dynamic-field display-inline\"><div class=\"jet-listing-dynamic-field__inline-wrap\"><div class=\"jet-listing-dynamic-field__content\" >E-mail: <a href=\"mailto:sales@relaxmurau.at\">sales@relaxmurau.at<\/a><\/div><\/div><\/div>\t\t\t\t<\/div>\n\t\t\t\t<\/div>\n\t\t\t\t<\/div>\n\t\t\t\t<\/div>\n\t\t\t\t<\/div>","protected":false},"excerpt":{"rendered":"<p>Ide\u00e1lis helysz\u00edn b\u00e1rmilyen rendezv\u00e9nynek! Eg\u00e9sz napos rendezv\u00e9ny csomagaj\u00e1nlatunk tartalma: Eg\u00e9sznapos teremb\u00e9rl\u00e9s Flipchart \/ Projektor Wi-Fi haszn\u00e1lat K\u00e1v\u00e9sz\u00fcnet friss\u00edt\u0151 italokkal, gy\u00fcm\u00f6lcs \u00e9s snack bek\u00e9sz\u00edt\u00e9ssel k\u00e9t alkalommal 2 fog\u00e1sos eb\u00e9d vagy b\u00fcf\u00e9 2 friss\u00edt\u0151vel Ingyenes parkol\u00e1s \u00c1ltal\u00e1nos forgalmi ad\u00f3 K\u00e9rjen aj\u00e1nlatot az al\u00e1bbi el\u00e9rhet\u0151s\u00e9gek egyik\u00e9n: Tel.: +43 66 41 07 8283 E-mail: sales@relaxmurau.at<\/p>","protected":false},"author":4,"featured_media":236,"parent":274,"menu_order":0,"comment_status":"closed","ping_status":"closed","template":"","meta":{"footnotes":""},"class_list":["post-1252","page","type-page","status-publish","has-post-thumbnail","hentry"],"yoast_head":"<!-- This site is optimized with the Yoast SEO plugin v27.4 - https:\/\/yoast.com\/product\/yoast-seo-wordpress\/ -->\n<title>Konferenciacsomag - Relax Resort Kreischberg<\/title>\n<meta name=\"robots\" content=\"index, follow, max-snippet:-1, max-image-preview:large, max-video-preview:-1\" \/>\n<link rel=\"canonical\" href=\"https:\/\/relaxmurau.at\/en\/offers\/conference-package\/\" \/>\n<meta property=\"og:locale\" content=\"en_GB\" \/>\n<meta property=\"og:type\" content=\"article\" \/>\n<meta property=\"og:title\" content=\"Konferenciacsomag - Relax Resort Kreischberg\" \/>\n<meta property=\"og:description\" content=\"Ide\u00e1lis helysz\u00edn b\u00e1rmilyen rendezv\u00e9nynek! Eg\u00e9sz napos rendezv\u00e9ny csomagaj\u00e1nlatunk tartalma: Eg\u00e9sznapos teremb\u00e9rl\u00e9s Flipchart \/ Projektor Wi-Fi haszn\u00e1lat K\u00e1v\u00e9sz\u00fcnet friss\u00edt\u0151 italokkal, gy\u00fcm\u00f6lcs \u00e9s snack bek\u00e9sz\u00edt\u00e9ssel k\u00e9t alkalommal 2 fog\u00e1sos eb\u00e9d vagy b\u00fcf\u00e9 2 friss\u00edt\u0151vel Ingyenes parkol\u00e1s \u00c1ltal\u00e1nos forgalmi ad\u00f3 K\u00e9rjen aj\u00e1nlatot az al\u00e1bbi el\u00e9rhet\u0151s\u00e9gek egyik\u00e9n: Tel.: +43 66 41 07 8283 E-mail: sales@relaxmurau.at\" \/>\n<meta property=\"og:url\" content=\"https:\/\/relaxmurau.at\/en\/offers\/conference-package\/\" \/>\n<meta property=\"og:site_name\" content=\"Relax Resort Kreischberg\" \/>\n<meta property=\"article:modified_time\" content=\"2023-08-16T09:27:16+00:00\" \/>\n<meta property=\"og:image\" content=\"https:\/\/relaxmurau.at\/wp-content\/uploads\/2023\/06\/relax_restaurant.jpg\" \/>\n\t<meta property=\"og:image:width\" content=\"1000\" \/>\n\t<meta property=\"og:image:height\" content=\"1000\" \/>\n\t<meta property=\"og:image:type\" content=\"image\/jpeg\" \/>\n<meta name=\"twitter:card\" content=\"summary_large_image\" \/>\n<meta name=\"twitter:label1\" content=\"Estimated reading time\" \/>\n\t<meta name=\"twitter:data1\" content=\"1 minute\" \/>\n<script type=\"application\/ld+json\" class=\"yoast-schema-graph\">{\"@context\":\"https:\\\/\\\/schema.org\",\"@graph\":[{\"@type\":\"WebPage\",\"@id\":\"https:\\\/\\\/relaxmurau.at\\\/ajanlataink\\\/konferenciacsomag\\\/\",\"url\":\"https:\\\/\\\/relaxmurau.at\\\/ajanlataink\\\/konferenciacsomag\\\/\",\"name\":\"Konferenciacsomag - Relax Resort Kreischberg\",\"isPartOf\":{\"@id\":\"https:\\\/\\\/relaxmurau.at\\\/hu\\\/#website\"},\"primaryImageOfPage\":{\"@id\":\"https:\\\/\\\/relaxmurau.at\\\/ajanlataink\\\/konferenciacsomag\\\/#primaryimage\"},\"image\":{\"@id\":\"https:\\\/\\\/relaxmurau.at\\\/ajanlataink\\\/konferenciacsomag\\\/#primaryimage\"},\"thumbnailUrl\":\"https:\\\/\\\/relaxmurau.at\\\/wp-content\\\/uploads\\\/2023\\\/06\\\/relax_restaurant.jpg\",\"datePublished\":\"2023-06-26T12:14:05+00:00\",\"dateModified\":\"2023-08-16T09:27:16+00:00\",\"breadcrumb\":{\"@id\":\"https:\\\/\\\/relaxmurau.at\\\/ajanlataink\\\/konferenciacsomag\\\/#breadcrumb\"},\"inLanguage\":\"en-GB\",\"potentialAction\":[{\"@type\":\"ReadAction\",\"target\":[\"https:\\\/\\\/relaxmurau.at\\\/ajanlataink\\\/konferenciacsomag\\\/\"]}]},{\"@type\":\"ImageObject\",\"inLanguage\":\"en-GB\",\"@id\":\"https:\\\/\\\/relaxmurau.at\\\/ajanlataink\\\/konferenciacsomag\\\/#primaryimage\",\"url\":\"https:\\\/\\\/relaxmurau.at\\\/wp-content\\\/uploads\\\/2023\\\/06\\\/relax_restaurant.jpg\",\"contentUrl\":\"https:\\\/\\\/relaxmurau.at\\\/wp-content\\\/uploads\\\/2023\\\/06\\\/relax_restaurant.jpg\",\"width\":1000,\"height\":1000},{\"@type\":\"BreadcrumbList\",\"@id\":\"https:\\\/\\\/relaxmurau.at\\\/ajanlataink\\\/konferenciacsomag\\\/#breadcrumb\",\"itemListElement\":[{\"@type\":\"ListItem\",\"position\":1,\"name\":\"Kezd\u0151lap\",\"item\":\"https:\\\/\\\/relaxmurau.at\\\/\"},{\"@type\":\"ListItem\",\"position\":2,\"name\":\"Aj\u00e1nlataink\",\"item\":\"https:\\\/\\\/relaxmurau.at\\\/ajanlataink\\\/\"},{\"@type\":\"ListItem\",\"position\":3,\"name\":\"Konferenciacsomag\"}]},{\"@type\":\"WebSite\",\"@id\":\"https:\\\/\\\/relaxmurau.at\\\/hu\\\/#website\",\"url\":\"https:\\\/\\\/relaxmurau.at\\\/hu\\\/\",\"name\":\"Relax Resort Kreischberg\",\"description\":\"Relax Resort Kreischberg\",\"publisher\":{\"@id\":\"https:\\\/\\\/relaxmurau.at\\\/hu\\\/#organization\"},\"potentialAction\":[{\"@type\":\"SearchAction\",\"target\":{\"@type\":\"EntryPoint\",\"urlTemplate\":\"https:\\\/\\\/relaxmurau.at\\\/hu\\\/?s={search_term_string}\"},\"query-input\":{\"@type\":\"PropertyValueSpecification\",\"valueRequired\":true,\"valueName\":\"search_term_string\"}}],\"inLanguage\":\"en-GB\"},{\"@type\":\"Organization\",\"@id\":\"https:\\\/\\\/relaxmurau.at\\\/hu\\\/#organization\",\"name\":\"Relax Resort Kreischberg\",\"url\":\"https:\\\/\\\/relaxmurau.at\\\/hu\\\/\",\"logo\":{\"@type\":\"ImageObject\",\"inLanguage\":\"en-GB\",\"@id\":\"https:\\\/\\\/relaxmurau.at\\\/hu\\\/#\\\/schema\\\/logo\\\/image\\\/\",\"url\":\"https:\\\/\\\/relaxmurau.at\\\/wp-content\\\/uploads\\\/2023\\\/06\\\/relaxmurau-logo-gold.png\",\"contentUrl\":\"https:\\\/\\\/relaxmurau.at\\\/wp-content\\\/uploads\\\/2023\\\/06\\\/relaxmurau-logo-gold.png\",\"width\":298,\"height\":83,\"caption\":\"Relax Resort Kreischberg\"},\"image\":{\"@id\":\"https:\\\/\\\/relaxmurau.at\\\/hu\\\/#\\\/schema\\\/logo\\\/image\\\/\"}}]}<\/script>\n<!-- \/ Yoast SEO plugin. -->","yoast_head_json":{"title":"Konferenciacsomag - Relax Resort Kreischberg","robots":{"index":"index","follow":"follow","max-snippet":"max-snippet:-1","max-image-preview":"max-image-preview:large","max-video-preview":"max-video-preview:-1"},"canonical":"https:\/\/relaxmurau.at\/en\/offers\/conference-package\/","og_locale":"en_GB","og_type":"article","og_title":"Konferenciacsomag - Relax Resort Kreischberg","og_description":"Ide\u00e1lis helysz\u00edn b\u00e1rmilyen rendezv\u00e9nynek! Eg\u00e9sz napos rendezv\u00e9ny csomagaj\u00e1nlatunk tartalma: Eg\u00e9sznapos teremb\u00e9rl\u00e9s Flipchart \/ Projektor Wi-Fi haszn\u00e1lat K\u00e1v\u00e9sz\u00fcnet friss\u00edt\u0151 italokkal, gy\u00fcm\u00f6lcs \u00e9s snack bek\u00e9sz\u00edt\u00e9ssel k\u00e9t alkalommal 2 fog\u00e1sos eb\u00e9d vagy b\u00fcf\u00e9 2 friss\u00edt\u0151vel Ingyenes parkol\u00e1s \u00c1ltal\u00e1nos forgalmi ad\u00f3 K\u00e9rjen aj\u00e1nlatot az al\u00e1bbi el\u00e9rhet\u0151s\u00e9gek egyik\u00e9n: Tel.: +43 66 41 07 8283 E-mail: sales@relaxmurau.at","og_url":"https:\/\/relaxmurau.at\/en\/offers\/conference-package\/","og_site_name":"Relax Resort Kreischberg","article_modified_time":"2023-08-16T09:27:16+00:00","og_image":[{"width":1000,"height":1000,"url":"https:\/\/relaxmurau.at\/wp-content\/uploads\/2023\/06\/relax_restaurant.jpg","type":"image\/jpeg"}],"twitter_card":"summary_large_image","twitter_misc":{"Estimated reading time":"1 minute"},"schema":{"@context":"https:\/\/schema.org","@graph":[{"@type":"WebPage","@id":"https:\/\/relaxmurau.at\/ajanlataink\/konferenciacsomag\/","url":"https:\/\/relaxmurau.at\/ajanlataink\/konferenciacsomag\/","name":"Konferenciacsomag - Relax Resort Kreischberg","isPartOf":{"@id":"https:\/\/relaxmurau.at\/hu\/#website"},"primaryImageOfPage":{"@id":"https:\/\/relaxmurau.at\/ajanlataink\/konferenciacsomag\/#primaryimage"},"image":{"@id":"https:\/\/relaxmurau.at\/ajanlataink\/konferenciacsomag\/#primaryimage"},"thumbnailUrl":"https:\/\/relaxmurau.at\/wp-content\/uploads\/2023\/06\/relax_restaurant.jpg","datePublished":"2023-06-26T12:14:05+00:00","dateModified":"2023-08-16T09:27:16+00:00","breadcrumb":{"@id":"https:\/\/relaxmurau.at\/ajanlataink\/konferenciacsomag\/#breadcrumb"},"inLanguage":"en-GB","potentialAction":[{"@type":"ReadAction","target":["https:\/\/relaxmurau.at\/ajanlataink\/konferenciacsomag\/"]}]},{"@type":"ImageObject","inLanguage":"en-GB","@id":"https:\/\/relaxmurau.at\/ajanlataink\/konferenciacsomag\/#primaryimage","url":"https:\/\/relaxmurau.at\/wp-content\/uploads\/2023\/06\/relax_restaurant.jpg","contentUrl":"https:\/\/relaxmurau.at\/wp-content\/uploads\/2023\/06\/relax_restaurant.jpg","width":1000,"height":1000},{"@type":"BreadcrumbList","@id":"https:\/\/relaxmurau.at\/ajanlataink\/konferenciacsomag\/#breadcrumb","itemListElement":[{"@type":"ListItem","position":1,"name":"Kezd\u0151lap","item":"https:\/\/relaxmurau.at\/"},{"@type":"ListItem","position":2,"name":"Aj\u00e1nlataink","item":"https:\/\/relaxmurau.at\/ajanlataink\/"},{"@type":"ListItem","position":3,"name":"Konferenciacsomag"}]},{"@type":"WebSite","@id":"https:\/\/relaxmurau.at\/hu\/#website","url":"https:\/\/relaxmurau.at\/hu\/","name":"Relax Resort Kreischberg","description":"Relax Resort Kreischberg","publisher":{"@id":"https:\/\/relaxmurau.at\/hu\/#organization"},"potentialAction":[{"@type":"SearchAction","target":{"@type":"EntryPoint","urlTemplate":"https:\/\/relaxmurau.at\/hu\/?s={search_term_string}"},"query-input":{"@type":"PropertyValueSpecification","valueRequired":true,"valueName":"search_term_string"}}],"inLanguage":"en-GB"},{"@type":"Organization","@id":"https:\/\/relaxmurau.at\/hu\/#organization","name":"Relax Resort Kreischberg","url":"https:\/\/relaxmurau.at\/hu\/","logo":{"@type":"ImageObject","inLanguage":"en-GB","@id":"https:\/\/relaxmurau.at\/hu\/#\/schema\/logo\/image\/","url":"https:\/\/relaxmurau.at\/wp-content\/uploads\/2023\/06\/relaxmurau-logo-gold.png","contentUrl":"https:\/\/relaxmurau.at\/wp-content\/uploads\/2023\/06\/relaxmurau-logo-gold.png","width":298,"height":83,"caption":"Relax Resort Kreischberg"},"image":{"@id":"https:\/\/relaxmurau.at\/hu\/#\/schema\/logo\/image\/"}}]}},"_links":{"self":[{"href":"https:\/\/relaxmurau.at\/en\/wp-json\/wp\/v2\/pages\/1252","targetHints":{"allow":["GET"]}}],"collection":[{"href":"https:\/\/relaxmurau.at\/en\/wp-json\/wp\/v2\/pages"}],"about":[{"href":"https:\/\/relaxmurau.at\/en\/wp-json\/wp\/v2\/types\/page"}],"author":[{"embeddable":true,"href":"https:\/\/relaxmurau.at\/en\/wp-json\/wp\/v2\/users\/4"}],"replies":[{"embeddable":true,"href":"https:\/\/relaxmurau.at\/en\/wp-json\/wp\/v2\/comments?post=1252"}],"version-history":[{"count":5,"href":"https:\/\/relaxmurau.at\/en\/wp-json\/wp\/v2\/pages\/1252\/revisions"}],"predecessor-version":[{"id":2070,"href":"https:\/\/relaxmurau.at\/en\/wp-json\/wp\/v2\/pages\/1252\/revisions\/2070"}],"up":[{"embeddable":true,"href":"https:\/\/relaxmurau.at\/en\/wp-json\/wp\/v2\/pages\/274"}],"wp:featuredmedia":[{"embeddable":true,"href":"https:\/\/relaxmurau.at\/en\/wp-json\/wp\/v2\/media\/236"}],"wp:attachment":[{"href":"https:\/\/relaxmurau.at\/en\/wp-json\/wp\/v2\/media?parent=1252"}],"curies":[{"name":"wp","href":"https:\/\/api.w.org\/{rel}","templated":true}]}}