{"id":1236,"date":"2023-06-26T14:08:56","date_gmt":"2023-06-26T12:08:56","guid":{"rendered":"https:\/\/relaxmurau.at\/?page_id=1236"},"modified":"2023-08-30T15:04:41","modified_gmt":"2023-08-30T13:04:41","slug":"summer-vacation","status":"publish","type":"page","link":"https:\/\/relaxmurau.at\/en\/ajanlataink\/nyaralas-a-hegyekben\/","title":{"rendered":"Summer vacation"},"content":{"rendered":"<div data-elementor-type=\"wp-page\" data-elementor-id=\"1236\" class=\"elementor elementor-1236\" data-elementor-post-type=\"page\">\n\t\t\t\t<div class=\"elementor-element elementor-element-504ed5a e-con-full e-flex e-con e-parent\" data-id=\"504ed5a\" data-element_type=\"container\" data-e-type=\"container\">\n\t\t<div class=\"elementor-element elementor-element-f474094 e-con-full e-flex e-con e-parent\" data-id=\"f474094\" data-element_type=\"container\" data-e-type=\"container\" data-settings=\"{&quot;background_background&quot;:&quot;classic&quot;}\">\n\t\t\t\t<div class=\"elementor-element elementor-element-2148251 elementor-widget elementor-widget-image\" data-id=\"2148251\" data-element_type=\"widget\" data-e-type=\"widget\" data-widget_type=\"image.default\">\n\t\t\t\t<div class=\"elementor-widget-container\">\n\t\t\t\t\t\t\t\t\t\t\t\t\t\t\t<img loading=\"lazy\" decoding=\"async\" width=\"656\" height=\"656\" src=\"https:\/\/relaxmurau.at\/wp-content\/uploads\/2023\/06\/waterfall.jpg\" class=\"attachment-large size-large wp-image-463\" alt=\"\" srcset=\"https:\/\/relaxmurau.at\/wp-content\/uploads\/2023\/06\/waterfall.jpg 656w, https:\/\/relaxmurau.at\/wp-content\/uploads\/2023\/06\/waterfall-300x300.jpg 300w, https:\/\/relaxmurau.at\/wp-content\/uploads\/2023\/06\/waterfall-150x150.jpg 150w\" sizes=\"auto, (max-width: 656px) 100vw, 656px\" \/>\t\t\t\t\t\t\t\t\t\t\t\t\t\t\t<\/div>\n\t\t\t\t<\/div>\n\t\t\t\t<\/div>\n\t\t<div class=\"elementor-element elementor-element-45cb386 e-con-full e-flex e-con e-parent\" data-id=\"45cb386\" data-element_type=\"container\" data-e-type=\"container\">\n\t\t\t\t<div class=\"elementor-element elementor-element-3766e4a elementor-widget elementor-widget-heading\" data-id=\"3766e4a\" data-element_type=\"widget\" data-e-type=\"widget\" data-widget_type=\"heading.default\">\n\t\t\t\t<div class=\"elementor-widget-container\">\n\t\t\t\t\t<h2 class=\"elementor-heading-title elementor-size-default\">Summer vacation<\/h2>\t\t\t\t<\/div>\n\t\t\t\t<\/div>\n\t\t\t\t<div class=\"elementor-element elementor-element-cbd20f7 elementor-widget elementor-widget-text-editor\" data-id=\"cbd20f7\" data-element_type=\"widget\" data-e-type=\"widget\" data-widget_type=\"text-editor.default\">\n\t\t\t\t<div class=\"elementor-widget-container\">\n\t\t\t\t\t\t\t\t\t<p><strong>Available from 4 nights!<\/strong><br \/><strong>Valid from 2023.06.26. to 2023.09.15<\/strong><br \/><strong>Minimum 4 nights<\/strong><\/p><p>The package contains the following serives:<\/p><ul><li>Accomodation in the selected room type<\/li><li>Buffet breakfast<\/li><li>Half board dinner with wide selection<\/li><\/ul>\t\t\t\t\t\t\t\t<\/div>\n\t\t\t\t<\/div>\n\t\t<div class=\"elementor-element elementor-element-c3fba7b e-con-full e-flex e-con e-parent\" data-id=\"c3fba7b\" data-element_type=\"container\" data-e-type=\"container\">\n\t\t\t\t<div class=\"elementor-element elementor-element-a145f0e elementor-align-center elementor-widget elementor-widget-button\" data-id=\"a145f0e\" data-element_type=\"widget\" data-e-type=\"widget\" data-widget_type=\"button.default\">\n\t\t\t\t<div class=\"elementor-widget-container\">\n\t\t\t\t\t\t\t\t\t<div class=\"elementor-button-wrapper\">\n\t\t\t\t\t<a class=\"elementor-button elementor-button-link elementor-size-sm\" href=\"https:\/\/relaxmurau.at\/en\/foglalas\/\">\n\t\t\t\t\t\t<span class=\"elementor-button-content-wrapper\">\n\t\t\t\t\t\t\t\t\t<span class=\"elementor-button-text\">book a room<\/span>\n\t\t\t\t\t<\/span>\n\t\t\t\t\t<\/a>\n\t\t\t\t<\/div>\n\t\t\t\t\t\t\t\t<\/div>\n\t\t\t\t<\/div>\n\t\t\t\t<div class=\"elementor-element elementor-element-93cb8d6 elementor-align-left elementor-widget elementor-widget-button\" data-id=\"93cb8d6\" data-element_type=\"widget\" data-e-type=\"widget\" data-widget_type=\"button.default\">\n\t\t\t\t<div class=\"elementor-widget-container\">\n\t\t\t\t\t\t\t\t\t<div class=\"elementor-button-wrapper\">\n\t\t\t\t\t<a class=\"elementor-button elementor-button-link elementor-size-sm\" href=\"#elementor-action%3Aaction%3Dpopup%3Aopen%26settings%3DeyJpZCI6IjMwNyIsInRvZ2dsZSI6ZmFsc2V9\">\n\t\t\t\t\t\t<span class=\"elementor-button-content-wrapper\">\n\t\t\t\t\t\t<span class=\"elementor-button-icon\">\n\t\t\t\t<svg xmlns=\"http:\/\/www.w3.org\/2000\/svg\" width=\"16\" height=\"16\" viewbox=\"0 0 16 16\" fill=\"none\"><circle cx=\"8\" cy=\"8\" r=\"6.5\" stroke=\"black\" stroke-opacity=\"0.54\"><\/circle><path d=\"M7 4.93204C7 4.64725 7.09061 4.42071 7.27184 4.25243C7.46602 4.08414 7.71197 4 8.00971 4C8.30744 4 8.54693 4.08414 8.72816 4.25243C8.90939 4.42071 9 4.64725 9 4.93204C9 5.20388 8.90939 5.42395 8.72816 5.59223C8.54693 5.76052 8.30744 5.84466 8.00971 5.84466C7.71197 5.84466 7.46602 5.76052 7.27184 5.59223C7.09061 5.42395 7 5.20388 7 4.93204ZM8.68932 7V12H7.31068V7H8.68932Z\" fill=\"black\" fill-opacity=\"0.54\"><\/path><\/svg>\t\t\t<\/span>\n\t\t\t\t\t\t\t\t\t<span class=\"elementor-button-text\">booking conditions<\/span>\n\t\t\t\t\t<\/span>\n\t\t\t\t\t<\/a>\n\t\t\t\t<\/div>\n\t\t\t\t\t\t\t\t<\/div>\n\t\t\t\t<\/div>\n\t\t\t\t<\/div>\n\t\t\t\t<div class=\"elementor-element elementor-element-d3a49a5 elementor-widget elementor-widget-accordion\" data-id=\"d3a49a5\" data-element_type=\"widget\" data-e-type=\"widget\" data-widget_type=\"accordion.default\">\n\t\t\t\t<div class=\"elementor-widget-container\">\n\t\t\t\t\t\t\t<div class=\"elementor-accordion\">\n\t\t\t\t\t\t\t<div class=\"elementor-accordion-item\">\n\t\t\t\t\t<div id=\"elementor-tab-title-2211\" class=\"elementor-tab-title\" data-tab=\"1\" role=\"button\" aria-controls=\"elementor-tab-content-2211\" aria-expanded=\"false\">\n\t\t\t\t\t\t\t\t\t\t\t\t\t<span class=\"elementor-accordion-icon elementor-accordion-icon-left\" aria-hidden=\"true\">\n\t\t\t\t\t\t\t\t\t\t\t\t\t\t\t<span class=\"elementor-accordion-icon-closed\"><i class=\"fas fa-plus\"><\/i><\/span>\n\t\t\t\t\t\t\t\t<span class=\"elementor-accordion-icon-opened\"><i class=\"fas fa-minus\"><\/i><\/span>\n\t\t\t\t\t\t\t\t\t\t\t\t\t\t<\/span>\n\t\t\t\t\t\t\t\t\t\t\t\t<a class=\"elementor-accordion-title\" tabindex=\"0\">Package extra:<\/a>\n\t\t\t\t\t<\/div>\n\t\t\t\t\t<div id=\"elementor-tab-content-2211\" class=\"elementor-tab-content elementor-clearfix\" data-tab=\"1\" role=\"region\" aria-labelledby=\"elementor-tab-title-2211\"><ul>\n<li>Welcome drink<\/li>\n<li>Bike rental for an extra charge<\/li>\n<li>Free hiking maps available at the reception<\/li>\n<li>10% discount from our massages<\/li>\n<li>Unlimited use of the panoramic wellness oasis<\/li>\n<li>Use of bathrobe and towels<\/li>\n<li>Free parking<\/li>\n<li>Free WI-FI<\/li>\n<li>VAT included<\/li>\n<\/ul><\/div>\n\t\t\t\t<\/div>\n\t\t\t\t\t\t\t\t<\/div>\n\t\t\t\t\t\t<\/div>\n\t\t\t\t<\/div>\n\t\t\t\t<\/div>\n\t\t\t\t<\/div>\n\t\t\t\t<\/div>","protected":false},"excerpt":{"rendered":"<p>Extra kedvezm\u00e9nnyel 4 \u00e9jszak\u00e1t\u00f3l!\u00c9rv\u00e9nyes: 2023.06.26 \u2013 2023.09.15.Minimum 4 \u00e9jszaka Kedvezm\u00e9nyes aj\u00e1nlatunk az al\u00e1bbi szolg\u00e1ltat\u00e1sokat tartalmazza: Sz\u00e1ll\u00e1s, a kiv\u00e1lasztott szobat\u00edpusban B\u0151s\u00e9ges b\u00fcf\u00e9reggeli F\u00e9lpanzi\u00f3s vacsora sz\u00e9les v\u00e1laszt\u00e9kkal szobafoglal\u00e1s Foglal\u00e1si felt\u00e9telek Csomag extra: \u00dcdv\u00f6zl\u0151ital Biciklib\u00e9rl\u00e9si lehet\u0151s\u00e9g a helysz\u00ednen, fel\u00e1r ellen\u00e9ben Ingyenes t\u00e9rk\u00e9p a helyi t\u00fara\u00fatvonalakr\u00f3l 10% kedvezm\u00e9ny massz\u00e1zsainkb\u00f3l Wellness korl\u00e1tlan haszn\u00e1lata F\u00fcrd\u0151k\u00f6peny \u00e9s t\u00f6r\u00f6lk\u00f6z\u0151 bek\u00e9sz\u00edt\u00e9s a szob\u00e1ba Ingyenes [&hellip;]<\/p>\n","protected":false},"author":4,"featured_media":463,"parent":274,"menu_order":0,"comment_status":"closed","ping_status":"closed","template":"","meta":{"footnotes":""},"class_list":["post-1236","page","type-page","status-publish","has-post-thumbnail","hentry"],"yoast_head":"<!-- This site is optimized with the Yoast SEO plugin v27.4 - https:\/\/yoast.com\/product\/yoast-seo-wordpress\/ -->\n<title>Nyaral\u00e1s a hegyekben - Relax Resort Kreischberg<\/title>\n<meta name=\"robots\" content=\"index, follow, max-snippet:-1, max-image-preview:large, max-video-preview:-1\" \/>\n<link rel=\"canonical\" href=\"https:\/\/relaxmurau.at\/en\/offers\/summer-vacation\/\" \/>\n<meta property=\"og:locale\" content=\"en_GB\" \/>\n<meta property=\"og:type\" content=\"article\" \/>\n<meta property=\"og:title\" content=\"Nyaral\u00e1s a hegyekben - Relax Resort Kreischberg\" \/>\n<meta property=\"og:description\" content=\"Extra kedvezm\u00e9nnyel 4 \u00e9jszak\u00e1t\u00f3l!\u00c9rv\u00e9nyes: 2023.06.26 \u2013 2023.09.15.Minimum 4 \u00e9jszaka Kedvezm\u00e9nyes aj\u00e1nlatunk az al\u00e1bbi szolg\u00e1ltat\u00e1sokat tartalmazza: Sz\u00e1ll\u00e1s, a kiv\u00e1lasztott szobat\u00edpusban B\u0151s\u00e9ges b\u00fcf\u00e9reggeli F\u00e9lpanzi\u00f3s vacsora sz\u00e9les v\u00e1laszt\u00e9kkal szobafoglal\u00e1s Foglal\u00e1si felt\u00e9telek Csomag extra: \u00dcdv\u00f6zl\u0151ital Biciklib\u00e9rl\u00e9si lehet\u0151s\u00e9g a helysz\u00ednen, fel\u00e1r ellen\u00e9ben Ingyenes t\u00e9rk\u00e9p a helyi t\u00fara\u00fatvonalakr\u00f3l 10% kedvezm\u00e9ny massz\u00e1zsainkb\u00f3l Wellness korl\u00e1tlan haszn\u00e1lata F\u00fcrd\u0151k\u00f6peny \u00e9s t\u00f6r\u00f6lk\u00f6z\u0151 bek\u00e9sz\u00edt\u00e9s a szob\u00e1ba Ingyenes [&hellip;]\" \/>\n<meta property=\"og:url\" content=\"https:\/\/relaxmurau.at\/en\/offers\/summer-vacation\/\" \/>\n<meta property=\"og:site_name\" content=\"Relax Resort Kreischberg\" \/>\n<meta property=\"article:modified_time\" content=\"2023-08-30T13:04:41+00:00\" \/>\n<meta property=\"og:image\" content=\"https:\/\/relaxmurau.at\/wp-content\/uploads\/2023\/06\/waterfall.jpg\" \/>\n\t<meta property=\"og:image:width\" content=\"656\" \/>\n\t<meta property=\"og:image:height\" content=\"656\" \/>\n\t<meta property=\"og:image:type\" content=\"image\/jpeg\" \/>\n<meta name=\"twitter:card\" content=\"summary_large_image\" \/>\n<meta name=\"twitter:label1\" content=\"Estimated reading time\" \/>\n\t<meta name=\"twitter:data1\" content=\"1 minute\" \/>\n<script type=\"application\/ld+json\" class=\"yoast-schema-graph\">{\"@context\":\"https:\\\/\\\/schema.org\",\"@graph\":[{\"@type\":\"WebPage\",\"@id\":\"https:\\\/\\\/relaxmurau.at\\\/ajanlataink\\\/nyaralas-a-hegyekben\\\/\",\"url\":\"https:\\\/\\\/relaxmurau.at\\\/ajanlataink\\\/nyaralas-a-hegyekben\\\/\",\"name\":\"Nyaral\u00e1s a hegyekben - Relax Resort Kreischberg\",\"isPartOf\":{\"@id\":\"https:\\\/\\\/relaxmurau.at\\\/hu\\\/#website\"},\"primaryImageOfPage\":{\"@id\":\"https:\\\/\\\/relaxmurau.at\\\/ajanlataink\\\/nyaralas-a-hegyekben\\\/#primaryimage\"},\"image\":{\"@id\":\"https:\\\/\\\/relaxmurau.at\\\/ajanlataink\\\/nyaralas-a-hegyekben\\\/#primaryimage\"},\"thumbnailUrl\":\"https:\\\/\\\/relaxmurau.at\\\/wp-content\\\/uploads\\\/2023\\\/06\\\/waterfall.jpg\",\"datePublished\":\"2023-06-26T12:08:56+00:00\",\"dateModified\":\"2023-08-30T13:04:41+00:00\",\"breadcrumb\":{\"@id\":\"https:\\\/\\\/relaxmurau.at\\\/ajanlataink\\\/nyaralas-a-hegyekben\\\/#breadcrumb\"},\"inLanguage\":\"en-GB\",\"potentialAction\":[{\"@type\":\"ReadAction\",\"target\":[\"https:\\\/\\\/relaxmurau.at\\\/ajanlataink\\\/nyaralas-a-hegyekben\\\/\"]}]},{\"@type\":\"ImageObject\",\"inLanguage\":\"en-GB\",\"@id\":\"https:\\\/\\\/relaxmurau.at\\\/ajanlataink\\\/nyaralas-a-hegyekben\\\/#primaryimage\",\"url\":\"https:\\\/\\\/relaxmurau.at\\\/wp-content\\\/uploads\\\/2023\\\/06\\\/waterfall.jpg\",\"contentUrl\":\"https:\\\/\\\/relaxmurau.at\\\/wp-content\\\/uploads\\\/2023\\\/06\\\/waterfall.jpg\",\"width\":656,\"height\":656},{\"@type\":\"BreadcrumbList\",\"@id\":\"https:\\\/\\\/relaxmurau.at\\\/ajanlataink\\\/nyaralas-a-hegyekben\\\/#breadcrumb\",\"itemListElement\":[{\"@type\":\"ListItem\",\"position\":1,\"name\":\"Kezd\u0151lap\",\"item\":\"https:\\\/\\\/relaxmurau.at\\\/\"},{\"@type\":\"ListItem\",\"position\":2,\"name\":\"Aj\u00e1nlataink\",\"item\":\"https:\\\/\\\/relaxmurau.at\\\/ajanlataink\\\/\"},{\"@type\":\"ListItem\",\"position\":3,\"name\":\"Nyaral\u00e1s a hegyekben\"}]},{\"@type\":\"WebSite\",\"@id\":\"https:\\\/\\\/relaxmurau.at\\\/hu\\\/#website\",\"url\":\"https:\\\/\\\/relaxmurau.at\\\/hu\\\/\",\"name\":\"Relax Resort Kreischberg\",\"description\":\"Relax Resort Kreischberg\",\"publisher\":{\"@id\":\"https:\\\/\\\/relaxmurau.at\\\/hu\\\/#organization\"},\"potentialAction\":[{\"@type\":\"SearchAction\",\"target\":{\"@type\":\"EntryPoint\",\"urlTemplate\":\"https:\\\/\\\/relaxmurau.at\\\/hu\\\/?s={search_term_string}\"},\"query-input\":{\"@type\":\"PropertyValueSpecification\",\"valueRequired\":true,\"valueName\":\"search_term_string\"}}],\"inLanguage\":\"en-GB\"},{\"@type\":\"Organization\",\"@id\":\"https:\\\/\\\/relaxmurau.at\\\/hu\\\/#organization\",\"name\":\"Relax Resort Kreischberg\",\"url\":\"https:\\\/\\\/relaxmurau.at\\\/hu\\\/\",\"logo\":{\"@type\":\"ImageObject\",\"inLanguage\":\"en-GB\",\"@id\":\"https:\\\/\\\/relaxmurau.at\\\/hu\\\/#\\\/schema\\\/logo\\\/image\\\/\",\"url\":\"https:\\\/\\\/relaxmurau.at\\\/wp-content\\\/uploads\\\/2023\\\/06\\\/relaxmurau-logo-gold.png\",\"contentUrl\":\"https:\\\/\\\/relaxmurau.at\\\/wp-content\\\/uploads\\\/2023\\\/06\\\/relaxmurau-logo-gold.png\",\"width\":298,\"height\":83,\"caption\":\"Relax Resort Kreischberg\"},\"image\":{\"@id\":\"https:\\\/\\\/relaxmurau.at\\\/hu\\\/#\\\/schema\\\/logo\\\/image\\\/\"}}]}<\/script>\n<!-- \/ Yoast SEO plugin. -->","yoast_head_json":{"title":"Nyaral\u00e1s a hegyekben - Relax Resort Kreischberg","robots":{"index":"index","follow":"follow","max-snippet":"max-snippet:-1","max-image-preview":"max-image-preview:large","max-video-preview":"max-video-preview:-1"},"canonical":"https:\/\/relaxmurau.at\/en\/offers\/summer-vacation\/","og_locale":"en_GB","og_type":"article","og_title":"Nyaral\u00e1s a hegyekben - Relax Resort Kreischberg","og_description":"Extra kedvezm\u00e9nnyel 4 \u00e9jszak\u00e1t\u00f3l!\u00c9rv\u00e9nyes: 2023.06.26 \u2013 2023.09.15.Minimum 4 \u00e9jszaka Kedvezm\u00e9nyes aj\u00e1nlatunk az al\u00e1bbi szolg\u00e1ltat\u00e1sokat tartalmazza: Sz\u00e1ll\u00e1s, a kiv\u00e1lasztott szobat\u00edpusban B\u0151s\u00e9ges b\u00fcf\u00e9reggeli F\u00e9lpanzi\u00f3s vacsora sz\u00e9les v\u00e1laszt\u00e9kkal szobafoglal\u00e1s Foglal\u00e1si felt\u00e9telek Csomag extra: \u00dcdv\u00f6zl\u0151ital Biciklib\u00e9rl\u00e9si lehet\u0151s\u00e9g a helysz\u00ednen, fel\u00e1r ellen\u00e9ben Ingyenes t\u00e9rk\u00e9p a helyi t\u00fara\u00fatvonalakr\u00f3l 10% kedvezm\u00e9ny massz\u00e1zsainkb\u00f3l Wellness korl\u00e1tlan haszn\u00e1lata F\u00fcrd\u0151k\u00f6peny \u00e9s t\u00f6r\u00f6lk\u00f6z\u0151 bek\u00e9sz\u00edt\u00e9s a szob\u00e1ba Ingyenes [&hellip;]","og_url":"https:\/\/relaxmurau.at\/en\/offers\/summer-vacation\/","og_site_name":"Relax Resort Kreischberg","article_modified_time":"2023-08-30T13:04:41+00:00","og_image":[{"width":656,"height":656,"url":"https:\/\/relaxmurau.at\/wp-content\/uploads\/2023\/06\/waterfall.jpg","type":"image\/jpeg"}],"twitter_card":"summary_large_image","twitter_misc":{"Estimated reading time":"1 minute"},"schema":{"@context":"https:\/\/schema.org","@graph":[{"@type":"WebPage","@id":"https:\/\/relaxmurau.at\/ajanlataink\/nyaralas-a-hegyekben\/","url":"https:\/\/relaxmurau.at\/ajanlataink\/nyaralas-a-hegyekben\/","name":"Nyaral\u00e1s a hegyekben - Relax Resort Kreischberg","isPartOf":{"@id":"https:\/\/relaxmurau.at\/hu\/#website"},"primaryImageOfPage":{"@id":"https:\/\/relaxmurau.at\/ajanlataink\/nyaralas-a-hegyekben\/#primaryimage"},"image":{"@id":"https:\/\/relaxmurau.at\/ajanlataink\/nyaralas-a-hegyekben\/#primaryimage"},"thumbnailUrl":"https:\/\/relaxmurau.at\/wp-content\/uploads\/2023\/06\/waterfall.jpg","datePublished":"2023-06-26T12:08:56+00:00","dateModified":"2023-08-30T13:04:41+00:00","breadcrumb":{"@id":"https:\/\/relaxmurau.at\/ajanlataink\/nyaralas-a-hegyekben\/#breadcrumb"},"inLanguage":"en-GB","potentialAction":[{"@type":"ReadAction","target":["https:\/\/relaxmurau.at\/ajanlataink\/nyaralas-a-hegyekben\/"]}]},{"@type":"ImageObject","inLanguage":"en-GB","@id":"https:\/\/relaxmurau.at\/ajanlataink\/nyaralas-a-hegyekben\/#primaryimage","url":"https:\/\/relaxmurau.at\/wp-content\/uploads\/2023\/06\/waterfall.jpg","contentUrl":"https:\/\/relaxmurau.at\/wp-content\/uploads\/2023\/06\/waterfall.jpg","width":656,"height":656},{"@type":"BreadcrumbList","@id":"https:\/\/relaxmurau.at\/ajanlataink\/nyaralas-a-hegyekben\/#breadcrumb","itemListElement":[{"@type":"ListItem","position":1,"name":"Kezd\u0151lap","item":"https:\/\/relaxmurau.at\/"},{"@type":"ListItem","position":2,"name":"Aj\u00e1nlataink","item":"https:\/\/relaxmurau.at\/ajanlataink\/"},{"@type":"ListItem","position":3,"name":"Nyaral\u00e1s a hegyekben"}]},{"@type":"WebSite","@id":"https:\/\/relaxmurau.at\/hu\/#website","url":"https:\/\/relaxmurau.at\/hu\/","name":"Relax Resort Kreischberg","description":"Relax Resort Kreischberg","publisher":{"@id":"https:\/\/relaxmurau.at\/hu\/#organization"},"potentialAction":[{"@type":"SearchAction","target":{"@type":"EntryPoint","urlTemplate":"https:\/\/relaxmurau.at\/hu\/?s={search_term_string}"},"query-input":{"@type":"PropertyValueSpecification","valueRequired":true,"valueName":"search_term_string"}}],"inLanguage":"en-GB"},{"@type":"Organization","@id":"https:\/\/relaxmurau.at\/hu\/#organization","name":"Relax Resort Kreischberg","url":"https:\/\/relaxmurau.at\/hu\/","logo":{"@type":"ImageObject","inLanguage":"en-GB","@id":"https:\/\/relaxmurau.at\/hu\/#\/schema\/logo\/image\/","url":"https:\/\/relaxmurau.at\/wp-content\/uploads\/2023\/06\/relaxmurau-logo-gold.png","contentUrl":"https:\/\/relaxmurau.at\/wp-content\/uploads\/2023\/06\/relaxmurau-logo-gold.png","width":298,"height":83,"caption":"Relax Resort Kreischberg"},"image":{"@id":"https:\/\/relaxmurau.at\/hu\/#\/schema\/logo\/image\/"}}]}},"_links":{"self":[{"href":"https:\/\/relaxmurau.at\/en\/wp-json\/wp\/v2\/pages\/1236","targetHints":{"allow":["GET"]}}],"collection":[{"href":"https:\/\/relaxmurau.at\/en\/wp-json\/wp\/v2\/pages"}],"about":[{"href":"https:\/\/relaxmurau.at\/en\/wp-json\/wp\/v2\/types\/page"}],"author":[{"embeddable":true,"href":"https:\/\/relaxmurau.at\/en\/wp-json\/wp\/v2\/users\/4"}],"replies":[{"embeddable":true,"href":"https:\/\/relaxmurau.at\/en\/wp-json\/wp\/v2\/comments?post=1236"}],"version-history":[{"count":5,"href":"https:\/\/relaxmurau.at\/en\/wp-json\/wp\/v2\/pages\/1236\/revisions"}],"predecessor-version":[{"id":2137,"href":"https:\/\/relaxmurau.at\/en\/wp-json\/wp\/v2\/pages\/1236\/revisions\/2137"}],"up":[{"embeddable":true,"href":"https:\/\/relaxmurau.at\/en\/wp-json\/wp\/v2\/pages\/274"}],"wp:featuredmedia":[{"embeddable":true,"href":"https:\/\/relaxmurau.at\/en\/wp-json\/wp\/v2\/media\/463"}],"wp:attachment":[{"href":"https:\/\/relaxmurau.at\/en\/wp-json\/wp\/v2\/media?parent=1236"}],"curies":[{"name":"wp","href":"https:\/\/api.w.org\/{rel}","templated":true}]}}