{"id":2347,"date":"2023-09-15T12:57:30","date_gmt":"2023-09-15T10:57:30","guid":{"rendered":"https:\/\/relaxmurau.at\/?page_id=2347"},"modified":"2026-01-12T18:03:41","modified_gmt":"2026-01-12T17:03:41","slug":"erlebnisse-im-schnee","status":"publish","type":"page","link":"https:\/\/relaxmurau.at\/de\/ajanlataink\/hoval-boritott-elmenyek\/","title":{"rendered":"Erlebnisse im Schnee"},"content":{"rendered":"<div data-elementor-type=\"wp-page\" data-elementor-id=\"2347\" class=\"elementor elementor-2347\" data-elementor-post-type=\"page\">\n\t\t\t\t<div class=\"elementor-element elementor-element-24a4abf e-con-full e-flex e-con e-parent\" data-id=\"24a4abf\" data-element_type=\"container\" data-e-type=\"container\">\n\t\t<div class=\"elementor-element elementor-element-0baca78 e-con-full e-flex e-con e-child\" data-id=\"0baca78\" data-element_type=\"container\" data-e-type=\"container\" data-settings=\"{&quot;background_background&quot;:&quot;classic&quot;}\">\n\t\t\t\t<div class=\"elementor-element elementor-element-671a8c9 elementor-widget elementor-widget-image\" data-id=\"671a8c9\" data-element_type=\"widget\" data-e-type=\"widget\" data-widget_type=\"image.default\">\n\t\t\t\t<div class=\"elementor-widget-container\">\n\t\t\t\t\t\t\t\t\t\t\t\t\t\t\t<img loading=\"lazy\" decoding=\"async\" width=\"800\" height=\"800\" src=\"https:\/\/relaxmurau.at\/wp-content\/uploads\/2023\/09\/sieles.jpg\" class=\"attachment-large size-large wp-image-2297\" alt=\"\" srcset=\"https:\/\/relaxmurau.at\/wp-content\/uploads\/2023\/09\/sieles.jpg 1000w, https:\/\/relaxmurau.at\/wp-content\/uploads\/2023\/09\/sieles-300x300.jpg 300w, https:\/\/relaxmurau.at\/wp-content\/uploads\/2023\/09\/sieles-150x150.jpg 150w, https:\/\/relaxmurau.at\/wp-content\/uploads\/2023\/09\/sieles-768x768.jpg 768w, https:\/\/relaxmurau.at\/wp-content\/uploads\/2023\/09\/sieles-12x12.jpg 12w\" sizes=\"auto, (max-width: 800px) 100vw, 800px\" \/>\t\t\t\t\t\t\t\t\t\t\t\t\t\t\t<\/div>\n\t\t\t\t<\/div>\n\t\t\t\t<\/div>\n\t\t<div class=\"elementor-element elementor-element-31be0cb e-con-full e-flex e-con e-child\" data-id=\"31be0cb\" data-element_type=\"container\" data-e-type=\"container\">\n\t\t\t\t<div class=\"elementor-element elementor-element-e018716 elementor-widget elementor-widget-heading\" data-id=\"e018716\" data-element_type=\"widget\" data-e-type=\"widget\" data-widget_type=\"heading.default\">\n\t\t\t\t<div class=\"elementor-widget-container\">\n\t\t\t\t\t<h2 class=\"elementor-heading-title elementor-size-default\">Erlebnisse im Schnee<\/h2>\t\t\t\t<\/div>\n\t\t\t\t<\/div>\n\t\t\t\t<div class=\"elementor-element elementor-element-2f905ff elementor-widget elementor-widget-text-editor\" data-id=\"2f905ff\" data-element_type=\"widget\" data-e-type=\"widget\" data-widget_type=\"text-editor.default\">\n\t\t\t\t<div class=\"elementor-widget-container\">\n\t\t\t\t\t\t\t\t\t<p><strong>Das Beste aus dem Winter machen!<\/strong><\/p><p><strong><em>10% Rabatt ab 3 N\u00e4chten<\/em><\/strong><\/p><p><strong>G\u00fcltig: 04. Dezember 2025 \u2013 05. April 2026<br \/><\/strong><\/p><p>Unser Sonderangebot enth\u00e4lt folgende Leistungen:<\/p><ul><li>Unterkunft im gew\u00e4hlten Zimmertyp<\/li><li>Fr\u00fchst\u00fccksbuffet<\/li><li>Abendessen im Rahmen der Halbpension mit einer gro\u00dfen Auswahl an Speisen<\/li><\/ul>\t\t\t\t\t\t\t\t<\/div>\n\t\t\t\t<\/div>\n\t\t\t\t<div class=\"elementor-element elementor-element-2928c5c elementor-widget elementor-widget-accordion\" data-id=\"2928c5c\" data-element_type=\"widget\" data-e-type=\"widget\" data-widget_type=\"accordion.default\">\n\t\t\t\t<div class=\"elementor-widget-container\">\n\t\t\t\t\t\t\t<div class=\"elementor-accordion\">\n\t\t\t\t\t\t\t<div class=\"elementor-accordion-item\">\n\t\t\t\t\t<div id=\"elementor-tab-title-4311\" class=\"elementor-tab-title\" data-tab=\"1\" role=\"button\" aria-controls=\"elementor-tab-content-4311\" aria-expanded=\"false\">\n\t\t\t\t\t\t\t\t\t\t\t\t\t<span class=\"elementor-accordion-icon elementor-accordion-icon-left\" aria-hidden=\"true\">\n\t\t\t\t\t\t\t\t\t\t\t\t\t\t\t<span class=\"elementor-accordion-icon-closed\"><i class=\"fas fa-plus\"><\/i><\/span>\n\t\t\t\t\t\t\t\t<span class=\"elementor-accordion-icon-opened\"><i class=\"fas fa-minus\"><\/i><\/span>\n\t\t\t\t\t\t\t\t\t\t\t\t\t\t<\/span>\n\t\t\t\t\t\t\t\t\t\t\t\t<a class=\"elementor-accordion-title\" tabindex=\"0\">Paket zus\u00e4tzlich:<\/a>\n\t\t\t\t\t<\/div>\n\t\t\t\t\t<div id=\"elementor-tab-content-4311\" class=\"elementor-tab-content elementor-clearfix\" data-tab=\"1\" role=\"region\" aria-labelledby=\"elementor-tab-title-4311\"><ul><li><strong>10% Rabatt<\/strong> beim Skiverleih SULI<br \/><em>* A SULI s\u00edk\u00f6lcs\u00f6nz<\/em><em>\u0151 nyitvatart\u00e1sa alkalmazkodik vend\u00e9geink ig\u00e9nyeihez\/ \u00e9rkez\u00e9s\u00e9hez<\/em><\/li><li>- <strong>Im Rahmen der Mayer Skischule<\/strong> keret\u00e9ben <strong>18:00 \u00e9s 19:00 \u00f3ra k\u00f6z\u00f6tt<\/strong> a RELAX lobbyban van lehet\u0151s\u00e9g<strong> Skikurse zu buchen<\/strong> wobei ein Skilehrer pers\u00f6nlich zur Verf\u00fcgung steht.\nDer Skipass kann online \u00fcber die Rezeption bestellt werden.<\/li><li>- <strong>s\u00edb\u00e9rlet online megvehet\u0151 vagy megrendelhet<\/strong><strong>.<\/strong> a recepci\u00f3n kereszt\u00fcl\u00a0<\/li><li>42 km Skipiste direkt neben dem Hotel*<\/li><li>Unbegrenzte Nutzung der Panorama-Wellness-Oase<\/li><li>Kostenloser abschlie\u00dfbarer, beheizter Skiraum. Gegen eine Kaution von 20 EUR.<\/li><li>10% Rabatt beim Skiverleih SULI<\/li><li>Nutzung von Bademantel und Handt\u00fcchern<\/li><li>Kostenloses Parken<\/li><li>Kostenlose Nutzung <span class=\"m_-3275301939071427769SpellE\">Wi<\/span>Fi<\/li><li>Allgemeine Umsatzsteuer<\/li><\/ul><p><i>* A s\u00edp\u00e1lya fel\u00e1r ellen\u00e9ben vehet\u0151 ig\u00e9nybe, a s\u00edb\u00e9rlet a p\u00e1ly\u00e1n vagy online v\u00e1s\u00e1rolhat\u00f3 meg.<\/i><\/p><\/div>\n\t\t\t\t<\/div>\n\t\t\t\t\t\t\t\t<\/div>\n\t\t\t\t\t\t<\/div>\n\t\t\t\t<\/div>\n\t\t<div class=\"elementor-element elementor-element-25565e4 e-con-full e-flex e-con e-child\" data-id=\"25565e4\" data-element_type=\"container\" data-e-type=\"container\">\n\t\t\t\t<div class=\"elementor-element elementor-element-07eb6ed elementor-align-center elementor-widget elementor-widget-button\" data-id=\"07eb6ed\" data-element_type=\"widget\" data-e-type=\"widget\" data-widget_type=\"button.default\">\n\t\t\t\t<div class=\"elementor-widget-container\">\n\t\t\t\t\t\t\t\t\t<div class=\"elementor-button-wrapper\">\n\t\t\t\t\t<a class=\"elementor-button elementor-button-link elementor-size-sm\" href=\"https:\/\/relaxmurau.at\/de\/foglalas\/\">\n\t\t\t\t\t\t<span class=\"elementor-button-content-wrapper\">\n\t\t\t\t\t\t\t\t\t<span class=\"elementor-button-text\">Zimmer Buchen<\/span>\n\t\t\t\t\t<\/span>\n\t\t\t\t\t<\/a>\n\t\t\t\t<\/div>\n\t\t\t\t\t\t\t\t<\/div>\n\t\t\t\t<\/div>\n\t\t\t\t<div class=\"elementor-element elementor-element-9fc5438 elementor-align-left elementor-widget elementor-widget-button\" data-id=\"9fc5438\" data-element_type=\"widget\" data-e-type=\"widget\" data-widget_type=\"button.default\">\n\t\t\t\t<div class=\"elementor-widget-container\">\n\t\t\t\t\t\t\t\t\t<div class=\"elementor-button-wrapper\">\n\t\t\t\t\t<a class=\"elementor-button elementor-button-link elementor-size-sm\" href=\"#elementor-action%3Aaction%3Dpopup%3Aopen%26settings%3DeyJpZCI6IjMwNyIsInRvZ2dsZSI6ZmFsc2V9\">\n\t\t\t\t\t\t<span class=\"elementor-button-content-wrapper\">\n\t\t\t\t\t\t<span class=\"elementor-button-icon\">\n\t\t\t\t<svg xmlns=\"http:\/\/www.w3.org\/2000\/svg\" width=\"16\" height=\"16\" viewbox=\"0 0 16 16\" fill=\"none\"><circle cx=\"8\" cy=\"8\" r=\"6.5\" stroke=\"black\" stroke-opacity=\"0.54\"><\/circle><path d=\"M7 4.93204C7 4.64725 7.09061 4.42071 7.27184 4.25243C7.46602 4.08414 7.71197 4 8.00971 4C8.30744 4 8.54693 4.08414 8.72816 4.25243C8.90939 4.42071 9 4.64725 9 4.93204C9 5.20388 8.90939 5.42395 8.72816 5.59223C8.54693 5.76052 8.30744 5.84466 8.00971 5.84466C7.71197 5.84466 7.46602 5.76052 7.27184 5.59223C7.09061 5.42395 7 5.20388 7 4.93204ZM8.68932 7V12H7.31068V7H8.68932Z\" fill=\"black\" fill-opacity=\"0.54\"><\/path><\/svg>\t\t\t<\/span>\n\t\t\t\t\t\t\t\t\t<span class=\"elementor-button-text\">Buchungsbedingungen<\/span>\n\t\t\t\t\t<\/span>\n\t\t\t\t\t<\/a>\n\t\t\t\t<\/div>\n\t\t\t\t\t\t\t\t<\/div>\n\t\t\t\t<\/div>\n\t\t\t\t<\/div>\n\t\t\t\t<\/div>\n\t\t\t\t<\/div>\n\t\t\t\t<\/div>","protected":false},"excerpt":{"rendered":"<p>Hozd ki a maximumot a t\u00e9lb\u0151l! 10% kedvezm\u00e9nnyel, minimum 3 \u00e9jszak\u00e1t\u00f3l \u00c9rv\u00e9nyes: 2025.12.04 \u2013 2026.04.05. Kedvezm\u00e9nyes aj\u00e1nlatunk az al\u00e1bbi szolg\u00e1ltat\u00e1sokat tartalmazza: Sz\u00e1ll\u00e1s, a kiv\u00e1lasztott szobat\u00edpusban B\u0151s\u00e9ges b\u00fcf\u00e9reggeli F\u00e9lpanzi\u00f3s vacsora sz\u00e9les v\u00e1laszt\u00e9kkal Csomag extra: 10% kedvezm\u00e9ny a SULI s\u00edk\u00f6lcs\u00f6nz\u0151ben* A SULI s\u00edk\u00f6lcs\u00f6nz\u0151 nyitvatart\u00e1sa alkalmazkodik vend\u00e9geink ig\u00e9nyeihez\/ \u00e9rkez\u00e9s\u00e9hez A MAYER S\u00ediskola keret\u00e9ben 18:00 \u00e9s 19:00 \u00f3ra k\u00f6z\u00f6tt [&hellip;]<\/p>\n","protected":false},"author":4,"featured_media":2297,"parent":274,"menu_order":0,"comment_status":"closed","ping_status":"closed","template":"","meta":{"footnotes":""},"class_list":["post-2347","page","type-page","status-publish","has-post-thumbnail","hentry"],"yoast_head":"<!-- This site is optimized with the Yoast SEO plugin v27.4 - https:\/\/yoast.com\/product\/yoast-seo-wordpress\/ -->\n<title>H\u00f3val bor\u00edtott \u00e9lm\u00e9nyek - Relax Resort Kreischberg<\/title>\n<meta name=\"robots\" content=\"index, follow, max-snippet:-1, max-image-preview:large, max-video-preview:-1\" \/>\n<link rel=\"canonical\" href=\"https:\/\/relaxmurau.at\/de\/angebote\/erlebnisse-im-schnee\/\" \/>\n<meta property=\"og:locale\" content=\"de_DE\" \/>\n<meta property=\"og:type\" content=\"article\" \/>\n<meta property=\"og:title\" content=\"H\u00f3val bor\u00edtott \u00e9lm\u00e9nyek - Relax Resort Kreischberg\" \/>\n<meta property=\"og:description\" content=\"Hozd ki a maximumot a t\u00e9lb\u0151l! 10% kedvezm\u00e9nnyel, minimum 3 \u00e9jszak\u00e1t\u00f3l \u00c9rv\u00e9nyes: 2025.12.04 \u2013 2026.04.05. Kedvezm\u00e9nyes aj\u00e1nlatunk az al\u00e1bbi szolg\u00e1ltat\u00e1sokat tartalmazza: Sz\u00e1ll\u00e1s, a kiv\u00e1lasztott szobat\u00edpusban B\u0151s\u00e9ges b\u00fcf\u00e9reggeli F\u00e9lpanzi\u00f3s vacsora sz\u00e9les v\u00e1laszt\u00e9kkal Csomag extra: 10% kedvezm\u00e9ny a SULI s\u00edk\u00f6lcs\u00f6nz\u0151ben* A SULI s\u00edk\u00f6lcs\u00f6nz\u0151 nyitvatart\u00e1sa alkalmazkodik vend\u00e9geink ig\u00e9nyeihez\/ \u00e9rkez\u00e9s\u00e9hez A MAYER S\u00ediskola keret\u00e9ben 18:00 \u00e9s 19:00 \u00f3ra k\u00f6z\u00f6tt [&hellip;]\" \/>\n<meta property=\"og:url\" content=\"https:\/\/relaxmurau.at\/de\/angebote\/erlebnisse-im-schnee\/\" \/>\n<meta property=\"og:site_name\" content=\"Relax Resort Kreischberg\" \/>\n<meta property=\"article:modified_time\" content=\"2026-01-12T17:03:41+00:00\" \/>\n<meta property=\"og:image\" content=\"https:\/\/relaxmurau.at\/wp-content\/uploads\/2023\/09\/sieles.jpg\" \/>\n\t<meta property=\"og:image:width\" content=\"1000\" \/>\n\t<meta property=\"og:image:height\" content=\"1000\" \/>\n\t<meta property=\"og:image:type\" content=\"image\/jpeg\" \/>\n<meta name=\"twitter:card\" content=\"summary_large_image\" \/>\n<meta name=\"twitter:label1\" content=\"Gesch\u00e4tzte Lesezeit\" \/>\n\t<meta name=\"twitter:data1\" content=\"1\u00a0Minute\" \/>\n<script type=\"application\/ld+json\" class=\"yoast-schema-graph\">{\"@context\":\"https:\\\/\\\/schema.org\",\"@graph\":[{\"@type\":\"WebPage\",\"@id\":\"https:\\\/\\\/relaxmurau.at\\\/ajanlataink\\\/hoval-boritott-elmenyek\\\/\",\"url\":\"https:\\\/\\\/relaxmurau.at\\\/ajanlataink\\\/hoval-boritott-elmenyek\\\/\",\"name\":\"H\u00f3val bor\u00edtott \u00e9lm\u00e9nyek - Relax Resort Kreischberg\",\"isPartOf\":{\"@id\":\"https:\\\/\\\/relaxmurau.at\\\/hu\\\/#website\"},\"primaryImageOfPage\":{\"@id\":\"https:\\\/\\\/relaxmurau.at\\\/ajanlataink\\\/hoval-boritott-elmenyek\\\/#primaryimage\"},\"image\":{\"@id\":\"https:\\\/\\\/relaxmurau.at\\\/ajanlataink\\\/hoval-boritott-elmenyek\\\/#primaryimage\"},\"thumbnailUrl\":\"https:\\\/\\\/relaxmurau.at\\\/wp-content\\\/uploads\\\/2023\\\/09\\\/sieles.jpg\",\"datePublished\":\"2023-09-15T10:57:30+00:00\",\"dateModified\":\"2026-01-12T17:03:41+00:00\",\"breadcrumb\":{\"@id\":\"https:\\\/\\\/relaxmurau.at\\\/ajanlataink\\\/hoval-boritott-elmenyek\\\/#breadcrumb\"},\"inLanguage\":\"de\",\"potentialAction\":[{\"@type\":\"ReadAction\",\"target\":[\"https:\\\/\\\/relaxmurau.at\\\/ajanlataink\\\/hoval-boritott-elmenyek\\\/\"]}]},{\"@type\":\"ImageObject\",\"inLanguage\":\"de\",\"@id\":\"https:\\\/\\\/relaxmurau.at\\\/ajanlataink\\\/hoval-boritott-elmenyek\\\/#primaryimage\",\"url\":\"https:\\\/\\\/relaxmurau.at\\\/wp-content\\\/uploads\\\/2023\\\/09\\\/sieles.jpg\",\"contentUrl\":\"https:\\\/\\\/relaxmurau.at\\\/wp-content\\\/uploads\\\/2023\\\/09\\\/sieles.jpg\",\"width\":1000,\"height\":1000},{\"@type\":\"BreadcrumbList\",\"@id\":\"https:\\\/\\\/relaxmurau.at\\\/ajanlataink\\\/hoval-boritott-elmenyek\\\/#breadcrumb\",\"itemListElement\":[{\"@type\":\"ListItem\",\"position\":1,\"name\":\"Kezd\u0151lap\",\"item\":\"https:\\\/\\\/relaxmurau.at\\\/\"},{\"@type\":\"ListItem\",\"position\":2,\"name\":\"Aj\u00e1nlataink\",\"item\":\"https:\\\/\\\/relaxmurau.at\\\/ajanlataink\\\/\"},{\"@type\":\"ListItem\",\"position\":3,\"name\":\"H\u00f3val bor\u00edtott \u00e9lm\u00e9nyek\"}]},{\"@type\":\"WebSite\",\"@id\":\"https:\\\/\\\/relaxmurau.at\\\/hu\\\/#website\",\"url\":\"https:\\\/\\\/relaxmurau.at\\\/hu\\\/\",\"name\":\"Relax Resort Kreischberg\",\"description\":\"Relax Resort Kreischberg\",\"publisher\":{\"@id\":\"https:\\\/\\\/relaxmurau.at\\\/hu\\\/#organization\"},\"potentialAction\":[{\"@type\":\"SearchAction\",\"target\":{\"@type\":\"EntryPoint\",\"urlTemplate\":\"https:\\\/\\\/relaxmurau.at\\\/hu\\\/?s={search_term_string}\"},\"query-input\":{\"@type\":\"PropertyValueSpecification\",\"valueRequired\":true,\"valueName\":\"search_term_string\"}}],\"inLanguage\":\"de\"},{\"@type\":\"Organization\",\"@id\":\"https:\\\/\\\/relaxmurau.at\\\/hu\\\/#organization\",\"name\":\"Relax Resort Kreischberg\",\"url\":\"https:\\\/\\\/relaxmurau.at\\\/hu\\\/\",\"logo\":{\"@type\":\"ImageObject\",\"inLanguage\":\"de\",\"@id\":\"https:\\\/\\\/relaxmurau.at\\\/hu\\\/#\\\/schema\\\/logo\\\/image\\\/\",\"url\":\"https:\\\/\\\/relaxmurau.at\\\/wp-content\\\/uploads\\\/2023\\\/06\\\/relaxmurau-logo-gold.png\",\"contentUrl\":\"https:\\\/\\\/relaxmurau.at\\\/wp-content\\\/uploads\\\/2023\\\/06\\\/relaxmurau-logo-gold.png\",\"width\":298,\"height\":83,\"caption\":\"Relax Resort Kreischberg\"},\"image\":{\"@id\":\"https:\\\/\\\/relaxmurau.at\\\/hu\\\/#\\\/schema\\\/logo\\\/image\\\/\"}}]}<\/script>\n<!-- \/ Yoast SEO plugin. -->","yoast_head_json":{"title":"H\u00f3val bor\u00edtott \u00e9lm\u00e9nyek - Relax Resort Kreischberg","robots":{"index":"index","follow":"follow","max-snippet":"max-snippet:-1","max-image-preview":"max-image-preview:large","max-video-preview":"max-video-preview:-1"},"canonical":"https:\/\/relaxmurau.at\/de\/angebote\/erlebnisse-im-schnee\/","og_locale":"de_DE","og_type":"article","og_title":"H\u00f3val bor\u00edtott \u00e9lm\u00e9nyek - Relax Resort Kreischberg","og_description":"Hozd ki a maximumot a t\u00e9lb\u0151l! 10% kedvezm\u00e9nnyel, minimum 3 \u00e9jszak\u00e1t\u00f3l \u00c9rv\u00e9nyes: 2025.12.04 \u2013 2026.04.05. Kedvezm\u00e9nyes aj\u00e1nlatunk az al\u00e1bbi szolg\u00e1ltat\u00e1sokat tartalmazza: Sz\u00e1ll\u00e1s, a kiv\u00e1lasztott szobat\u00edpusban B\u0151s\u00e9ges b\u00fcf\u00e9reggeli F\u00e9lpanzi\u00f3s vacsora sz\u00e9les v\u00e1laszt\u00e9kkal Csomag extra: 10% kedvezm\u00e9ny a SULI s\u00edk\u00f6lcs\u00f6nz\u0151ben* A SULI s\u00edk\u00f6lcs\u00f6nz\u0151 nyitvatart\u00e1sa alkalmazkodik vend\u00e9geink ig\u00e9nyeihez\/ \u00e9rkez\u00e9s\u00e9hez A MAYER S\u00ediskola keret\u00e9ben 18:00 \u00e9s 19:00 \u00f3ra k\u00f6z\u00f6tt [&hellip;]","og_url":"https:\/\/relaxmurau.at\/de\/angebote\/erlebnisse-im-schnee\/","og_site_name":"Relax Resort Kreischberg","article_modified_time":"2026-01-12T17:03:41+00:00","og_image":[{"width":1000,"height":1000,"url":"https:\/\/relaxmurau.at\/wp-content\/uploads\/2023\/09\/sieles.jpg","type":"image\/jpeg"}],"twitter_card":"summary_large_image","twitter_misc":{"Gesch\u00e4tzte Lesezeit":"1\u00a0Minute"},"schema":{"@context":"https:\/\/schema.org","@graph":[{"@type":"WebPage","@id":"https:\/\/relaxmurau.at\/ajanlataink\/hoval-boritott-elmenyek\/","url":"https:\/\/relaxmurau.at\/ajanlataink\/hoval-boritott-elmenyek\/","name":"H\u00f3val bor\u00edtott \u00e9lm\u00e9nyek - Relax Resort Kreischberg","isPartOf":{"@id":"https:\/\/relaxmurau.at\/hu\/#website"},"primaryImageOfPage":{"@id":"https:\/\/relaxmurau.at\/ajanlataink\/hoval-boritott-elmenyek\/#primaryimage"},"image":{"@id":"https:\/\/relaxmurau.at\/ajanlataink\/hoval-boritott-elmenyek\/#primaryimage"},"thumbnailUrl":"https:\/\/relaxmurau.at\/wp-content\/uploads\/2023\/09\/sieles.jpg","datePublished":"2023-09-15T10:57:30+00:00","dateModified":"2026-01-12T17:03:41+00:00","breadcrumb":{"@id":"https:\/\/relaxmurau.at\/ajanlataink\/hoval-boritott-elmenyek\/#breadcrumb"},"inLanguage":"de","potentialAction":[{"@type":"ReadAction","target":["https:\/\/relaxmurau.at\/ajanlataink\/hoval-boritott-elmenyek\/"]}]},{"@type":"ImageObject","inLanguage":"de","@id":"https:\/\/relaxmurau.at\/ajanlataink\/hoval-boritott-elmenyek\/#primaryimage","url":"https:\/\/relaxmurau.at\/wp-content\/uploads\/2023\/09\/sieles.jpg","contentUrl":"https:\/\/relaxmurau.at\/wp-content\/uploads\/2023\/09\/sieles.jpg","width":1000,"height":1000},{"@type":"BreadcrumbList","@id":"https:\/\/relaxmurau.at\/ajanlataink\/hoval-boritott-elmenyek\/#breadcrumb","itemListElement":[{"@type":"ListItem","position":1,"name":"Kezd\u0151lap","item":"https:\/\/relaxmurau.at\/"},{"@type":"ListItem","position":2,"name":"Aj\u00e1nlataink","item":"https:\/\/relaxmurau.at\/ajanlataink\/"},{"@type":"ListItem","position":3,"name":"H\u00f3val bor\u00edtott \u00e9lm\u00e9nyek"}]},{"@type":"WebSite","@id":"https:\/\/relaxmurau.at\/hu\/#website","url":"https:\/\/relaxmurau.at\/hu\/","name":"Relax Resort Kreischberg","description":"Relax Resort Kreischberg","publisher":{"@id":"https:\/\/relaxmurau.at\/hu\/#organization"},"potentialAction":[{"@type":"SearchAction","target":{"@type":"EntryPoint","urlTemplate":"https:\/\/relaxmurau.at\/hu\/?s={search_term_string}"},"query-input":{"@type":"PropertyValueSpecification","valueRequired":true,"valueName":"search_term_string"}}],"inLanguage":"de"},{"@type":"Organization","@id":"https:\/\/relaxmurau.at\/hu\/#organization","name":"Relax Resort Kreischberg","url":"https:\/\/relaxmurau.at\/hu\/","logo":{"@type":"ImageObject","inLanguage":"de","@id":"https:\/\/relaxmurau.at\/hu\/#\/schema\/logo\/image\/","url":"https:\/\/relaxmurau.at\/wp-content\/uploads\/2023\/06\/relaxmurau-logo-gold.png","contentUrl":"https:\/\/relaxmurau.at\/wp-content\/uploads\/2023\/06\/relaxmurau-logo-gold.png","width":298,"height":83,"caption":"Relax Resort Kreischberg"},"image":{"@id":"https:\/\/relaxmurau.at\/hu\/#\/schema\/logo\/image\/"}}]}},"_links":{"self":[{"href":"https:\/\/relaxmurau.at\/de\/wp-json\/wp\/v2\/pages\/2347","targetHints":{"allow":["GET"]}}],"collection":[{"href":"https:\/\/relaxmurau.at\/de\/wp-json\/wp\/v2\/pages"}],"about":[{"href":"https:\/\/relaxmurau.at\/de\/wp-json\/wp\/v2\/types\/page"}],"author":[{"embeddable":true,"href":"https:\/\/relaxmurau.at\/de\/wp-json\/wp\/v2\/users\/4"}],"replies":[{"embeddable":true,"href":"https:\/\/relaxmurau.at\/de\/wp-json\/wp\/v2\/comments?post=2347"}],"version-history":[{"count":20,"href":"https:\/\/relaxmurau.at\/de\/wp-json\/wp\/v2\/pages\/2347\/revisions"}],"predecessor-version":[{"id":3661,"href":"https:\/\/relaxmurau.at\/de\/wp-json\/wp\/v2\/pages\/2347\/revisions\/3661"}],"up":[{"embeddable":true,"href":"https:\/\/relaxmurau.at\/de\/wp-json\/wp\/v2\/pages\/274"}],"wp:featuredmedia":[{"embeddable":true,"href":"https:\/\/relaxmurau.at\/de\/wp-json\/wp\/v2\/media\/2297"}],"wp:attachment":[{"href":"https:\/\/relaxmurau.at\/de\/wp-json\/wp\/v2\/media?parent=2347"}],"curies":[{"name":"wp","href":"https:\/\/api.w.org\/{rel}","templated":true}]}}